{"id":75247,"date":"2021-10-06T09:43:05","date_gmt":"2021-10-06T07:43:05","guid":{"rendered":"https:\/\/www.dogpride.nl\/?post_type=product&#038;p=75247"},"modified":"2021-12-22T16:24:25","modified_gmt":"2021-12-22T15:24:25","slug":"titan-k9-snijbestendige-handschoenen-met-p5s-lamp","status":"publish","type":"product","link":"https:\/\/dogpride.nl\/fr\/titan-k9-snijbestendige-handschoenen-met-p5s-lamp\/","title":{"rendered":"Gants r\u00e9sistants aux coupures Titan-K9 avec lampe P5S"},"content":{"rendered":"<h4>Gants r\u00e9sistants aux coupures Titan-K9 avec lampe P5S<\/h4>\n<p><span class=\"\">Gants r\u00e9sistants aux coupures Titan-K9 avec lampe P5S. Les gants r\u00e9sistants aux coupures Titan K9 sont sp\u00e9cialement con\u00e7us pour les unit\u00e9s kynotechniques.<\/span><\/p>\n<p>Renfort sur la paume pour \u00e9viter d&#039;ab\u00eemer le gant avec les frottements de la sangle ou du cordon.<br \/>\nLa protection coupure \u00e0 base de Kevlar est de niveau 5, \u00e9clairage mains libres gr\u00e2ce \u00e0 la lampe mont\u00e9e sur rail picatiny.<\/p>\n<p>Avantage :<\/p>\n<ul>\n<li><span class=\"goog-text-highlight\">Mains libres <\/span><span class=\"goog-text-highlight\">relief<\/span><\/li>\n<li><span class=\"goog-text-highlight\">R\u00e9sistance aux coupures de niveau 5<\/span><\/li>\n<li><span class=\"goog-text-highlight\">Mat\u00e9riaux tr\u00e8s r\u00e9sistants<\/span><\/li>\n<li><span class=\"goog-text-highlight\">Dext\u00e9rit\u00e9 optimale<\/span><\/li>\n<li><span class=\"goog-text-highlight\">Protection efficace contre les chocs et les coupures<\/span><\/li>\n<li><span class=\"goog-text-highlight\">Respirant<\/span><\/li>\n<li><span class=\"goog-text-highlight\">Mode d&#039;\u00e9clairage fixe ou stroboscopique<\/span><\/li>\n<li><span class=\"goog-text-highlight\">Possibilit\u00e9 de porter la lampe en gant droit ou gauche<\/span><\/li>\n<\/ul>","protected":false},"excerpt":{"rendered":"<p>Gants anti-coupure Titan K9 avec lampe P5S. La protection contre les coupures \u00e0 base de Kevlar est de niveau 5, \u00e9clairage mains libres.<\/p>","protected":false},"featured_media":75248,"template":"","meta":[],"product_brand":[],"product_cat":[2911],"product_tag":[],"class_list":{"0":"post-75247","1":"product","2":"type-product","3":"status-publish","4":"has-post-thumbnail","6":"product_cat-pbm","8":"first","9":"instock","10":"taxable","11":"shipping-taxable","12":"purchasable","13":"product-type-variable"},"mb":[],"mfb_rest_fields":["title"],"_links":{"self":[{"href":"https:\/\/dogpride.nl\/fr\/wp-json\/wp\/v2\/product\/75247","targetHints":{"allow":["GET"]}}],"collection":[{"href":"https:\/\/dogpride.nl\/fr\/wp-json\/wp\/v2\/product"}],"about":[{"href":"https:\/\/dogpride.nl\/fr\/wp-json\/wp\/v2\/types\/product"}],"wp:featuredmedia":[{"embeddable":true,"href":"https:\/\/dogpride.nl\/fr\/wp-json\/wp\/v2\/media\/75248"}],"wp:attachment":[{"href":"https:\/\/dogpride.nl\/fr\/wp-json\/wp\/v2\/media?parent=75247"}],"wp:term":[{"taxonomy":"product_brand","embeddable":true,"href":"https:\/\/dogpride.nl\/fr\/wp-json\/wp\/v2\/product_brand?post=75247"},{"taxonomy":"product_cat","embeddable":true,"href":"https:\/\/dogpride.nl\/fr\/wp-json\/wp\/v2\/product_cat?post=75247"},{"taxonomy":"product_tag","embeddable":true,"href":"https:\/\/dogpride.nl\/fr\/wp-json\/wp\/v2\/product_tag?post=75247"}],"curies":[{"name":"wp","href":"https:\/\/api.w.org\/{rel}","templated":true}]}}