{"id":75236,"date":"2021-10-06T09:25:54","date_gmt":"2021-10-06T07:25:54","guid":{"rendered":"https:\/\/www.dogpride.nl\/?post_type=product&#038;p=75236"},"modified":"2021-12-22T16:28:21","modified_gmt":"2021-12-22T15:28:21","slug":"titan-k9-snijbestendige-handschoenen-met-p3p-lamp","status":"publish","type":"product","link":"https:\/\/dogpride.nl\/fr\/titan-k9-snijbestendige-handschoenen-met-p3p-lamp\/","title":{"rendered":"Gants r\u00e9sistants aux coupures Titan-K9 Lampe P3P"},"content":{"rendered":"<h4>Gants r\u00e9sistants aux coupures Titan-K9 Lampe P3P<\/h4>\n<p>Lampe P3P pour gants r\u00e9sistants aux coupures Titan-K9. Les gants r\u00e9sistants aux coupures Titan K9 sont sp\u00e9cialement con\u00e7us pour les unit\u00e9s kynotechniques.<\/p>\n<p>Renfort sur la paume pour \u00e9viter d&#039;ab\u00eemer le gant avec les frottements de la sangle ou du cordon.<br \/>\nLa protection coupure \u00e0 base de Kevlar est de niveau 5, \u00e9clairage mains libres gr\u00e2ce \u00e0 la lampe mont\u00e9e sur un rail picatiny, t\u00e9l\u00e9commande pour fixer la lampe sur un autre support.<\/p>\n<p><span class=\"goog-text-highlight\">Avantage:\u00a0<\/span><\/p>\n<ul>\n<li><span class=\"goog-text-highlight\">Eclairage mains libres<\/span><\/li>\n<li><span class=\"goog-text-highlight\">Niveau 5 R\u00e9sistance aux coupures<\/span><\/li>\n<li><span class=\"goog-text-highlight\">Les mat\u00e9riaux beaucoup\u00a0<\/span><span class=\"goog-text-highlight\">r\u00e9sistant<\/span><\/li>\n<li><span class=\"goog-text-highlight\">Dext\u00e9rit\u00e9 optimale<\/span><\/li>\n<li><span class=\"goog-text-highlight\">Protection efficace contre les chocs ext\u00e9rieurs<\/span><\/li>\n<li><span class=\"goog-text-highlight\">Respirant<\/span><\/li>\n<li><span class=\"goog-text-highlight\">Mode t\u00e9l\u00e9commande <\/span><span class=\"goog-text-highlight\">ou \u00e9clairage fixe strobscopique<\/span><\/li>\n<li><span class=\"goog-text-highlight\">La lampe peut \u00eatre attach\u00e9e au gant droit ou gauche<\/span><\/li>\n<\/ul>","protected":false},"excerpt":{"rendered":"<p>Gants r\u00e9sistants aux coupures Titan K9 avec lampe P3P. La protection coupure \u00e0 base de Kevlar est de niveau 5, \u00e9clairage mains libres gr\u00e2ce \u00e0 la lampe mont\u00e9e sur rail picatiny.<\/p>","protected":false},"featured_media":75237,"template":"","meta":[],"product_brand":[],"product_cat":[2911],"product_tag":[],"class_list":{"0":"post-75236","1":"product","2":"type-product","3":"status-publish","4":"has-post-thumbnail","6":"product_cat-pbm","8":"first","9":"instock","10":"taxable","11":"shipping-taxable","12":"purchasable","13":"product-type-variable"},"mb":[],"mfb_rest_fields":["title"],"_links":{"self":[{"href":"https:\/\/dogpride.nl\/fr\/wp-json\/wp\/v2\/product\/75236","targetHints":{"allow":["GET"]}}],"collection":[{"href":"https:\/\/dogpride.nl\/fr\/wp-json\/wp\/v2\/product"}],"about":[{"href":"https:\/\/dogpride.nl\/fr\/wp-json\/wp\/v2\/types\/product"}],"wp:featuredmedia":[{"embeddable":true,"href":"https:\/\/dogpride.nl\/fr\/wp-json\/wp\/v2\/media\/75237"}],"wp:attachment":[{"href":"https:\/\/dogpride.nl\/fr\/wp-json\/wp\/v2\/media?parent=75236"}],"wp:term":[{"taxonomy":"product_brand","embeddable":true,"href":"https:\/\/dogpride.nl\/fr\/wp-json\/wp\/v2\/product_brand?post=75236"},{"taxonomy":"product_cat","embeddable":true,"href":"https:\/\/dogpride.nl\/fr\/wp-json\/wp\/v2\/product_cat?post=75236"},{"taxonomy":"product_tag","embeddable":true,"href":"https:\/\/dogpride.nl\/fr\/wp-json\/wp\/v2\/product_tag?post=75236"}],"curies":[{"name":"wp","href":"https:\/\/api.w.org\/{rel}","templated":true}]}}