{"id":75202,"date":"2021-10-05T12:06:34","date_gmt":"2021-10-05T10:06:34","guid":{"rendered":"https:\/\/www.dogpride.nl\/?post_type=product&#038;p=75202"},"modified":"2025-11-16T09:13:32","modified_gmt":"2025-11-16T08:13:32","slug":"dogs4me-dogsport-vest-lara-capouchon","status":"publish","type":"product","link":"https:\/\/dogpride.nl\/fr\/dogs4me-dogsport-vest-lara-capouchon\/","title":{"rendered":"DOGS4ME Gilet Dogsport LARA-Capuche"},"content":{"rendered":"<h4>DOGS4ME Gilet Dogsport LARA-Capuche<\/h4>\n<p>DOGS4ME Gilet Dogsport LARA-Capuche<\/p>\n<ul>\n<li>Gilet d&#039;entra\u00eenement de couleur UNI sur le c\u00f4t\u00e9 et garniture autour des poches et fermeture \u00e9clair avec capuche.<\/li>\n<li>Mat\u00e9riau sup\u00e9rieur 100% PES.<\/li>\n<li>Doublure pleine longueur partiellement \u00e9tanche 100% PES<\/li>\n<li>Deux poches spacieuses \u00e0 l&#039;arri\u00e8re et \u00e0 l&#039;avant - possibilit\u00e9 de coudre une poche spacieuse \u00e0 l&#039;arri\u00e8re si command\u00e9<\/li>\n<li>2 poches zipp\u00e9es sur le dessus - porte-cl\u00e9s mobile sur le c\u00f4t\u00e9 pour tenir la laisse ou le sac de friandises<\/li>\n<li>Fermeture \u00e9clair YKK<\/li>\n<\/ul>\n<p>Disponible dans les couleurs : Rouge, Orange, Gris, Bleu et Vert<\/p>\n<p>Tailles : XS-XXL<\/p>\n<p><strong>Ce gilet a une fermeture \u00e9clair normale en standard. Le d\u00e9lai de livraison pour un cardigan avec fermeture \u00e9clair \u00e0 double sens est de \u00b1 2-3 semaines.<\/strong><\/p>\n<p><a href=\"https:\/\/dogpride.nl\/fr\/kleding\/trainingsvesten\/dogs4me-trainingsvesten\/\"><img loading=\"lazy\" decoding=\"async\" class=\"alignnone\" title=\"DOGS4ME Gilet Dogsport LARA-Capuche\" src=\"https:\/\/dogpride.nl\/wp-content\/uploads\/dogsport-vest-lara-hooded.jpg\" alt=\"DOGS4ME Dogsport Vest LARA-Capouchon\" width=\"264\" height=\"314\" \/><\/a><\/p>\n<p><a href=\"https:\/\/d4m.eu\/en\/\" target=\"_blank\" rel=\"noopener\"><img loading=\"lazy\" decoding=\"async\" class=\"alignnone wp-image-75216 size-medium\" src=\"https:\/\/dogpride.nl\/wp-content\/uploads\/logo-d4m-zelene-2-300x188.png\" alt=\"\" width=\"300\" height=\"188\" srcset=\"https:\/\/dogpride.nl\/wp-content\/uploads\/logo-d4m-zelene-2-300x188.png 300w, https:\/\/dogpride.nl\/wp-content\/uploads\/logo-d4m-zelene-2-250x156.png 250w, https:\/\/dogpride.nl\/wp-content\/uploads\/logo-d4m-zelene-2-400x250.png 400w, https:\/\/dogpride.nl\/wp-content\/uploads\/logo-d4m-zelene-2-1024x640.png 1024w, https:\/\/dogpride.nl\/wp-content\/uploads\/logo-d4m-zelene-2-768x480.png 768w, https:\/\/dogpride.nl\/wp-content\/uploads\/logo-d4m-zelene-2-1536x960.png 1536w, https:\/\/dogpride.nl\/wp-content\/uploads\/logo-d4m-zelene-2-320x202.png 320w, https:\/\/dogpride.nl\/wp-content\/uploads\/logo-d4m-zelene-2-700x441.png 700w, https:\/\/dogpride.nl\/wp-content\/uploads\/logo-d4m-zelene-2-200x125.png 200w, https:\/\/dogpride.nl\/wp-content\/uploads\/logo-d4m-zelene-2-600x375.png 600w, https:\/\/dogpride.nl\/wp-content\/uploads\/logo-d4m-zelene-2-800x500.png 800w, https:\/\/dogpride.nl\/wp-content\/uploads\/logo-d4m-zelene-2-1200x750.png 1200w, https:\/\/dogpride.nl\/wp-content\/uploads\/logo-d4m-zelene-2.png 1680w\" sizes=\"auto, (max-width: 300px) 100vw, 300px\" \/><\/a><\/p>","protected":false},"excerpt":{"rendered":"<p>DOGS4ME DogsportVest LARA Capuche. Gilet d&#039;entra\u00eenement de couleur UNI sur le c\u00f4t\u00e9 et garniture autour des poches et fermeture \u00e9clair avec capuche.<\/p>","protected":false},"featured_media":75203,"template":"","meta":[],"product_brand":[],"product_cat":[3872],"product_tag":[],"class_list":{"0":"post-75202","1":"product","2":"type-product","3":"status-publish","4":"has-post-thumbnail","6":"product_cat-dogs4me-trainingsvesten","8":"first","9":"instock","10":"taxable","11":"shipping-taxable","12":"purchasable","13":"product-type-variable"},"mb":[],"mfb_rest_fields":["title"],"_links":{"self":[{"href":"https:\/\/dogpride.nl\/fr\/wp-json\/wp\/v2\/product\/75202","targetHints":{"allow":["GET"]}}],"collection":[{"href":"https:\/\/dogpride.nl\/fr\/wp-json\/wp\/v2\/product"}],"about":[{"href":"https:\/\/dogpride.nl\/fr\/wp-json\/wp\/v2\/types\/product"}],"wp:featuredmedia":[{"embeddable":true,"href":"https:\/\/dogpride.nl\/fr\/wp-json\/wp\/v2\/media\/75203"}],"wp:attachment":[{"href":"https:\/\/dogpride.nl\/fr\/wp-json\/wp\/v2\/media?parent=75202"}],"wp:term":[{"taxonomy":"product_brand","embeddable":true,"href":"https:\/\/dogpride.nl\/fr\/wp-json\/wp\/v2\/product_brand?post=75202"},{"taxonomy":"product_cat","embeddable":true,"href":"https:\/\/dogpride.nl\/fr\/wp-json\/wp\/v2\/product_cat?post=75202"},{"taxonomy":"product_tag","embeddable":true,"href":"https:\/\/dogpride.nl\/fr\/wp-json\/wp\/v2\/product_tag?post=75202"}],"curies":[{"name":"wp","href":"https:\/\/api.w.org\/{rel}","templated":true}]}}