{"id":75104,"date":"2021-09-30T11:34:38","date_gmt":"2021-09-30T09:34:38","guid":{"rendered":"https:\/\/dogpride1.wpengine.com\/?post_type=product&#038;p=75104"},"modified":"2026-03-19T09:55:29","modified_gmt":"2026-03-19T08:55:29","slug":"hondenmand-stoer-van-steigerbuis","status":"publish","type":"product","link":"https:\/\/dogpride.nl\/fr\/hondenmand-stoer-van-steigerbuis\/","title":{"rendered":"Panier pour chien Tough de Steigerbuis"},"content":{"rendered":"<h4>Panier pour chien Tough de Steigerbuis<\/h4>\n<p>Panier pour chien Tough de Steigerbuis<\/p>\n<p>Le lit pour chien difficile\u00a0! Le tube d&#039;\u00e9chafaudage est compos\u00e9 d&#039;un tube d&#039;\u00e9chafaudage. Pour le chien coriace !<\/p>\n<p><a href=\"https:\/\/dogpride.nl\/fr\/\"><img loading=\"lazy\" decoding=\"async\" class=\"alignnone\" title=\"Panier pour chien Tough de Steigerbuis\" src=\"https:\/\/dogpride.nl\/wp-content\/uploads\/houtat_foto_dieren_dogpride-1-1-150x150.jpg\" alt=\"Hondenmand Stoer van Steigerbuis\" width=\"150\" height=\"150\" \/><\/a><\/p>\n<p><strong>Lit pour chien \/ lit pour chien en tube d&#039;\u00e9chafaudage, look industriel !<\/strong><br \/>\nQualit\u00e9 robuste, tient fermement sur ses pieds.<\/p>\n<p><strong>Dimensions:<br \/>\n<\/strong>Standard disponible en diff\u00e9rentes tailles, pour petits et grands chiens.<br \/>\nLa taille est la taille ext\u00e9rieure. La taille int\u00e9rieure est d&#039;environ 8 cm plus petite.<br \/>\nDe plus, ce panier convient \u00e9galement aux chats.<\/p>\n<ul>\n<li><strong>ASTUCE:<\/strong>\u00a0Si votre taille n&#039;est pas incluse, ce panier peut \u00e9galement \u00eatre command\u00e9 comme vous le souhaitez si n\u00e9cessaire.<\/li>\n<\/ul>\n<p>Cliquez ici pour un coussin assorti<\/p>\n<p><a href=\"https:\/\/nl.wikipedia.org\/wiki\/Hoofdpagina\" target=\"_blank\" rel=\"noopener\"><img loading=\"lazy\" decoding=\"async\" class=\"alignnone\" src=\"https:\/\/dogpride.nl\/wp-content\/uploads\/houtat_foto_dieren_dogpride-1-1-150x150.jpg\" alt=\"Hondenmand Stoer van Steigerbuis\" width=\"150\" height=\"150\" \/><\/a><\/p>\n<p>&nbsp;<\/p>","protected":false},"excerpt":{"rendered":"<p>Lit pour chien \/ lit pour chien en tube d&#039;\u00e9chafaudage, look industriel ! Standard disponible en diff\u00e9rentes tailles, pour petits et grands chiens. La taille est la taille ext\u00e9rieure. La taille int\u00e9rieure est d&#039;environ 8 cm plus petite.<\/p>","protected":false},"featured_media":75105,"template":"","meta":[],"product_brand":[],"product_cat":[5244],"product_tag":[3348,5246,5245],"class_list":{"0":"post-75104","1":"product","2":"type-product","3":"status-publish","4":"has-post-thumbnail","6":"product_cat-hout-art-hondenmanden","7":"product_tag-hondenmand","8":"product_tag-steigerbuis","9":"product_tag-stoer","10":"product_shipping_class-bijzondere-verzending","12":"first","13":"instock","14":"taxable","15":"shipping-taxable","16":"purchasable","17":"product-type-variable"},"mb":[],"mfb_rest_fields":["title"],"_links":{"self":[{"href":"https:\/\/dogpride.nl\/fr\/wp-json\/wp\/v2\/product\/75104","targetHints":{"allow":["GET"]}}],"collection":[{"href":"https:\/\/dogpride.nl\/fr\/wp-json\/wp\/v2\/product"}],"about":[{"href":"https:\/\/dogpride.nl\/fr\/wp-json\/wp\/v2\/types\/product"}],"wp:featuredmedia":[{"embeddable":true,"href":"https:\/\/dogpride.nl\/fr\/wp-json\/wp\/v2\/media\/75105"}],"wp:attachment":[{"href":"https:\/\/dogpride.nl\/fr\/wp-json\/wp\/v2\/media?parent=75104"}],"wp:term":[{"taxonomy":"product_brand","embeddable":true,"href":"https:\/\/dogpride.nl\/fr\/wp-json\/wp\/v2\/product_brand?post=75104"},{"taxonomy":"product_cat","embeddable":true,"href":"https:\/\/dogpride.nl\/fr\/wp-json\/wp\/v2\/product_cat?post=75104"},{"taxonomy":"product_tag","embeddable":true,"href":"https:\/\/dogpride.nl\/fr\/wp-json\/wp\/v2\/product_tag?post=75104"}],"curies":[{"name":"wp","href":"https:\/\/api.w.org\/{rel}","templated":true}]}}