{"id":75092,"date":"2021-09-30T10:02:22","date_gmt":"2021-09-30T08:02:22","guid":{"rendered":"https:\/\/dogpride1.wpengine.com\/?post_type=product&#038;p=75092"},"modified":"2026-03-19T09:56:09","modified_gmt":"2026-03-19T08:56:09","slug":"hondenmand-stoer-zwarte-steigerbuis","status":"publish","type":"product","link":"https:\/\/dogpride.nl\/fr\/hondenmand-stoer-zwarte-steigerbuis\/","title":{"rendered":"Lit pour chien Tough noir Steigertube"},"content":{"rendered":"<h4>Lit pour chien Tough noir Steigertube<\/h4>\n<p>Le tube d&#039;\u00e9chafaudage noir Dog Bed Tough est compos\u00e9 d&#039;un tube d&#039;\u00e9chafaudage noir. Pour le chien coriace !<\/p>\n<p><a href=\"https:\/\/dogpride.nl\/fr\/\"><img loading=\"lazy\" decoding=\"async\" class=\"alignnone\" title=\"Lit pour chien Tough noir Steigertube\" src=\"https:\/\/dogpride.nl\/wp-content\/uploads\/Zwarte-buis-2-150x150.jpg\" alt=\"Hondenmand Stoer zwarte Steigerbuis\" width=\"150\" height=\"150\" \/><\/a><\/p>\n<p><strong>Panier pour chien\/lit pour chien en tube d&#039;\u00e9chafaudage, look tendance en noir !<\/strong><br \/>\nQualit\u00e9 robuste, tient fermement sur ses pieds.<\/p>\n<p><strong>Dimensions:<br \/>\n<\/strong>Standard disponible en diff\u00e9rentes tailles, pour petits et grands chiens.<br \/>\nLa taille est la taille ext\u00e9rieure. La taille int\u00e9rieure est d&#039;environ 8 cm plus petite.<br \/>\nDe plus, ce panier convient \u00e9galement aux chats.<\/p>\n<p><a href=\"https:\/\/nl.wikipedia.org\/wiki\/Hoofdpagina\" target=\"_blank\" rel=\"noopener\"><img loading=\"lazy\" decoding=\"async\" class=\"alignnone\" title=\"Lit pour chien Tough noir Steigertube\" src=\"https:\/\/dogpride.nl\/wp-content\/uploads\/Zwarte-buis-2-150x150.jpg\" alt=\"Hondenmand Stoer zwarte Steigerbuis\" width=\"150\" height=\"150\" \/><\/a><\/p>\n<ul>\n<li><strong>ASTUCE:<\/strong>\u00a0Si votre taille n&#039;est pas incluse, ce panier peut \u00e9galement \u00eatre command\u00e9 comme vous le souhaitez si n\u00e9cessaire.<\/li>\n<\/ul>\n<p><a href=\"https:\/\/dogpride.nl\/fr\/produit\/hondenkussens-passend-bij-houtart-hondenmanden\/\">Cliquez ici pour un coussin assorti<\/a><\/p>\n<p>&nbsp;<\/p>","protected":false},"excerpt":{"rendered":"<p>Ce lit pour chien est fait de tube Steiger noir. Standard disponible en diff\u00e9rentes tailles, pour petits et grands chiens. Qualit\u00e9 robuste, tient fermement sur ses pieds.<\/p>","protected":false},"featured_media":75093,"template":"","meta":[],"product_brand":[],"product_cat":[5244],"product_tag":[3348,5245,5254],"class_list":{"0":"post-75092","1":"product","2":"type-product","3":"status-publish","4":"has-post-thumbnail","6":"product_cat-hout-art-hondenmanden","7":"product_tag-hondenmand","8":"product_tag-stoer","9":"product_tag-zwarte-steigerbuis","10":"product_shipping_class-bijzondere-verzending","12":"first","13":"instock","14":"taxable","15":"shipping-taxable","16":"purchasable","17":"product-type-variable"},"mb":[],"mfb_rest_fields":["title"],"_links":{"self":[{"href":"https:\/\/dogpride.nl\/fr\/wp-json\/wp\/v2\/product\/75092","targetHints":{"allow":["GET"]}}],"collection":[{"href":"https:\/\/dogpride.nl\/fr\/wp-json\/wp\/v2\/product"}],"about":[{"href":"https:\/\/dogpride.nl\/fr\/wp-json\/wp\/v2\/types\/product"}],"wp:featuredmedia":[{"embeddable":true,"href":"https:\/\/dogpride.nl\/fr\/wp-json\/wp\/v2\/media\/75093"}],"wp:attachment":[{"href":"https:\/\/dogpride.nl\/fr\/wp-json\/wp\/v2\/media?parent=75092"}],"wp:term":[{"taxonomy":"product_brand","embeddable":true,"href":"https:\/\/dogpride.nl\/fr\/wp-json\/wp\/v2\/product_brand?post=75092"},{"taxonomy":"product_cat","embeddable":true,"href":"https:\/\/dogpride.nl\/fr\/wp-json\/wp\/v2\/product_cat?post=75092"},{"taxonomy":"product_tag","embeddable":true,"href":"https:\/\/dogpride.nl\/fr\/wp-json\/wp\/v2\/product_tag?post=75092"}],"curies":[{"name":"wp","href":"https:\/\/api.w.org\/{rel}","templated":true}]}}