{"id":75083,"date":"2021-09-30T09:13:01","date_gmt":"2021-09-30T07:13:01","guid":{"rendered":"https:\/\/dogpride1.wpengine.com\/?post_type=product&#038;p=75083"},"modified":"2026-03-19T09:56:50","modified_gmt":"2026-03-19T08:56:50","slug":"hondenmand-stoer-extra-steigerbuis","status":"publish","type":"product","link":"https:\/\/dogpride.nl\/fr\/hondenmand-stoer-extra-steigerbuis\/","title":{"rendered":"Panier pour chien Stoer Extra tube d&#039;\u00e9chafaudage"},"content":{"rendered":"<h4>Panier pour chien Stoer Extra tube d&#039;\u00e9chafaudage<\/h4>\n<p>Le tube d&#039;\u00e9chafaudage Dog Basket Stoer Extra est un panier en tube d&#039;\u00e9chafaudage, pour le chien coriace !<br \/>\nAvec un bord suppl\u00e9mentaire tout autour pour que vous obteniez un canap\u00e9-lit et que l&#039;oreiller reste mieux en place.<\/p>\n<p><a href=\"https:\/\/dogpride.nl\/fr\/\"><img loading=\"lazy\" decoding=\"async\" class=\"alignnone\" title=\"Panier pour chien Stoer Extra tube d&#039;\u00e9chafaudage\" src=\"https:\/\/dogpride.nl\/wp-content\/uploads\/Buisframe.jpg\" alt=\"Hondenmand Stoer Extra steigerbuis\" width=\"234\" height=\"123\" \/><\/a><\/p>\n<p><strong>Panier pour chien \/ lit pour chien en tube d&#039;\u00e9chafaudage, look industriel gr\u00e2ce au tube galvanis\u00e9 !<\/strong><br \/>\nQualit\u00e9 robuste, tient fermement sur ses pieds.<\/p>\n<p><strong>Dimensions:<br \/>\n<\/strong>Standard disponible en diff\u00e9rentes tailles, pour petits et grands chiens.<br \/>\nLa taille est la taille ext\u00e9rieure. La taille int\u00e9rieure est d&#039;environ 8 cm plus petite.<br \/>\nDe plus, ce panier convient \u00e9galement aux chats.<\/p>\n<p><a href=\"https:\/\/nl.wikipedia.org\/wiki\/Hoofdpagina\" target=\"_blank\" rel=\"noopener\"><img loading=\"lazy\" decoding=\"async\" class=\"alignnone\" src=\"https:\/\/dogpride.nl\/wp-content\/uploads\/Buisframe.jpg\" alt=\"\" width=\"234\" height=\"123\" \/><\/a><\/p>\n<ul>\n<li><strong>ASTUCE:<\/strong>\u00a0Si votre taille n&#039;est pas incluse, ce panier peut \u00e9galement \u00eatre command\u00e9 comme vous le souhaitez si n\u00e9cessaire.<\/li>\n<\/ul>\n<p><a href=\"https:\/\/dogpride.nl\/fr\/produit\/hondenkussens-passend-bij-houtart-hondenmanden\/\">Cliquez ici pour un coussin assorti<\/a><\/p>\n<p>&nbsp;<\/p>","protected":false},"excerpt":{"rendered":"<p>Panier pour chien \/ lit pour chien en tube d&#039;\u00e9chafaudage, look industriel gr\u00e2ce au tube galvanis\u00e9 ! Avec un bord suppl\u00e9mentaire tout autour pour que vous obteniez un canap\u00e9-lit et que l&#039;oreiller reste mieux en place. Coussin assorti disponible.<\/p>","protected":false},"featured_media":75084,"template":"","meta":[],"product_brand":[],"product_cat":[5244],"product_tag":[5253,3348,5246,5245],"class_list":{"0":"post-75083","1":"product","2":"type-product","3":"status-publish","4":"has-post-thumbnail","6":"product_cat-hout-art-hondenmanden","7":"product_tag-extra","8":"product_tag-hondenmand","9":"product_tag-steigerbuis","10":"product_tag-stoer","11":"product_shipping_class-bijzondere-verzending","13":"first","14":"instock","15":"taxable","16":"shipping-taxable","17":"purchasable","18":"product-type-variable"},"mb":[],"mfb_rest_fields":["title"],"_links":{"self":[{"href":"https:\/\/dogpride.nl\/fr\/wp-json\/wp\/v2\/product\/75083","targetHints":{"allow":["GET"]}}],"collection":[{"href":"https:\/\/dogpride.nl\/fr\/wp-json\/wp\/v2\/product"}],"about":[{"href":"https:\/\/dogpride.nl\/fr\/wp-json\/wp\/v2\/types\/product"}],"wp:featuredmedia":[{"embeddable":true,"href":"https:\/\/dogpride.nl\/fr\/wp-json\/wp\/v2\/media\/75084"}],"wp:attachment":[{"href":"https:\/\/dogpride.nl\/fr\/wp-json\/wp\/v2\/media?parent=75083"}],"wp:term":[{"taxonomy":"product_brand","embeddable":true,"href":"https:\/\/dogpride.nl\/fr\/wp-json\/wp\/v2\/product_brand?post=75083"},{"taxonomy":"product_cat","embeddable":true,"href":"https:\/\/dogpride.nl\/fr\/wp-json\/wp\/v2\/product_cat?post=75083"},{"taxonomy":"product_tag","embeddable":true,"href":"https:\/\/dogpride.nl\/fr\/wp-json\/wp\/v2\/product_tag?post=75083"}],"curies":[{"name":"wp","href":"https:\/\/api.w.org\/{rel}","templated":true}]}}