{"id":75074,"date":"2021-09-30T09:01:24","date_gmt":"2021-09-30T07:01:24","guid":{"rendered":"https:\/\/dogpride1.wpengine.com\/?post_type=product&#038;p=75074"},"modified":"2026-03-19T09:57:39","modified_gmt":"2026-03-19T08:57:39","slug":"hondenmand-stoer-extra-zwarte-steigerbuis","status":"publish","type":"product","link":"https:\/\/dogpride.nl\/fr\/hondenmand-stoer-extra-zwarte-steigerbuis\/","title":{"rendered":"Panier pour chien Stoer Extra tube d&#039;\u00e9chafaudage noir"},"content":{"rendered":"<h4>Panier pour chien Stoer Extra tube d&#039;\u00e9chafaudage noir<\/h4>\n<p>Panier pour chien Stoer Extra tube d&#039;\u00e9chafaudage noir est un panier en tube d&#039;\u00e9chafaudage noir. Pour le chien coriace !<br \/>\nAvec un bord suppl\u00e9mentaire tout autour pour que vous obteniez un canap\u00e9-lit et que l&#039;oreiller reste mieux en place.<\/p>\n<p><a href=\"https:\/\/dogpride.nl\/fr\/\"><img loading=\"lazy\" decoding=\"async\" class=\"alignnone\" title=\"Panier pour chien Stoer Extra tube d&#039;\u00e9chafaudage noir\" src=\"https:\/\/dogpride.nl\/wp-content\/uploads\/houtat_foto_dieren_dogpride-37.jpg\" alt=\"Hondenmand Stoer Extra zwarte-steigerbuis\" width=\"113\" height=\"85\" \/><\/a><\/p>\n<p><strong>Panier pour chien \/ lit pour chien en tube d&#039;\u00e9chafaudage, look tendance en noir !<\/strong><br \/>\nQualit\u00e9 robuste, tient fermement sur ses pieds.<\/p>\n<p><strong>Hauteur:<\/strong> 16cm<\/p>\n<p><strong>Dimensions:<br \/>\n<\/strong>Standard disponible en diff\u00e9rentes tailles, pour petits et grands chiens.<br \/>\nLa taille est la taille ext\u00e9rieure. La taille int\u00e9rieure est d&#039;environ 8 cm plus petite.<br \/>\nDe plus, ce panier convient \u00e9galement aux chats.<\/p>\n<p>Deze mand wordt zonder kussen verkocht. Een kussen kan apart worden bijbesteld.<\/p>\n<p>Regarder <a href=\"https:\/\/dogpride.nl\/fr\/hondenkussen-strak-in-diverse-kleuren\/\">ICI<\/a> voor een bijpassend kussen.<\/p>\n<p><a href=\"https:\/\/nl.wikipedia.org\/wiki\/Hoofdpagina\" target=\"_blank\" rel=\"noopener\"><img loading=\"lazy\" decoding=\"async\" class=\"alignnone\" src=\"https:\/\/dogpride.nl\/wp-content\/uploads\/houtat_foto_dieren_dogpride-37.jpg\" alt=\"\" width=\"113\" height=\"85\" \/><\/a><\/p>\n<ul>\n<li><strong>ASTUCE:<\/strong>\u00a0Si votre taille n&#039;est pas incluse, ce panier peut \u00e9galement \u00eatre command\u00e9 comme vous le souhaitez si n\u00e9cessaire.<\/li>\n<\/ul>\n<p><a href=\"https:\/\/dogpride.nl\/fr\/produit\/hondenkussens-passend-bij-houtart-hondenmanden\/\">Cliquez ici pour un coussin assorti<\/a><\/p>\n<p>&nbsp;<\/p>","protected":false},"excerpt":{"rendered":"<p>Panier pour chien Cool! Tube d&#039;\u00e9chafaudage noir suppl\u00e9mentaire. Lit pour chien en tube d&#039;\u00e9chafaudage noir, pour le chien coriace ! Standard disponible en diff\u00e9rentes tailles, pour petits et grands chiens.<\/p>","protected":false},"featured_media":75075,"template":"","meta":[],"product_brand":[],"product_cat":[5244],"product_tag":[5253,5255,5246,5256],"class_list":{"0":"post-75074","1":"product","2":"type-product","3":"status-publish","4":"has-post-thumbnail","6":"product_cat-hout-art-hondenmanden","7":"product_tag-extra","8":"product_tag-hondenmand-stoer","9":"product_tag-steigerbuis","10":"product_tag-zwarte","11":"product_shipping_class-bijzondere-verzending","13":"first","14":"instock","15":"taxable","16":"shipping-taxable","17":"purchasable","18":"product-type-variable"},"mb":[],"mfb_rest_fields":["title"],"_links":{"self":[{"href":"https:\/\/dogpride.nl\/fr\/wp-json\/wp\/v2\/product\/75074","targetHints":{"allow":["GET"]}}],"collection":[{"href":"https:\/\/dogpride.nl\/fr\/wp-json\/wp\/v2\/product"}],"about":[{"href":"https:\/\/dogpride.nl\/fr\/wp-json\/wp\/v2\/types\/product"}],"wp:featuredmedia":[{"embeddable":true,"href":"https:\/\/dogpride.nl\/fr\/wp-json\/wp\/v2\/media\/75075"}],"wp:attachment":[{"href":"https:\/\/dogpride.nl\/fr\/wp-json\/wp\/v2\/media?parent=75074"}],"wp:term":[{"taxonomy":"product_brand","embeddable":true,"href":"https:\/\/dogpride.nl\/fr\/wp-json\/wp\/v2\/product_brand?post=75074"},{"taxonomy":"product_cat","embeddable":true,"href":"https:\/\/dogpride.nl\/fr\/wp-json\/wp\/v2\/product_cat?post=75074"},{"taxonomy":"product_tag","embeddable":true,"href":"https:\/\/dogpride.nl\/fr\/wp-json\/wp\/v2\/product_tag?post=75074"}],"curies":[{"name":"wp","href":"https:\/\/api.w.org\/{rel}","templated":true}]}}