{"id":75066,"date":"2021-09-29T17:01:49","date_gmt":"2021-09-29T15:01:49","guid":{"rendered":"https:\/\/dogpride1.wpengine.com\/?post_type=product&#038;p=75066"},"modified":"2026-03-19T09:58:29","modified_gmt":"2026-03-19T08:58:29","slug":"hondenmand-indus-stalen-frame","status":"publish","type":"product","link":"https:\/\/dogpride.nl\/fr\/hondenmand-indus-stalen-frame\/","title":{"rendered":"Lit pour chien Indus Cadre en acier"},"content":{"rendered":"<h4>Lit pour chien Indus Cadre en acier<\/h4>\n<p>Lit pour chien Indus Armature en acier. Lit pour chien original avec un cadre en acier, pour le chien coriace !<br \/>\nAvec un bord suppl\u00e9mentaire tout autour pour que vous obteniez un canap\u00e9-lit et que l&#039;oreiller reste mieux en place.<\/p>\n<p><a href=\"https:\/\/dogpride.nl\/fr\/\"><img loading=\"lazy\" decoding=\"async\" class=\"alignnone\" title=\"Lit pour chien Indus Cadre en acier\" src=\"https:\/\/dogpride.nl\/wp-content\/uploads\/Stalen-frame-2.jpg\" alt=\"Hondenmand Indus Stalen frame\" width=\"244\" height=\"148\" \/><\/a><\/p>\n<p><strong>\u00c0 quel point ce lit pour chien en acier est-il cool?<br \/>\n<\/strong><em>Nouveau mod\u00e8le<\/em><\/p>\n<p>Voulez-vous un lit pour chien s\u00e9par\u00e9 et original pour votre animal de compagnie ? Alors c&#039;est quelque chose pour votre chien ou votre chat.<br \/>\nFabriqu\u00e9 avec un cadre en acier dans un tube de 20x20mm ou 25x25mm.<\/p>\n<p>Le cadre en acier est fourni avec une couche de laque transparente en standard.<br \/>\nNous pouvons \u00e9galement les enduire de poudre en noir, blanc et gris agate pour une meilleure durabilit\u00e9.<br \/>\nLa dimension est la dimension ext\u00e9rieure. La taille int\u00e9rieure est, selon la taille du tube, 4 cm ou 5 cm plus petite.<br \/>\nLa plaque inf\u00e9rieure en contreplaqu\u00e9 de 18 mm, robuste pour chaque ami \u00e0 quatre pattes !<\/p>\n<p><a href=\"https:\/\/nl.wikipedia.org\/wiki\/Hoofdpagina\" target=\"_blank\" rel=\"noopener\"><img loading=\"lazy\" decoding=\"async\" class=\"alignnone\" title=\"Lit pour chien Indus Cadre en acier\" src=\"https:\/\/dogpride.nl\/wp-content\/uploads\/Stalen-frame-2.jpg\" alt=\"Hondenmand Indus Stalen frame\" width=\"244\" height=\"148\" \/><\/a><\/p>\n<ul>\n<li><strong>ASTUCE:<\/strong>\u00a0Disponible en diff\u00e9rentes tailles en standard, mais peut \u00e9galement \u00eatre command\u00e9 sur commande si n\u00e9cessaire.<\/li>\n<\/ul>\n<p><a href=\"https:\/\/dogpride.nl\/fr\/produit\/hondenkussens-passend-bij-houtart-hondenmanden\/\">Cliquez ici pour un coussin assorti<\/a><\/p>\n<p>&nbsp;<\/p>","protected":false},"excerpt":{"rendered":"<p>Lit pour chien Indus! Ch\u00e2ssis en acier. Lit pour chien original avec un cadre en acier, pour le chien coriace !<\/p>","protected":false},"featured_media":75067,"template":"","meta":[],"product_brand":[],"product_cat":[5244],"product_tag":[3348,5257,4616],"class_list":{"0":"post-75066","1":"product","2":"type-product","3":"status-publish","4":"has-post-thumbnail","6":"product_cat-hout-art-hondenmanden","7":"product_tag-hondenmand","8":"product_tag-indus","9":"product_tag-stalen-frame","10":"product_shipping_class-bijzondere-verzending","12":"first","13":"instock","14":"taxable","15":"shipping-taxable","16":"purchasable","17":"product-type-variable"},"exclude_global_add_ons":false,"addons":[{"name":"Dimensions du cadre","type":"multiple_choice","position":0,"required":false,"title_format":"label","default":"","description_enable":false,"description":"","placeholder_enable":false,"placeholder":"","display":"select","restrictions_type":"any_text","adjust_price":false,"price":"","price_type":"flat_fee","restrictions":false,"min":"0","max":"0","options":[{"label":"Koker 20 x 20 mm","price":"","price_type":"flat_fee","image":0,"visibility":true},{"label":"Koker 25 x 25 mm","price":"7.5","price_type":"flat_fee","image":0,"visibility":true}],"id":1773914310},{"name":"Th\u00e9rapie","type":"multiple_choice","position":1,"required":false,"title_format":"label","default":"","description_enable":false,"description":"","placeholder_enable":false,"placeholder":"","display":"select","restrictions_type":"any_text","adjust_price":false,"price":"","price_type":"flat_fee","restrictions":false,"min":"0","max":"0","options":[{"label":"Bodemplaat onbehandeld","price":"","price_type":"flat_fee","image":0,"visibility":true},{"label":"Bodemplaat dekkend zwart gebeitst","price":"17.5","price_type":"flat_fee","image":0,"visibility":true}],"id":1773914311},{"name":"Cadres de traitement","type":"multiple_choice","position":2,"required":false,"title_format":"label","default":"","description_enable":false,"description":"","placeholder_enable":false,"placeholder":"","display":"select","restrictions_type":"any_text","adjust_price":false,"price":"","price_type":"flat_fee","restrictions":false,"min":"0","max":"0","options":[{"label":"Blanke lak","price":"","price_type":"flat_fee","image":0,"visibility":true},{"label":"Mat zwart poedercoating","price":"45","price_type":"flat_fee","image":0,"visibility":true},{"label":"Mat witte poedercoating","price":"45","price_type":"flat_fee","image":0,"visibility":true},{"label":"Mat agaatgrijze poedercoating","price":"60","price_type":"flat_fee","image":0,"visibility":true}],"id":1773914312},{"name":"Naam Tag?","type":"multiple_choice","position":0,"required":true,"title_format":"label","default":"","description_enable":false,"description":"","placeholder_enable":false,"placeholder":"","display":"select","restrictions_type":"any_text","adjust_price":false,"price":"","price_type":"flat_fee","restrictions":false,"min":"0","max":"0","options":[{"label":"Nee","price":"","price_type":"quantity_based","image":0,"visibility":true},{"label":"Ja","price":"8.00","price_type":"quantity_based","image":0,"visibility":true}],"id":1773389909},{"name":"Naam Tag tekst","type":"custom_text","position":1,"required":false,"title_format":"label","default":"","description_enable":true,"description":"Voer de naam van je hond in","placeholder_enable":false,"placeholder":"","display":"select","restrictions_type":"any_text","adjust_price":false,"price":"6.00","price_type":"flat_fee","restrictions":false,"min":"0","max":"0","options":[],"id":1773389910},{"name":"Telefoonnummer optioneel onder naam","type":"custom_text","position":2,"required":false,"title_format":"label","default":"","description_enable":true,"description":"Voer je telefoonnummer in","placeholder_enable":false,"placeholder":"","display":"select","restrictions_type":"only_numbers","adjust_price":false,"price":"","price_type":"flat_fee","restrictions":false,"min":"0","max":"0","options":[],"id":1773389911}],"mb":[],"mfb_rest_fields":["title","exclude_global_add_ons","addons"],"_links":{"self":[{"href":"https:\/\/dogpride.nl\/fr\/wp-json\/wp\/v2\/product\/75066","targetHints":{"allow":["GET"]}}],"collection":[{"href":"https:\/\/dogpride.nl\/fr\/wp-json\/wp\/v2\/product"}],"about":[{"href":"https:\/\/dogpride.nl\/fr\/wp-json\/wp\/v2\/types\/product"}],"wp:featuredmedia":[{"embeddable":true,"href":"https:\/\/dogpride.nl\/fr\/wp-json\/wp\/v2\/media\/75067"}],"wp:attachment":[{"href":"https:\/\/dogpride.nl\/fr\/wp-json\/wp\/v2\/media?parent=75066"}],"wp:term":[{"taxonomy":"product_brand","embeddable":true,"href":"https:\/\/dogpride.nl\/fr\/wp-json\/wp\/v2\/product_brand?post=75066"},{"taxonomy":"product_cat","embeddable":true,"href":"https:\/\/dogpride.nl\/fr\/wp-json\/wp\/v2\/product_cat?post=75066"},{"taxonomy":"product_tag","embeddable":true,"href":"https:\/\/dogpride.nl\/fr\/wp-json\/wp\/v2\/product_tag?post=75066"}],"curies":[{"name":"wp","href":"https:\/\/api.w.org\/{rel}","templated":true}]}}