{"id":75058,"date":"2021-09-29T16:44:14","date_gmt":"2021-09-29T14:44:14","guid":{"rendered":"https:\/\/dogpride1.wpengine.com\/?post_type=product&#038;p=75058"},"modified":"2026-03-19T09:59:07","modified_gmt":"2026-03-19T08:59:07","slug":"hondenmand-indus-stalen-frame-xl","status":"publish","type":"product","link":"https:\/\/dogpride.nl\/fr\/hondenmand-indus-stalen-frame-xl\/","title":{"rendered":"Lit pour chien Indus Steel frame-XL"},"content":{"rendered":"<h4>Lit pour chien Indus Steel frame-XL<\/h4>\n<p>Lit pour chien Indus Steel frame-XL. Lit pour chien original avec un cadre en acier, pour le chien coriace !<br \/>\nAvec double bord relev\u00e9 autour du cadre. Cela maintient encore mieux l&#039;oreiller en place.<\/p>\n<p><a href=\"https:\/\/nl.wikipedia.org\/wiki\/Hoofdpagina\" target=\"_blank\" rel=\"noopener\"><img loading=\"lazy\" decoding=\"async\" class=\"alignnone\" title=\"Lit pour chien Indus Steel frame-XL\" src=\"https:\/\/dogpride.nl\/wp-content\/uploads\/houtart_hondenmand_staal_indus_xl_v2_wit300logo.jpg\" alt=\"Hondenmand Indus Stalen frame-XL\" width=\"300\" height=\"300\" \/><\/a><\/p>\n<p><strong>\u00c0 quel point ce lit pour chien en acier est-il cool?<br \/>\n<\/strong><em>Nouveau mod\u00e8le avec bord relev\u00e9<\/em><\/p>\n<p>Wil je voor jouw huisdier een aparte en originele hondenmand? Dan is deze Hondenmand Indus Stalen frame-XL wel iets voor jouw hond.<br \/>\nFabriqu\u00e9 avec un cadre en acier dans un tube de 20x20mm ou 25x25mm.<\/p>\n<p>Le cadre en acier est fourni avec une couche de laque transparente en standard.<br \/>\nNous pouvons \u00e9galement les enduire de poudre en noir, blanc et gris agate pour une meilleure durabilit\u00e9.<br \/>\nLa dimension est la dimension ext\u00e9rieure. La taille int\u00e9rieure est, selon la taille du tube, 4 cm ou 5 cm plus petite.<br \/>\nLa plaque inf\u00e9rieure en contreplaqu\u00e9 de 18 mm, robuste pour chaque ami \u00e0 quatre pattes !<\/p>\n<ul>\n<li><strong>ASTUCE:<\/strong>\u00a0Disponible en diff\u00e9rentes tailles en standard, mais peut \u00e9galement \u00eatre command\u00e9 sur commande si n\u00e9cessaire.<\/li>\n<\/ul>\n<p><a href=\"https:\/\/dogpride.nl\/fr\/\"><img loading=\"lazy\" decoding=\"async\" class=\"alignnone\" title=\"Lit pour chien Indus Steel frame-XL\" src=\"https:\/\/dogpride.nl\/wp-content\/uploads\/houtart_hondenmand_staal_indus_xl_v2_wit300logo.jpg\" alt=\"Hondenmand Indus Stalen frame-XL\" width=\"172\" height=\"172\" \/><\/a><\/p>\n<p><a href=\"https:\/\/dogpride.nl\/fr\/produit\/hondenkussen-strak-in-diverse-kleuren\/\">Cliquez ici pour un coussin assorti<\/a><\/p>\n<p>&nbsp;<\/p>","protected":false},"excerpt":{"rendered":"<p>Lit pour chien Indus! Cadre en acier XL. Avec double bord relev\u00e9 autour du cadre. Cela maintient encore mieux l&#039;oreiller en place.<\/p>","protected":false},"featured_media":101980,"template":"","meta":[],"product_brand":[],"product_cat":[5244],"product_tag":[3348,4616,4619],"class_list":{"0":"post-75058","1":"product","2":"type-product","3":"status-publish","4":"has-post-thumbnail","6":"product_cat-hout-art-hondenmanden","7":"product_tag-hondenmand","8":"product_tag-stalen-frame","9":"product_tag-xl","10":"product_shipping_class-bijzondere-verzending","12":"first","13":"instock","14":"taxable","15":"shipping-taxable","16":"purchasable","17":"product-type-variable"},"mb":[],"mfb_rest_fields":["title"],"_links":{"self":[{"href":"https:\/\/dogpride.nl\/fr\/wp-json\/wp\/v2\/product\/75058","targetHints":{"allow":["GET"]}}],"collection":[{"href":"https:\/\/dogpride.nl\/fr\/wp-json\/wp\/v2\/product"}],"about":[{"href":"https:\/\/dogpride.nl\/fr\/wp-json\/wp\/v2\/types\/product"}],"wp:featuredmedia":[{"embeddable":true,"href":"https:\/\/dogpride.nl\/fr\/wp-json\/wp\/v2\/media\/101980"}],"wp:attachment":[{"href":"https:\/\/dogpride.nl\/fr\/wp-json\/wp\/v2\/media?parent=75058"}],"wp:term":[{"taxonomy":"product_brand","embeddable":true,"href":"https:\/\/dogpride.nl\/fr\/wp-json\/wp\/v2\/product_brand?post=75058"},{"taxonomy":"product_cat","embeddable":true,"href":"https:\/\/dogpride.nl\/fr\/wp-json\/wp\/v2\/product_cat?post=75058"},{"taxonomy":"product_tag","embeddable":true,"href":"https:\/\/dogpride.nl\/fr\/wp-json\/wp\/v2\/product_tag?post=75058"}],"curies":[{"name":"wp","href":"https:\/\/api.w.org\/{rel}","templated":true}]}}