{"id":75055,"date":"2021-09-29T16:19:45","date_gmt":"2021-09-29T14:19:45","guid":{"rendered":"https:\/\/dogpride1.wpengine.com\/?post_type=product&#038;p=75055"},"modified":"2026-03-19T10:00:48","modified_gmt":"2026-03-19T09:00:48","slug":"mand-olievat-liggend","status":"publish","type":"product","link":"https:\/\/dogpride.nl\/fr\/mand-olievat-liggend\/","title":{"rendered":"Baril de p\u00e9trole panier couch\u00e9"},"content":{"rendered":"<h4>Baril de p\u00e9trole panier couch\u00e9<\/h4>\n<p>Stoere hondenmand, gemaakt van een olievat, gespoten in blanke lak.<\/p>\n<p>Donnez-vous aussi \u00e0 votre chien un panier aussi cool\u00a0?\u00a0!<strong><br \/>\n<\/strong><\/p>\n<p><a href=\"https:\/\/dogpride.nl\/fr\/\"><img loading=\"lazy\" decoding=\"async\" class=\"alignnone\" title=\"Baril de p\u00e9trole panier couch\u00e9\" src=\"https:\/\/dogpride.nl\/wp-content\/uploads\/olievat.jpg\" alt=\"Mand olievat liggend\" width=\"231\" height=\"146\" \/><\/a><\/p>\n<p>Fabriqu\u00e9 \u00e0 partir d&#039;un grand bidon d&#039;huile de 200 litres, pulv\u00e9ris\u00e9 en couche transparente.<br \/>\nLes bords sont prot\u00e9g\u00e9s par un bord en caoutchouc. De cette fa\u00e7on, le panier est s\u00fbr \u00e0 utiliser.<br \/>\nAdapt\u00e9 \u00e0 un chien de petite \u00e0 moyenne taille, ce panier convient \u00e9galement aux chats.<\/p>\n<p><a href=\"https:\/\/nl.wikipedia.org\/wiki\/Hoofdpagina\" target=\"_blank\" rel=\"noopener\"><img loading=\"lazy\" decoding=\"async\" class=\"alignnone\" src=\"https:\/\/dogpride.nl\/wp-content\/uploads\/olievat.jpg\" alt=\"\" width=\"231\" height=\"146\" \/><\/a><\/p>\n<p>Les couleurs de baril sont sous r\u00e9serve de disponibilit\u00e9.<\/p>\n<p><strong>Dimensions:<\/strong><br \/>\nHauteur : 30cm<br \/>\nDiam\u00e8tre : 59 cm<\/p>\n<p>&nbsp;<\/p>","protected":false},"excerpt":{"rendered":"<p>Baril de p\u00e9trole panier couch\u00e9. Lit pour chien robuste, fabriqu\u00e9 \u00e0 partir d&#039;un baril de p\u00e9trole, pulv\u00e9ris\u00e9 en laque transparente.<\/p>","protected":false},"featured_media":75054,"template":"","meta":[],"product_brand":[],"product_cat":[5244],"product_tag":[3348,5260,5258],"class_list":{"0":"post-75055","1":"product","2":"type-product","3":"status-publish","4":"has-post-thumbnail","6":"product_cat-hout-art-hondenmanden","7":"product_tag-hondenmand","8":"product_tag-liggend","9":"product_tag-olievat","10":"product_shipping_class-bijzondere-verzending","12":"first","13":"instock","14":"featured","15":"taxable","16":"shipping-taxable","17":"purchasable","18":"product-type-simple"},"mb":[],"mfb_rest_fields":["title"],"_links":{"self":[{"href":"https:\/\/dogpride.nl\/fr\/wp-json\/wp\/v2\/product\/75055","targetHints":{"allow":["GET"]}}],"collection":[{"href":"https:\/\/dogpride.nl\/fr\/wp-json\/wp\/v2\/product"}],"about":[{"href":"https:\/\/dogpride.nl\/fr\/wp-json\/wp\/v2\/types\/product"}],"wp:featuredmedia":[{"embeddable":true,"href":"https:\/\/dogpride.nl\/fr\/wp-json\/wp\/v2\/media\/75054"}],"wp:attachment":[{"href":"https:\/\/dogpride.nl\/fr\/wp-json\/wp\/v2\/media?parent=75055"}],"wp:term":[{"taxonomy":"product_brand","embeddable":true,"href":"https:\/\/dogpride.nl\/fr\/wp-json\/wp\/v2\/product_brand?post=75055"},{"taxonomy":"product_cat","embeddable":true,"href":"https:\/\/dogpride.nl\/fr\/wp-json\/wp\/v2\/product_cat?post=75055"},{"taxonomy":"product_tag","embeddable":true,"href":"https:\/\/dogpride.nl\/fr\/wp-json\/wp\/v2\/product_tag?post=75055"}],"curies":[{"name":"wp","href":"https:\/\/api.w.org\/{rel}","templated":true}]}}