{"id":74905,"date":"2021-09-27T17:36:18","date_gmt":"2021-09-27T15:36:18","guid":{"rendered":"https:\/\/dogpride1.wpengine.com\/?post_type=product&#038;p=74905"},"modified":"2026-03-19T10:10:11","modified_gmt":"2026-03-19T09:10:11","slug":"gla-wel-dog-sport-3b-d-hondenaanhanger-met-3-boxen","status":"publish","type":"product","link":"https:\/\/dogpride.nl\/fr\/gla-wel-dog-sport-3b-d-hondenaanhanger-met-3-boxen\/","title":{"rendered":"GLA-WEL DOG-Sport 3B-D remorque pour chien avec 3 boxes"},"content":{"rendered":"<h4>GLA-WEL DOG-Sport 3B-D remorque pour chien avec 3 boxes<\/h4>\n<p>Remorque pour chiens GLA-WEL DOG-Sport 3B-D avec 3 boxes. Le TOP absolu des remorques pour chiens.<\/p>\n<p>Des remorques de transport pour chiens GLA-WEL pour 3-4 chiens, mais surtout votre future et unique remorque pour chiens DOG-Sport !<\/p>\n<p><a href=\"https:\/\/dogpride.nl\/fr\/\"><img loading=\"lazy\" decoding=\"async\" class=\"alignnone\" title=\"GLA-WEL DOG-Sport 3B-D remorque pour chien avec 3 boxes\" src=\"https:\/\/dogpride.nl\/wp-content\/uploads\/IMG_2642_3B-D_freigestellt_gs_1000x712px-150x150.jpg\" alt=\"GLA-WEL DOG-Sport 3B-D hondenaanhanger met 3 boxen\" width=\"150\" height=\"150\" \/><\/a><\/p>\n<p>Vous optez pour l&#039;un de nos mod\u00e8les de remorque standard avec \u00e9quipement de base ? Ces remorques pour chiens GLA-WEL sont g\u00e9n\u00e9reusement con\u00e7ues et laissent peu \u00e0 d\u00e9sirer.<br \/>\nOu \u00eates-vous int\u00e9ress\u00e9 par des fonctions sp\u00e9ciales qui sont importantes pour vous, afin que votre chien se sente particuli\u00e8rement \u00e0 l&#039;aise, par exemple un climatiseur respectueux des animaux ?<br \/>\nNous \u00e9quipons votre future remorque de transport pour chiens de la s\u00e9rie \u00ab DOG-Sport \u00bb (moyennant un suppl\u00e9ment) avec ces extras exclusifs.<\/p>\n<p>&nbsp;<\/p>\n<p>Je kunt alleen winnen. Want met een hondenaanhanger GLA-WEL DOG-Sport 3B-D hondenaanhanger met 3 boxen zijn u en uw hond bijzonder veilig en comfortabel onderweg, en dat al jaren.<\/p>\n<p>Remorque de transport pour chiens DOG-Sport \u00ab DOG-Sport 3B-D \u00bb, 3 boxer avec toit de rangement pour le transport de trois chiens.<\/p>\n<h5><strong>Dimensions remorque pour chien 3B-D :<\/strong><\/h5>\n<p>Nombre d&#039;axes\u00a0: 1<br \/>\nCharge de balle : 75 Kg<br \/>\nType de pneu : Toutes saisons 185\/65R14<br \/>\nDimensions int\u00e9rieures de la bo\u00eete : 1 160 x 615 x 840 mm (L x l x H) ; Bo\u00eetier avant : 1\u00a0235 x 615 x 840 mm (L x l x H)<br \/>\nDimensions hors tout : 3 400 x 1 850 x 1 740 mm (L x l x H)<\/p>\n<p><img loading=\"lazy\" decoding=\"async\" class=\"alignnone wp-image-74913 size-large\" src=\"https:\/\/www.dogpride.nl\/wp-content\/uploads\/Zeichnung_3B-D_3LB-D_-1024x621.jpg\" alt=\"\" width=\"1024\" height=\"621\" srcset=\"https:\/\/dogpride.nl\/wp-content\/uploads\/Zeichnung_3B-D_3LB-D_-1024x621.jpg 1024w, https:\/\/dogpride.nl\/wp-content\/uploads\/Zeichnung_3B-D_3LB-D_-250x152.jpg 250w, https:\/\/dogpride.nl\/wp-content\/uploads\/Zeichnung_3B-D_3LB-D_-400x242.jpg 400w, https:\/\/dogpride.nl\/wp-content\/uploads\/Zeichnung_3B-D_3LB-D_-300x182.jpg 300w, https:\/\/dogpride.nl\/wp-content\/uploads\/Zeichnung_3B-D_3LB-D_-768x465.jpg 768w, https:\/\/dogpride.nl\/wp-content\/uploads\/Zeichnung_3B-D_3LB-D_-1536x931.jpg 1536w, https:\/\/dogpride.nl\/wp-content\/uploads\/Zeichnung_3B-D_3LB-D_-200x121.jpg 200w, https:\/\/dogpride.nl\/wp-content\/uploads\/Zeichnung_3B-D_3LB-D_-600x364.jpg 600w, https:\/\/dogpride.nl\/wp-content\/uploads\/Zeichnung_3B-D_3LB-D_-800x485.jpg 800w, https:\/\/dogpride.nl\/wp-content\/uploads\/Zeichnung_3B-D_3LB-D_-1200x727.jpg 1200w, https:\/\/dogpride.nl\/wp-content\/uploads\/Zeichnung_3B-D_3LB-D_.jpg 1980w\" sizes=\"auto, (max-width: 1024px) 100vw, 1024px\" \/><\/p>\n<h5><strong>Ce type est \u00e9quip\u00e9 de s\u00e9rie des caract\u00e9ristiques suivantes\u00a0:<\/strong><\/h5>\n<ul>\n<li>Cadre en aluminium enti\u00e8rement soud\u00e9 avec rev\u00eatement, couleur au choix selon le bar\u00e8me RAL standard<\/li>\n<li>Affichage de la temp\u00e9rature int\u00e9rieure<\/li>\n<li>Feux de gabarit \u00e0 DEL avec r\u00e9flecteurs int\u00e9gr\u00e9s<\/li>\n<li>\u00c9clairage int\u00e9rieur \u00e0 DEL<\/li>\n<li>Murs, plafond\u00a0: panneau isolant de 30\u00a0mm avec une couche sup\u00e9rieure en aluminium de 1,0\u00a0mm \u00e0 l&#039;int\u00e9rieur, 1,8\u00a0mm de GRP \u00e0 l&#039;ext\u00e9rieur\u00a0; Fond : aluminium<\/li>\n<li>Serrures \u00e0 poign\u00e9e encastr\u00e9e des deux c\u00f4t\u00e9s, vis, raccords \u00e0 vis en acier inoxydable<\/li>\n<li>Portes ext\u00e9rieures et int\u00e9rieures avec coin, portes int\u00e9rieures en acier inoxydable 1.4571<\/li>\n<li>Pare-chocs en acier inoxydable enti\u00e8rement soud\u00e9 avec marchepied<\/li>\n<li>Ferme-portes et amortisseur de pression de gaz de qualit\u00e9 avec amortissement de fin de course en haut des portes<\/li>\n<li>Cloison de s\u00e9paration amovible en panneau de mousse dure de 10 mm entre les haut-parleurs arri\u00e8re<\/li>\n<li>Roue de support manuelle\u00a0; 2 morceaux de cales de roue<\/li>\n<li>Support arri\u00e8re en acier inoxydable (uniquement pour les remorques \u00e0 un essieu)<\/li>\n<li>R\u00e9pond aux directives pour l&#039;approbation de 100 km\/h<\/li>\n<li>Vannes d&#039;a\u00e9ration<\/li>\n<li>Ventilation dans les portes<\/li>\n<li>Garde-boue en plastique<\/li>\n<li>1 ventilateur 12 V pour la ventilation des caissons via le syst\u00e8me de gaines de ventilation<\/li>\n<li>3 feux stop, et \u00e9clairage de coffre et de toit de rangement \u00e0 LED<\/li>\n<li>Essieux de qualit\u00e9 avec amortisseurs, jantes en acier avec pneus toutes saisons<\/li>\n<li>Toit de stockage avec ventilateur solaire, rev\u00eatement de sol et subdivision r\u00e9glable dans l&#039;espace du toit de stockage<\/li>\n<\/ul>\n<h5><strong>Les \u00e9quipements suppl\u00e9mentaires \/ sp\u00e9ciaux qui remplacent l&#039;\u00e9quipement standard sont soumis \u00e0 des frais suppl\u00e9mentaires\u00a0:<\/strong><\/h5>\n<ul>\n<li>Grille en bois dur, 1 pi\u00e8ce par bo\u00eete.<\/li>\n<li>Volet de ventilation sur la porte ext\u00e9rieure : volet de ventilation suppl\u00e9mentaire sur la porte, remplace la plaque de la ventilation standard.<\/li>\n<li>Bo\u00eete de rangement avec tapis en caoutchouc, porte-linge, \u00e9clairage : 1 100 x 350 x 580 mm L x P x H<\/li>\n<li>Grande bo\u00eete de rangement, avec tapis en caoutchouc, support de ceinture, \u00e9clairage : 1 100 x 500 x 725 mm (L x P x H)<\/li>\n<li>Jantes en aluminium avec pneus toutes saisons<\/li>\n<li>Attelage de remorque avec amortisseur de roulis<\/li>\n<li>Climatisation sur le toit (refroidissement de l&#039;air \u00e0 base d&#039;eau respectueux des animaux)<\/li>\n<li>Batterie 75Ah 12V avec bo\u00eetier et mat\u00e9riel de connexion<\/li>\n<li>Kit solaire 100 Wc pour DOG-Sport (module solaire avec technologie de connexion et de montage ; ne peut pas \u00eatre combin\u00e9 avec des rails de toit !)<\/li>\n<li>Produit de marque chargeur (pour 1 \u00e0 2 batteries)<\/li>\n<li>Produit de marque chargeur (\u00e0 partir de 2 batteries)<\/li>\n<li>\u00c9clairage inf\u00e9rieur \u00e0 LED avec t\u00e9l\u00e9commande.<\/li>\n<li>Feu de recul suppl\u00e9mentaire dans le pare-chocs\u00a0: lampes \u00e0 LED dans un bo\u00eetier en aluminium moul\u00e9 sous pression<\/li>\n<li>Garde-boue en acier inoxydable 1.4571 pour v\u00e9hicules \u00e0 un essieu, kit avec renfort jusqu&#039;\u00e0 50 kg max.<\/li>\n<li>R\u00e9servoir d&#039;eau avec pompe 12V avec support<\/li>\n<li>Plaques d\u00e9flectrices des deux c\u00f4t\u00e9s de la plaque stri\u00e9e en aluminium anodis\u00e9<\/li>\n<li>Pare-chocs en acier inoxydable 1.4571 avec marchepied et feu arri\u00e8re \u00e0 LED, feu stop \u00e0 LED<\/li>\n<li>Barres de toit en inox pour 3 boxers<\/li>\n<li>2 Barres transversales pour rails de toit en acier inoxydable (bas)<\/li>\n<li>2 Barres transversales pour rails de toit en acier inoxydable (haut)<\/li>\n<li>Porte-v\u00e9los sur timon en V, pour 2 v\u00e9los max.<\/li>\n<li>Jante en acier pour roue de secours, avec pneu toutes saisons et attache de timon<\/li>\n<li>Roue jockey automatique (robuste)<\/li>\n<li>Caniveau de drainage avec trous oblongs<\/li>\n<li>Antivol \/ serrure de s\u00e9curit\u00e9 &quot;Safety-Plus&quot;: pas n\u00e9cessaire lors de l&#039;installation d&#039;une boule d&#039;attelage avec stabilisateur<\/li>\n<li>Mangeoire pour box pour chiens GLA-WEL, remorques pour chiens 0,6 L, \u00e0 accrocher dans la porte<\/li>\n<li>Gamelle pour caisse pour chien GLA-WEL, remorques pour chien 2,8 L \u00e0 accrocher dans la porte<\/li>\n<li>Homologation pour une homologation 100 km\/h.<\/li>\n<\/ul>\n<p><a href=\"https:\/\/nl.wikipedia.org\/wiki\/Hoofdpagina\" target=\"_blank\" rel=\"noopener\"><img loading=\"lazy\" decoding=\"async\" class=\"alignnone\" title=\"GLA-WEL DOG-Sport 3B-D remorque pour chien avec 3 boxes\" src=\"https:\/\/dogpride.nl\/wp-content\/uploads\/IMG_2642_3B-D_freigestellt_gs_1000x712px-150x150.jpg\" alt=\"GLA-WEL DOG-Sport 3B-D hondenaanhanger met 3 boxen\" width=\"150\" height=\"150\" \/><\/a><\/p>\n<h5><strong>Tarifs sur demande !<\/strong><\/h5>\n<p><strong>D\u00e9lai de livraison pour une remorque \u00e0 conception personnelle d&#039;environ 12 \u00e0 16 semaines !<\/strong><\/p>\n<p><strong>Les remorques sont livr\u00e9es en standard AF DOGPRIDE NL \u00e0 Dinxperlo. Livraison \u00e0 domicile en suppl\u00e9ment.<\/strong><\/p>","protected":false},"excerpt":{"rendered":"<p>Deze GLA-WEL DOG-Sport 3B-D hondenaanhanger met 3 boxenhonden zijn royaal ontworpen en laten weinig te wensen over. Of bent u ge\u00efnteresseerd in speciale functies die voor u belangrijk zijn, zodat uw hond zich bijzonder comfortabel voelt, b.v. een diervriendelijke airco?<\/p>","protected":false},"featured_media":74906,"template":"","meta":[],"product_brand":[],"product_cat":[2936],"product_tag":[25906,5932],"class_list":{"0":"post-74905","1":"product","2":"type-product","3":"status-publish","4":"has-post-thumbnail","6":"product_cat-gla-wel-hondenaanhangers","7":"product_tag-gla-wel","8":"product_tag-hondenaanhanger","10":"first","11":"instock","12":"taxable","13":"shipping-taxable","14":"product-type-simple"},"mb":[],"mfb_rest_fields":["title"],"_links":{"self":[{"href":"https:\/\/dogpride.nl\/fr\/wp-json\/wp\/v2\/product\/74905","targetHints":{"allow":["GET"]}}],"collection":[{"href":"https:\/\/dogpride.nl\/fr\/wp-json\/wp\/v2\/product"}],"about":[{"href":"https:\/\/dogpride.nl\/fr\/wp-json\/wp\/v2\/types\/product"}],"wp:featuredmedia":[{"embeddable":true,"href":"https:\/\/dogpride.nl\/fr\/wp-json\/wp\/v2\/media\/74906"}],"wp:attachment":[{"href":"https:\/\/dogpride.nl\/fr\/wp-json\/wp\/v2\/media?parent=74905"}],"wp:term":[{"taxonomy":"product_brand","embeddable":true,"href":"https:\/\/dogpride.nl\/fr\/wp-json\/wp\/v2\/product_brand?post=74905"},{"taxonomy":"product_cat","embeddable":true,"href":"https:\/\/dogpride.nl\/fr\/wp-json\/wp\/v2\/product_cat?post=74905"},{"taxonomy":"product_tag","embeddable":true,"href":"https:\/\/dogpride.nl\/fr\/wp-json\/wp\/v2\/product_tag?post=74905"}],"curies":[{"name":"wp","href":"https:\/\/api.w.org\/{rel}","templated":true}]}}