{"id":7482,"date":"2021-05-28T17:28:03","date_gmt":"2021-05-28T15:28:03","guid":{"rendered":"https:\/\/dogpride1.wpengine.com\/?post_type=product&#038;p=7482"},"modified":"2025-10-28T11:50:23","modified_gmt":"2025-10-28T10:50:23","slug":"pride-supergrip-speurlijn-20mmx10m","status":"publish","type":"product","link":"https:\/\/dogpride.nl\/fr\/pride-supergrip-speurlijn-20mmx10m\/","title":{"rendered":"Ligne de suivi PRIDE Supergrip 20mmx10M"},"content":{"rendered":"<h4>Ligne de suivi PRIDE Supergrip 20mmx10M<\/h4>\n<p>Ligne de suivi PRIDE Supergrip 20mmx10M<\/p>\n<p>Deze PRIDE Supergrip speurlijn 20mmx10M werklijn is gemaakt van anti slip materiaal met rubber en heeft een lichte textuur. De riem neemt geen water op en wordt niet zwaarder.<br \/>\nMat\u00e9riau en caoutchouc\/sangle de 20 mm de large, antid\u00e9rapant sous la pluie ou avec des mains moites ou un chien fort o\u00f9 une bonne adh\u00e9rence est souhait\u00e9e, lavable.<br \/>\nDisponible en plusieurs couleurs !<\/p>\n<ul>\n<li>Id\u00e9al pour les mains moites, le temps humide et les jeux dans l&#039;eau<\/li>\n<li>Maintien s\u00e9curis\u00e9<\/li>\n<li>Longueur : 10 m\u00e8tres<\/li>\n<li>Convient pour le suivi avec des chiens<\/li>\n<\/ul>\n<p><strong>Mat\u00e9riel:<\/strong> Nylon<br \/>\n<strong>Mannequin:<\/strong> L-029<br \/>\nSans poign\u00e9e \/ Avec poign\u00e9e<br \/>\nLaisse pour chien en caoutchouc Super Grip \/ Antid\u00e9rapante<br \/>\n<strong>Couleurs disponibles:<\/strong> Noir, Violet, Bleu<br \/>\n<strong>Largeur:<\/strong> 20mm<br \/>\n<strong>Longueur: <\/strong>10m<\/p>\n<p><a href=\"https:\/\/www.dogpride.eu\/\" target=\"_blank\" rel=\"noopener\"><img loading=\"lazy\" decoding=\"async\" class=\"alignnone wp-image-70657 size-medium\" src=\"https:\/\/dogpride.nl\/wp-content\/uploads\/Logo-Pride2-1-300x96.png\" alt=\"\" width=\"300\" height=\"96\" srcset=\"https:\/\/dogpride.nl\/wp-content\/uploads\/Logo-Pride2-1-300x96.png 300w, https:\/\/dogpride.nl\/wp-content\/uploads\/Logo-Pride2-1-250x80.png 250w, https:\/\/dogpride.nl\/wp-content\/uploads\/Logo-Pride2-1-200x64.png 200w, https:\/\/dogpride.nl\/wp-content\/uploads\/Logo-Pride2-1.png 327w\" sizes=\"auto, (max-width: 300px) 100vw, 300px\" \/><\/a><\/p>\n<p>&nbsp;<\/p>\n<p><a href=\"https:\/\/dogpride.nl\/fr\/produit\/botcher-biothane-speurharnas\/\">Jetez un \u0153il ici pour un harnais de suivi en biothane B\u00f6tcher.<\/a><\/p>\n<p><a href=\"https:\/\/dogpride.nl\/fr\/lijnen-en-tuigjes-voor-honden\/pride-hondenlijnen\/\"><img loading=\"lazy\" decoding=\"async\" class=\"alignnone wp-image-136404 size-thumbnail\" src=\"https:\/\/dogpride.nl\/wp-content\/uploads\/PRIDE-Supergrip-speurlijn-20mmx10M-150x150.jpg\" alt=\"PRIDE Supergrip speurlijn 20mmx10M\" width=\"150\" height=\"150\" srcset=\"https:\/\/dogpride.nl\/wp-content\/uploads\/PRIDE-Supergrip-speurlijn-20mmx10M-150x150.jpg 150w, https:\/\/dogpride.nl\/wp-content\/uploads\/PRIDE-Supergrip-speurlijn-20mmx10M-100x100.jpg 100w\" sizes=\"auto, (max-width: 150px) 100vw, 150px\" \/><\/a><\/p>\n<p>&nbsp;<\/p>","protected":false},"excerpt":{"rendered":"<p>Ligne de suivi PRIDE Supergrip 20mm x 10M. Cette ligne de travail est faite d&#039;un mat\u00e9riau antid\u00e9rapant avec du caoutchouc et a une texture l\u00e9g\u00e8re.<\/p>","protected":false},"featured_media":22714,"template":"","meta":[],"product_brand":[],"product_cat":[389,192],"product_tag":[],"class_list":{"0":"post-7482","1":"product","2":"type-product","3":"status-publish","4":"has-post-thumbnail","6":"product_cat-speuren","7":"product_cat-pride-hondenlijnen","9":"first","10":"instock","11":"taxable","12":"shipping-taxable","13":"purchasable","14":"product-type-variable"},"mb":[],"mfb_rest_fields":["title"],"_links":{"self":[{"href":"https:\/\/dogpride.nl\/fr\/wp-json\/wp\/v2\/product\/7482","targetHints":{"allow":["GET"]}}],"collection":[{"href":"https:\/\/dogpride.nl\/fr\/wp-json\/wp\/v2\/product"}],"about":[{"href":"https:\/\/dogpride.nl\/fr\/wp-json\/wp\/v2\/types\/product"}],"wp:featuredmedia":[{"embeddable":true,"href":"https:\/\/dogpride.nl\/fr\/wp-json\/wp\/v2\/media\/22714"}],"wp:attachment":[{"href":"https:\/\/dogpride.nl\/fr\/wp-json\/wp\/v2\/media?parent=7482"}],"wp:term":[{"taxonomy":"product_brand","embeddable":true,"href":"https:\/\/dogpride.nl\/fr\/wp-json\/wp\/v2\/product_brand?post=7482"},{"taxonomy":"product_cat","embeddable":true,"href":"https:\/\/dogpride.nl\/fr\/wp-json\/wp\/v2\/product_cat?post=7482"},{"taxonomy":"product_tag","embeddable":true,"href":"https:\/\/dogpride.nl\/fr\/wp-json\/wp\/v2\/product_tag?post=7482"}],"curies":[{"name":"wp","href":"https:\/\/api.w.org\/{rel}","templated":true}]}}