{"id":74681,"date":"2021-09-24T10:53:02","date_gmt":"2021-09-24T08:53:02","guid":{"rendered":"https:\/\/dogpride1.wpengine.com\/?post_type=product&#038;p=74681"},"modified":"2021-12-23T13:55:10","modified_gmt":"2021-12-23T12:55:10","slug":"kogelwerend-vest-iiia-full-tactical-one-plus-security-man","status":"publish","type":"product","link":"https:\/\/dogpride.nl\/fr\/kogelwerend-vest-iiia-full-tactical-one-plus-security-man\/","title":{"rendered":"Gilet pare-balles IIIA FULL-TACTICAL"},"content":{"rendered":"<h4>Gilet pare-balles IIIA FULL-TACTICAL<\/h4>\n<p><span class=\"\">Gilet pare-balles IIIA FULL-TACTICAL One Plus SECURITY Homme. Gilet pare-balles complet : housse noire + paquet balistique<\/span><\/p>\n<p>Forme g\u00e9n\u00e9rale sp\u00e9cialement con\u00e7ue pour une utilisation en ext\u00e9rieur Mod\u00e8le homme<br \/>\n\u2013 Mod\u00e8le femme disponible<br \/>\n2 sangles velcro pour les rabats du c\u0153ur et du dos<br \/>\n2 ajustements d&#039;\u00e9paule mont\u00e9s sur des sangles velcro rembourr\u00e9es<br \/>\n6 sangles de r\u00e9glage lat\u00e9rales du syst\u00e8me MOLLE de qualit\u00e9 militaire \u00e0 l&#039;avant et \u00e0 l&#039;arri\u00e8re<br \/>\n1 velcro pour le rang et le groupe sanguin<br \/>\n1 velcro pour plaque d&#039;immatriculation ou bande nominative<br \/>\n2 poches plaqu\u00e9es avec fermetures \u00e9tanches<br \/>\nDoublure en mesh 3D \u00e0 l&#039;avant et \u00e0 l&#039;arri\u00e8re pour la r\u00e9gulation thermique<br \/>\n2 poches (porte-assiettes) pour ajouter des assiettes suppl\u00e9mentaires aux niveaux sup\u00e9rieurs<\/p>\n<p>Personnalisation du gilet possible avec mesures par nos soins OPTION Poches accessoires avec syst\u00e8me MOLLE D\u00e9couvrez la gamme BALISTIC MATERIAL. 100% DYNEEMA UD-SB21 Densit\u00e9 140 \u2013 150 G\/M2. 5 + 5 ans de garantie sur l&#039;emballage balistique Le DYNEEMA est actuellement un mat\u00e9riau de choix. ses performances balistiques sont exceptionnelles, tr\u00e8s faible d\u00e9formation \u00e0 l&#039;impact. DYNEEMA propose \u00e9galement une protection de lame. S\u00c9CURIT\u00c9 Niveau de protection \u00e9lev\u00e9 NIJ IIIA norme 04 \u00e9volutif avec plaques en combinaison en niveau III+, IV \u00c9crans \u00e0 lamelles Faible d\u00e9formation \u00e0 l&#039;impact<br \/>\nNe craignez ni l&#039;humidit\u00e9 ni la lumi\u00e8re Housse pour mod\u00e8le noir ENTRETIEN Ne placez jamais le pack balistique dans la machine.\u00a0<span class=\"\">passer simplement sur l&#039;enveloppe balistique avec une \u00e9ponge ou un chiffon humide Lavage en machine \u00e0 30\u00b0 Ne pas repasser Stocker les gilets \u00e0 plat ou sur cintre<\/span><\/p>\n<h4>TAILLES Mod\u00e8le homme S \u2013 4XL<br \/>\n<strong>Merci d&#039;indiquer votre taille dans les commentaires lors de la commande.\u00a0<\/strong><\/h4>\n<p><span class=\"goog-text-highlight\">AVANTAGES PRODUIT Protection balistique \u00e9volutive pour ce gilet pare-balles Une coupe moderne et ajust\u00e9e. La housse peut \u00eatre vendue s\u00e9par\u00e9ment<\/span><\/p>","protected":false},"excerpt":{"rendered":"<p>Gilet pare-balles IIIA FULL TACTICAL One Plus SECURITY Homme. <span class=\"\">Gilet pare-balles complet : housse noire + paquet balistique.<\/span><\/p>","protected":false},"featured_media":74682,"template":"","meta":[],"product_brand":[],"product_cat":[2911],"product_tag":[],"class_list":{"0":"post-74681","1":"product","2":"type-product","3":"status-publish","4":"has-post-thumbnail","6":"product_cat-pbm","8":"first","9":"instock","10":"taxable","11":"shipping-taxable","12":"purchasable","13":"product-type-variable"},"mb":[],"mfb_rest_fields":["title"],"_links":{"self":[{"href":"https:\/\/dogpride.nl\/fr\/wp-json\/wp\/v2\/product\/74681","targetHints":{"allow":["GET"]}}],"collection":[{"href":"https:\/\/dogpride.nl\/fr\/wp-json\/wp\/v2\/product"}],"about":[{"href":"https:\/\/dogpride.nl\/fr\/wp-json\/wp\/v2\/types\/product"}],"wp:featuredmedia":[{"embeddable":true,"href":"https:\/\/dogpride.nl\/fr\/wp-json\/wp\/v2\/media\/74682"}],"wp:attachment":[{"href":"https:\/\/dogpride.nl\/fr\/wp-json\/wp\/v2\/media?parent=74681"}],"wp:term":[{"taxonomy":"product_brand","embeddable":true,"href":"https:\/\/dogpride.nl\/fr\/wp-json\/wp\/v2\/product_brand?post=74681"},{"taxonomy":"product_cat","embeddable":true,"href":"https:\/\/dogpride.nl\/fr\/wp-json\/wp\/v2\/product_cat?post=74681"},{"taxonomy":"product_tag","embeddable":true,"href":"https:\/\/dogpride.nl\/fr\/wp-json\/wp\/v2\/product_tag?post=74681"}],"curies":[{"name":"wp","href":"https:\/\/api.w.org\/{rel}","templated":true}]}}