{"id":74672,"date":"2021-09-24T10:45:24","date_gmt":"2021-09-24T08:45:24","guid":{"rendered":"https:\/\/dogpride1.wpengine.com\/?post_type=product&#038;p=74672"},"modified":"2021-12-23T13:56:26","modified_gmt":"2021-12-23T12:56:26","slug":"kogelwerend-vest-model-one-plus","status":"publish","type":"product","link":"https:\/\/dogpride.nl\/fr\/kogelwerend-vest-model-one-plus\/","title":{"rendered":"Gilet pare-balles mod\u00e8le ONE-PLUS"},"content":{"rendered":"<h3>Gilet pare-balles mod\u00e8le ONE-PLUS<\/h3>\n<p><span class=\"\">Gilet pare-balles mod\u00e8le ONE-PLUS. Nos gilets pare-balles sont sp\u00e9cialement con\u00e7us pour \u00eatre port\u00e9s discr\u00e8tement (sur ou sous les v\u00eatements)<\/span><\/p>\n<p>Mod\u00e8le homme \u2013 2 R\u00e9glages ceinture avec \u00e9lastique mont\u00e9 sur velcro \u2013 2 R\u00e9glages \u00e9paule mont\u00e9s sur patte rigide et velcro \u2013 2 Velcro c\u00f4t\u00e9 c\u0153ur et 1 Velcro dos \u2013 Ajustement possible du gilet avec mesures par nos soins apr\u00e8s livraison<br \/>\nMAT\u00c9RIEL BALISTIQUE \u2013 100% DYNEEMA UD-SB21 \u2013 Densit\u00e9 140 \u2013 150 G\/M2.<br \/>\nPack balistique 5 + 5 ans de garantie<br \/>\nLe DYNEEMA est actuellement un mat\u00e9riau de choix pour la fabrication de gilets pare-balles. ses performances balistiques sont exceptionnelles. tr\u00e8s faible d\u00e9formation \u00e0 l&#039;impact. DYNEEMA propose \u00e9galement une protection de lame.\u00a0<span class=\"\">S\u00c9CURIT\u00c9 - Haut niveau de protection nos gilets pare-balles r\u00e9pondent \u00e0 la norme NI, norme I IIIA 04 - Gilet anti-souffle - D\u00e9formation \u00e0 faible impact - Ne craignez ni l&#039;humidit\u00e9 ni la lumi\u00e8re\u00a0<\/span><\/p>\n<p><span class=\"\">HOUSSE DE GILET PARE-BALLES MOD\u00c8LE ONE PLUS<\/span><\/p>\n<p>Couleur bleu marine \u2013 Tissu type serg\u00e9 INDESTRUCTIBLE 245gr : m2 lavage industriel \u2013 Composition 65% polyester 35% coton \u2013 Aucun risque d&#039;allergie \u2013 Housse adaptable aux diff\u00e9rentes morphologies \u2013 Housse amovible \u2013 Fermeture velcro Qualit\u00e9 800 de chez APLIX (normes administratives)<\/p>\n<p>ENTRETIEN DE VOTRE PROTECTION BALISTIQUE N&#039;alt\u00e9rez jamais l&#039;ensemble balistique.<br \/>\n<span class=\"goog-text-highlight\">fer\u00a0<\/span><span class=\"goog-text-highlight\">simplement une \u00e9ponge ou un chiffon humide sur l&#039;ext\u00e9rieur balistique.<br \/>\n<\/span><span class=\"goog-text-highlight\">ENTRETIEN DE VOTRE HOUSSE GILET BALL-TIGHT Lavage machine \u00e0 40\u00b0 sauf cordura 30\u00b0 Repassage moyen de la housse<br \/>\nRangez les gilets \u00e0 plat ou sur cintre<\/span><\/p>\n<p><span class=\"\">TAILLES \u2013 Mod\u00e8le homme du S au 4XL<\/span><br \/>\n<strong><span class=\"\">Merci d&#039;indiquer votre taille dans les commentaires lors de la commande.<\/span><\/strong><\/p>","protected":false},"excerpt":{"rendered":"<p>Gilet pare-balles mod\u00e8le ONE PLUS. <span class=\"\">Nos gilets pare-balles sont sp\u00e9cialement con\u00e7us pour \u00eatre port\u00e9s discr\u00e8tement (sur ou sous les v\u00eatements)<\/span><\/p>","protected":false},"featured_media":74673,"template":"","meta":[],"product_brand":[],"product_cat":[2911],"product_tag":[],"class_list":{"0":"post-74672","1":"product","2":"type-product","3":"status-publish","4":"has-post-thumbnail","6":"product_cat-pbm","8":"first","9":"instock","10":"taxable","11":"shipping-taxable","12":"purchasable","13":"product-type-variable"},"mb":[],"mfb_rest_fields":["title"],"_links":{"self":[{"href":"https:\/\/dogpride.nl\/fr\/wp-json\/wp\/v2\/product\/74672","targetHints":{"allow":["GET"]}}],"collection":[{"href":"https:\/\/dogpride.nl\/fr\/wp-json\/wp\/v2\/product"}],"about":[{"href":"https:\/\/dogpride.nl\/fr\/wp-json\/wp\/v2\/types\/product"}],"wp:featuredmedia":[{"embeddable":true,"href":"https:\/\/dogpride.nl\/fr\/wp-json\/wp\/v2\/media\/74673"}],"wp:attachment":[{"href":"https:\/\/dogpride.nl\/fr\/wp-json\/wp\/v2\/media?parent=74672"}],"wp:term":[{"taxonomy":"product_brand","embeddable":true,"href":"https:\/\/dogpride.nl\/fr\/wp-json\/wp\/v2\/product_brand?post=74672"},{"taxonomy":"product_cat","embeddable":true,"href":"https:\/\/dogpride.nl\/fr\/wp-json\/wp\/v2\/product_cat?post=74672"},{"taxonomy":"product_tag","embeddable":true,"href":"https:\/\/dogpride.nl\/fr\/wp-json\/wp\/v2\/product_tag?post=74672"}],"curies":[{"name":"wp","href":"https:\/\/api.w.org\/{rel}","templated":true}]}}