{"id":74644,"date":"2021-09-23T17:20:54","date_gmt":"2021-09-23T15:20:54","guid":{"rendered":"https:\/\/dogpride1.wpengine.com\/?post_type=product&#038;p=74644"},"modified":"2021-12-23T14:00:53","modified_gmt":"2021-12-23T13:00:53","slug":"zwarte-kevlar-spiraalveiligheidsriem","status":"publish","type":"product","link":"https:\/\/dogpride.nl\/fr\/zwarte-kevlar-spiraalveiligheidsriem\/","title":{"rendered":"Ceinture de s\u00e9curit\u00e9 en spirale noire en Kevlar"},"content":{"rendered":"<h4>Ceinture de s\u00e9curit\u00e9 en spirale noire en Kevlar<\/h4>\n<p><span class=\"\">Ceinture de s\u00e9curit\u00e9 spirale en Kevlar noir. Le ruban Kevlar\u00ae h\u00e9lico\u00efdal a une tr\u00e8s bonne r\u00e9sistance m\u00e9canique et une excellente flexibilit\u00e9, m\u00eame sous des temp\u00e9ratures extr\u00eames. <\/span>Il est destin\u00e9 \u00e0 s\u00e9curiser le port d&#039;arme par les militaires et les forces de l&#039;ordre.<br \/>\nGr\u00e2ce \u00e0 sa fonction antivol ou antichute, il peut \u00e9galement \u00eatre utilis\u00e9 dans d&#039;autres secteurs d&#039;activit\u00e9.<br \/>\n<span class=\"\">Ceinture spiral\u00e9e r\u00e9gulatrice avec mousqueton Kevlar\u00ae<\/span><span class=\"\">anneau<br \/>\nGaine en polyur\u00e9thane r\u00e9sistant \u00e0 l&#039;abrasion<\/span><br \/>\n<span class=\"\">Excellente m\u00e9moire de forme<\/span><br \/>\n<span class=\"\">R\u00e9sistance \u00e0 la rupture monobrin Kevlar\u00ae : &gt; 80 daN R\u00e9sistance \u00e0 la rupture des anneaux : &gt; 50 daN R\u00e9sistance du mousqueton : &gt; 40 daN<\/span><br \/>\n<span class=\"\">Attache pour ceinture \/ ceinture (50 mm)<br \/>\nPas <\/span><span class=\"\">longueur \u00e9tir\u00e9e : 35 cm<\/span><br \/>\n<span class=\"\">Rallonge jusqu&#039;\u00e0 120 cm<\/span><br \/>\n<span class=\"\">Diam\u00e8tre : 3,5 mm Poids : 25 g<\/span><\/p>","protected":false},"excerpt":{"rendered":"<p>Ceinture de s\u00e9curit\u00e9 spirale en Kevlar\u00ae noir. <span class=\"\">Le ruban Kevlar\u00ae h\u00e9lico\u00efdal a une tr\u00e8s bonne r\u00e9sistance m\u00e9canique et une excellente flexibilit\u00e9.<\/span><\/p>","protected":false},"featured_media":74645,"template":"","meta":[],"product_brand":[],"product_cat":[2930],"product_tag":[],"class_list":{"0":"post-74644","1":"product","2":"type-product","3":"status-publish","4":"has-post-thumbnail","6":"product_cat-persoonlijke-uitrusting","8":"first","9":"instock","10":"taxable","11":"shipping-taxable","12":"purchasable","13":"product-type-simple"},"mb":[],"mfb_rest_fields":["title"],"_links":{"self":[{"href":"https:\/\/dogpride.nl\/fr\/wp-json\/wp\/v2\/product\/74644","targetHints":{"allow":["GET"]}}],"collection":[{"href":"https:\/\/dogpride.nl\/fr\/wp-json\/wp\/v2\/product"}],"about":[{"href":"https:\/\/dogpride.nl\/fr\/wp-json\/wp\/v2\/types\/product"}],"wp:featuredmedia":[{"embeddable":true,"href":"https:\/\/dogpride.nl\/fr\/wp-json\/wp\/v2\/media\/74645"}],"wp:attachment":[{"href":"https:\/\/dogpride.nl\/fr\/wp-json\/wp\/v2\/media?parent=74644"}],"wp:term":[{"taxonomy":"product_brand","embeddable":true,"href":"https:\/\/dogpride.nl\/fr\/wp-json\/wp\/v2\/product_brand?post=74644"},{"taxonomy":"product_cat","embeddable":true,"href":"https:\/\/dogpride.nl\/fr\/wp-json\/wp\/v2\/product_cat?post=74644"},{"taxonomy":"product_tag","embeddable":true,"href":"https:\/\/dogpride.nl\/fr\/wp-json\/wp\/v2\/product_tag?post=74644"}],"curies":[{"name":"wp","href":"https:\/\/api.w.org\/{rel}","templated":true}]}}