{"id":74629,"date":"2021-09-23T16:56:02","date_gmt":"2021-09-23T14:56:02","guid":{"rendered":"https:\/\/dogpride1.wpengine.com\/?post_type=product&#038;p=74629"},"modified":"2021-12-23T14:01:53","modified_gmt":"2021-12-23T13:01:53","slug":"meditech-basis-ehbo-tasje","status":"publish","type":"product","link":"https:\/\/dogpride.nl\/fr\/meditech-basis-ehbo-tasje\/","title":{"rendered":"Trousse de secours de base MEDITECH"},"content":{"rendered":"<h4>Trousse de secours de base MEDITECH<\/h4>\n<p>Trousse de secours de base MEDITECH<\/p>\n<p>Kit contient : 6 bandes adh\u00e9sives 19 x 72 mm, 4 lingettes alcoolis\u00e9es, 1 paire de gants, 1 foulard triangulaire 96 x 96 x 135 cm, 2 compresses st\u00e9riles 10 x 10 cm, 1 \u00e9lastique 4 mx 6 cm, 1 \u00e9lastique 4 mx 8 cm , 1 couverture de survie 160 x 210 cm, 1 rouleau \u00e0 pl\u00e2tre, 1 paire de ciseaux, 2 \u00e9pingles \u00e0 nourrice.<\/p>\n<p>Dimensions : 10,5 x 14 x 4,5 cm.<br \/>\n<span class=\"goog-text-highlight\">Couleurs : Rouge.<\/span><\/p>","protected":false},"excerpt":{"rendered":"<p>Trousse de premiers secours de base MEDITECH.<\/p>","protected":false},"featured_media":74630,"template":"","meta":[],"product_brand":[],"product_cat":[2911],"product_tag":[],"class_list":{"0":"post-74629","1":"product","2":"type-product","3":"status-publish","4":"has-post-thumbnail","6":"product_cat-pbm","8":"first","9":"instock","10":"taxable","11":"shipping-taxable","12":"purchasable","13":"product-type-simple"},"mb":[],"mfb_rest_fields":["title"],"_links":{"self":[{"href":"https:\/\/dogpride.nl\/fr\/wp-json\/wp\/v2\/product\/74629","targetHints":{"allow":["GET"]}}],"collection":[{"href":"https:\/\/dogpride.nl\/fr\/wp-json\/wp\/v2\/product"}],"about":[{"href":"https:\/\/dogpride.nl\/fr\/wp-json\/wp\/v2\/types\/product"}],"wp:featuredmedia":[{"embeddable":true,"href":"https:\/\/dogpride.nl\/fr\/wp-json\/wp\/v2\/media\/74630"}],"wp:attachment":[{"href":"https:\/\/dogpride.nl\/fr\/wp-json\/wp\/v2\/media?parent=74629"}],"wp:term":[{"taxonomy":"product_brand","embeddable":true,"href":"https:\/\/dogpride.nl\/fr\/wp-json\/wp\/v2\/product_brand?post=74629"},{"taxonomy":"product_cat","embeddable":true,"href":"https:\/\/dogpride.nl\/fr\/wp-json\/wp\/v2\/product_cat?post=74629"},{"taxonomy":"product_tag","embeddable":true,"href":"https:\/\/dogpride.nl\/fr\/wp-json\/wp\/v2\/product_tag?post=74629"}],"curies":[{"name":"wp","href":"https:\/\/api.w.org\/{rel}","templated":true}]}}