{"id":74625,"date":"2021-09-23T16:52:57","date_gmt":"2021-09-23T14:52:57","guid":{"rendered":"https:\/\/dogpride1.wpengine.com\/?post_type=product&#038;p=74625"},"modified":"2021-12-23T14:03:17","modified_gmt":"2021-12-23T13:03:17","slug":"ehbo-tas-gevuld-voor-redding-verzorging","status":"publish","type":"product","link":"https:\/\/dogpride.nl\/fr\/ehbo-tas-gevuld-voor-redding-verzorging\/","title":{"rendered":"Trousse de secours remplie pour le sauvetage\/les soins"},"content":{"rendered":"<h4>Trousse de secours remplie pour le sauvetage\/les soins<\/h4>\n<p>Trousse de secours remplie pour le sauvetage\/soins. Sac rempli pour les premiers soins \/ traitement.<br \/>\nContenu du sachet : 1 paire de ciseaux, 1 pince \u00e0 \u00e9piler, 1 pansement, 1 bande \u00e9lastique, 1 bande de gaze, 10 lingettes alcoolis\u00e9es, 1 lot de 10 compresses, 1 paire de gants, 1 lot de 10 pansements, 1 lot de 5 sachets de 3 sutures, 1 pansement \u00e9lastique, 1 compresse froide, 1 bande autonettoyante, 1 spray froid et 1 spray alcool 70\u00b0.<\/p>\n<p><span class=\"\">Dimensions : 38 x 24 x 24 cm.<\/span><br \/>\n<span class=\"goog-text-highlight\">Couleur du sac : Noir \/ Bleu<\/span><\/p>\n<p><span class=\"goog-text-highlight\">Recharge de sac d&#039;urgence : (sans le sac) Le kit contient : 1 paire de ciseaux, 1 paire de pincettes, 1 pansement, 1 bande \u00e9lastique, 1 bande de gaze, 10 compresses imbib\u00e9es d&#039;alcool, 1 jeu de 10 compresses, 1 paire de gants, 1 lot de 10 pansements, 1 lot de 5 sachets de 3 sutures, 1 pansement \u00e9tirable, 1 compresse froide, 1 bande autonettoyante, 1 spray froid et 1 spray alcool 70\u00b0.<\/span><\/p>","protected":false},"excerpt":{"rendered":"<p>Trousse de secours remplie pour les secours\/soins.<\/p>","protected":false},"featured_media":74626,"template":"","meta":[],"product_brand":[],"product_cat":[2911],"product_tag":[],"class_list":{"0":"post-74625","1":"product","2":"type-product","3":"status-publish","4":"has-post-thumbnail","6":"product_cat-pbm","8":"first","9":"instock","10":"taxable","11":"shipping-taxable","12":"purchasable","13":"product-type-variable"},"mb":[],"mfb_rest_fields":["title"],"_links":{"self":[{"href":"https:\/\/dogpride.nl\/fr\/wp-json\/wp\/v2\/product\/74625","targetHints":{"allow":["GET"]}}],"collection":[{"href":"https:\/\/dogpride.nl\/fr\/wp-json\/wp\/v2\/product"}],"about":[{"href":"https:\/\/dogpride.nl\/fr\/wp-json\/wp\/v2\/types\/product"}],"wp:featuredmedia":[{"embeddable":true,"href":"https:\/\/dogpride.nl\/fr\/wp-json\/wp\/v2\/media\/74626"}],"wp:attachment":[{"href":"https:\/\/dogpride.nl\/fr\/wp-json\/wp\/v2\/media?parent=74625"}],"wp:term":[{"taxonomy":"product_brand","embeddable":true,"href":"https:\/\/dogpride.nl\/fr\/wp-json\/wp\/v2\/product_brand?post=74625"},{"taxonomy":"product_cat","embeddable":true,"href":"https:\/\/dogpride.nl\/fr\/wp-json\/wp\/v2\/product_cat?post=74625"},{"taxonomy":"product_tag","embeddable":true,"href":"https:\/\/dogpride.nl\/fr\/wp-json\/wp\/v2\/product_tag?post=74625"}],"curies":[{"name":"wp","href":"https:\/\/api.w.org\/{rel}","templated":true}]}}