{"id":74621,"date":"2021-09-23T15:58:04","date_gmt":"2021-09-23T13:58:04","guid":{"rendered":"https:\/\/dogpride1.wpengine.com\/?post_type=product&#038;p=74621"},"modified":"2025-12-09T11:35:39","modified_gmt":"2025-12-09T10:35:39","slug":"warq-pro-trainingshelm-zwart","status":"publish","type":"product","link":"https:\/\/dogpride.nl\/fr\/warq-pro-trainingshelm-zwart\/","title":{"rendered":"Casque d&#039;entra\u00eenement WARQ Pro noir"},"content":{"rendered":"<h4>Casque d&#039;entra\u00eenement WARQ Pro noir<\/h4>\n<p>Le casque d&#039;entra\u00eenement WARQ Pro noir est un casque avec mentonni\u00e8re et tour de cou renforc\u00e9s - Noir<\/p>\n<ul>\n<li>Le <strong>Casque d&#039;entra\u00eenement WARQ Pro noir<\/strong> is een revolutie in de wereld van professionele training.<\/li>\n<li>D\u00e9velopp\u00e9 avec et pour des professionnels, il garantit une absence totale de bu\u00e9e dans toutes les conditions, un confort maximal et un large champ de vision.<\/li>\n<li>Gr\u00e2ce \u00e0 ses nombreuses innovations, il gagne sa place au sein des unit\u00e9s d&#039;intervention.<\/li>\n<li>Il est destin\u00e9 \u00e0 l&#039;entra\u00eenement et \u00e0 l&#039;utilisation en puissance et en force avec des munitions de notation et d&#039;entra\u00eenement.<\/li>\n<li>La r\u00e9sistance balistique et m\u00e9canique du casque est conforme \u00e0 la norme europ\u00e9enne EN166A.<\/li>\n<li>Il offre une protection compl\u00e8te de la t\u00eate contre les chocs et les chutes.<\/li>\n<li><span class=\"\">La version avec mentonni\u00e8re renforc\u00e9e offre une protection adapt\u00e9e aux coups de munitions.<\/span><\/li>\n<li>Con\u00e7u pour \u00eatre l\u00e9ger, le casque est \u00e9galement con\u00e7u pour s&#039;adapter parfaitement \u00e0 votre morphologie.<\/li>\n<li>Un kit de r\u00e9tention assure un confort in\u00e9gal\u00e9, m\u00eame apr\u00e8s plusieurs heures d&#039;entra\u00eenement intense.<\/li>\n<li>Gr\u00e2ce \u00e0 la mousse de haute qualit\u00e9 fournie avec le casque, vous pouvez \u00e9galement l&#039;adapter \u00e0 la forme de votre t\u00eate.<\/li>\n<li>Taille unique pour tout tour de t\u00eate de 56 \u00e0 62 cm<\/li>\n<li>Poids 1,2 kg<\/li>\n<\/ul>\n<p><a href=\"https:\/\/dogpride.nl\/fr\/k9\/cynotechnische-eenheden\/pbm\/\"><img loading=\"lazy\" decoding=\"async\" class=\"alignnone\" title=\"Casque d&#039;entra\u00eenement WARQ Pro noir\" src=\"https:\/\/dogpride.nl\/wp-content\/uploads\/verybig-4786-3-150x150.jpg\" alt=\"WARQ Pro trainingshelm zwart\" width=\"99\" height=\"99\" \/><\/a>\u00a0 <img loading=\"lazy\" decoding=\"async\" class=\"\" src=\"https:\/\/dogpride.nl\/wp-content\/uploads\/verybig-4786-2-150x150.jpg\" width=\"105\" height=\"105\" \/><\/p>\n<h4>Normes EN 166 \u2013 Essais r\u00e9alis\u00e9s par les laboratoires d&#039;accr\u00e9ditation SATRA, BSI et ABAL conform\u00e9ment aux normes EN 167 et EN 168<\/h4>\n<ul>\n<li>Optique de classe 1 R\u00e9sistance aux UV<\/li>\n<li>Champ de vision \u00e0 180\u00b0<\/li>\n<li>Solidit\u00e9, caract\u00e9ris\u00e9e par la r\u00e9sistance aux chocs et aux chocs m\u00e9caniques.<\/li>\n<li>Solidit\u00e9 des cadres, r\u00e9sistance aux chocs des billes d&#039;acier d&#039;un diam\u00e8tre de 22 mm et d&#039;une masse de 43 g. avec une vitesse de 5,1 m\/s (minimum)<\/li>\n<li>Protection contre les particules lanc\u00e9es \u00e0 grande vitesse, impact d&#039;\u00e9nergie moyenne A (bille d&#039;acier de 0,86 g, diam\u00e8tre minimum de 6 mm, projet\u00e9e \u00e0 190 m\/s.)<\/li>\n<li>Adaptation pour la formation professionnelle, protection des trous sup\u00e9rieurs du casque en t\u00f4le inox \u2013 EP 1MM. Protection de ventilation pour parties lat\u00e9rales en t\u00f4le inox - EP 1 MM<\/li>\n<li>Version filtre \u00e0 particules suppl\u00e9mentaire mentonni\u00e8re en toile \u00e0 mailles inox.<\/li>\n<li>Col, tour de cou r\u00e9glable auto-respirant. Mati\u00e8res : Tissus Polyester &amp; Coolmax (80 et 240gr\/m2)<\/li>\n<li>Fabrication europ\u00e9enne CE<\/li>\n<li>La ventilation du casque am\u00e9liore le confort de respiration de l&#039;utilisateur et \u00e9vite la condensation et la bu\u00e9e m\u00eame dans des conditions extr\u00eames pendant longtemps.<\/li>\n<li>Con\u00e7u pour \u00eatre l\u00e9ger, le casque est \u00e9galement con\u00e7u pour s&#039;adapter parfaitement \u00e0 votre morphologie<\/li>\n<li>WARQ certifie que le casque WARQ PRO respecte les normes de protection oculaire de la norme CSA Z94.3-02 telles que recommand\u00e9es par les fabricants de munitions d&#039;entra\u00eenement.<\/li>\n<li>Le rail Picatinny et le clip NVG garantissent la compatibilit\u00e9 du casque avec une large gamme d&#039;accessoires<\/li>\n<li>En option, il est possible d&#039;int\u00e9grer un casque sp\u00e9cialement d\u00e9velopp\u00e9.<\/li>\n<\/ul>\n<h4>In het kader van de EN166 reageert de WARQ Pro trainingshelm zwart positief op de tests op het gebied van:<\/h4>\n<ul>\n<li>Construction g\u00e9n\u00e9rale<\/li>\n<li>Champ de vision<\/li>\n<li>Facteur de transmission.<\/li>\n<li>Diffusion de la lumi\u00e8re.<\/li>\n<li>Qualit\u00e9 du mat\u00e9riau et de la surface.<\/li>\n<li>Puissance renforc\u00e9e.<\/li>\n<li>Stabilit\u00e9 \u00e0 temp\u00e9rature \u00e9lev\u00e9e<\/li>\n<li>R\u00e9sistance aux rayons ultraviolets<\/li>\n<li>R\u00e9sistance \u00e0 la corrosion.<\/li>\n<li><span class=\"goog-text-highlight\">R\u00e9sistance \u00e0 l&#039;allumage<\/span><\/li>\n<li>Protection contre les particules lanc\u00e9es \u00e0 grande vitesse<\/li>\n<li>r\u00e9sistance au brouillard :<\/li>\n<li>R\u00e9sistance aux particules lanc\u00e9es \u00e0 grande vitesse et r\u00e9sistance aux particules lanc\u00e9es \u00e0 grande vitesse \u00e0 des temp\u00e9ratures extr\u00eames.<\/li>\n<li>Protecteurs lat\u00e9raux<\/li>\n<\/ul>\n<p>&nbsp;<\/p>\n<p>&nbsp;<\/p>\n<p><a href=\"https:\/\/warqhelmets.com\/warq-pro\/\" target=\"_blank\" rel=\"noopener\"><img loading=\"lazy\" decoding=\"async\" class=\"alignnone wp-image-141058 size-full\" title=\"Casque d&#039;entra\u00eenement WARQ Pro noir\" src=\"https:\/\/dogpride.nl\/wp-content\/uploads\/Logo-4.jpg\" alt=\"WARQ Pro trainingshelm zwart\" width=\"201\" height=\"89\" srcset=\"https:\/\/dogpride.nl\/wp-content\/uploads\/Logo-4.jpg 201w, https:\/\/dogpride.nl\/wp-content\/uploads\/Logo-4-18x8.jpg 18w\" sizes=\"auto, (max-width: 201px) 100vw, 201px\" \/><\/a><\/p>\n<p>&nbsp;<\/p>","protected":false},"excerpt":{"rendered":"<p><strong>Casque d&#039;entra\u00eenement WARQ Pro noir<\/strong>. WARQ Pro trainingshelm zwart is een helm met verstevigde kinbeugel en nekband &#8211; Zwart en is een revolutie in de wereld van professionele training.<\/p>","protected":false},"featured_media":74622,"template":"","meta":[],"product_brand":[],"product_cat":[2911],"product_tag":[12077,12092,12087,12100,12094,12095,12091,12084,12085,12099,12076,12078,12098,12090,12086,12089,5442,12101,12097,12075,12080,12081,12088,12079,12073,12096,12072,12083,12093,12074,12082],"class_list":{"0":"post-74621","1":"product","2":"type-product","3":"status-publish","4":"has-post-thumbnail","6":"product_cat-pbm","7":"product_tag-airsoft-helm","8":"product_tag-anti-fog-vizier-helm","9":"product_tag-beschermende-helm","10":"product_tag-beschermhelm-zwart","11":"product_tag-combat-training-helm","12":"product_tag-duurzame-helm","13":"product_tag-full-face-helm","14":"product_tag-geavanceerde-trainingshelm","15":"product_tag-helm-voor-tactische-training","16":"product_tag-militaire-oefenhelm","17":"product_tag-militaire-trainingshelm","18":"product_tag-paintball-helm","19":"product_tag-politie-training-uitrusting","20":"product_tag-professionele-trainingshelm","21":"product_tag-realistische-training-helm","22":"product_tag-tactical-training-gear","23":"product_tag-tactische-helm","24":"product_tag-training-safety-helmet","25":"product_tag-trainingshelm-defensie","26":"product_tag-trainingshelm-politie","27":"product_tag-trainingsuitrusting","28":"product_tag-veiligheidshelm-training","29":"product_tag-veiligheidsuitrusting","30":"product_tag-warq-head-protection","31":"product_tag-warq-helm-zwart","32":"product_tag-warq-nederland","33":"product_tag-warq-pro-trainingshelm","34":"product_tag-warq-pro-zwart","35":"product_tag-warq-tactical-helmet","36":"product_tag-warq-trainingshelm","37":"product_tag-zwarte-warq-helm","38":"product_shipping_class-vast-tarief-eu-overig","40":"first","41":"instock","42":"taxable","43":"shipping-taxable","44":"purchasable","45":"product-type-simple"},"exclude_global_add_ons":[],"addons":[],"mb":[],"mfb_rest_fields":["title","exclude_global_add_ons","addons"],"_links":{"self":[{"href":"https:\/\/dogpride.nl\/fr\/wp-json\/wp\/v2\/product\/74621","targetHints":{"allow":["GET"]}}],"collection":[{"href":"https:\/\/dogpride.nl\/fr\/wp-json\/wp\/v2\/product"}],"about":[{"href":"https:\/\/dogpride.nl\/fr\/wp-json\/wp\/v2\/types\/product"}],"wp:featuredmedia":[{"embeddable":true,"href":"https:\/\/dogpride.nl\/fr\/wp-json\/wp\/v2\/media\/74622"}],"wp:attachment":[{"href":"https:\/\/dogpride.nl\/fr\/wp-json\/wp\/v2\/media?parent=74621"}],"wp:term":[{"taxonomy":"product_brand","embeddable":true,"href":"https:\/\/dogpride.nl\/fr\/wp-json\/wp\/v2\/product_brand?post=74621"},{"taxonomy":"product_cat","embeddable":true,"href":"https:\/\/dogpride.nl\/fr\/wp-json\/wp\/v2\/product_cat?post=74621"},{"taxonomy":"product_tag","embeddable":true,"href":"https:\/\/dogpride.nl\/fr\/wp-json\/wp\/v2\/product_tag?post=74621"}],"curies":[{"name":"wp","href":"https:\/\/api.w.org\/{rel}","templated":true}]}}