{"id":7460,"date":"2021-05-20T15:13:59","date_gmt":"2021-05-20T13:13:59","guid":{"rendered":"https:\/\/dogpride1.wpengine.com\/?post_type=product&#038;p=7460"},"modified":"2026-01-02T16:11:37","modified_gmt":"2026-01-02T15:11:37","slug":"dog-runner-tracks-hondenloopband","status":"publish","type":"product","link":"https:\/\/dogpride.nl\/fr\/dog-runner-tracks-hondenloopband\/","title":{"rendered":"Dog Runner Tracks Tapis de course pour chien"},"content":{"rendered":"<h4>Dog Runner Tracks Tapis de course pour chien<\/h4>\n<p>De Dog Runner Tracks Hondenloopband werd met de grootste zorg ontworpen. Dit gloednieuwe model koppelt de allerhoogste kwaliteit aan budgetvriendelijkheid. Bij Dog Runner gaan we elke dag opnieuw voor het allerbeste.<br \/>\nWaarom compromissen sluiten wanneer je nu een \u00e9chte Dog Runner loopband bij je thuis kan hebben.<\/p>\n<div>Ce tapis roulant Dog Runner Tracks convient aux chiens de petite, moyenne et grande taille. Que vous souhaitiez vous entra\u00eener avec un chiot ou un Malinois\u2026 ces nouveaux Tracks sont votre alli\u00e9 parfait !<\/div>\n<div>\n<p>Venez le tester dans notre showroom, nous nous ferons un plaisir de vous guider vous et votre ami \u00e0 quatre pattes !<\/p>\n<p><a href=\"https:\/\/dogpride.nl\/fr\/dog-runner-hondenloopbanden\/\"><img loading=\"lazy\" decoding=\"async\" class=\"alignnone\" title=\"Dog Runner Tracks Tapis de course pour chien\" src=\"https:\/\/dogpride.nl\/wp-content\/uploads\/dogrunnertracks1p0a4021-416x381-1-150x150.jpeg\" alt=\"Dog Runner Tracks Hondenloopband\" width=\"150\" height=\"150\" \/><\/a><\/p>\n<\/div>\n<p><strong>Sp\u00e9cifications techniques:<\/strong><\/p>\n<ul>\n<li>Dimensions surface de course (L x l) : 133 x 40 cm<\/li>\n<li>Dimensions de l&#039;appareil (L x l x H) : 165 x 56 x 100 mm<\/li>\n<li>\u00c9paisseur de la bande de roulement : 1,5 mm<\/li>\n<li>Poids maximum autoris\u00e9 : 90 kg<\/li>\n<li>Vitesse\u00a0: 0,8-13\u00a0km\/h<\/li>\n<li>Moteur : 2,5 CV<\/li>\n<li>Inclinaison : 3 positions r\u00e9glables manuellement<\/li>\n<li>T\u00e9l\u00e9commande : Aucune<\/li>\n<li>Affichage LCD<\/li>\n<li>Programmes<\/li>\n<li>Capacit\u00e9 \u00e0 concevoir ses propres programmes<\/li>\n<\/ul>\n<p><img loading=\"lazy\" decoding=\"async\" class=\"alignnone\" title=\"Dog Runner Tracks Tapis de course pour chien\" src=\"https:\/\/dogpride.nl\/wp-content\/uploads\/dogrunnertracks1p0a3962-kopie-416x416-1-150x150.jpeg\" alt=\"Dog Runner Tracks Hondenloopband\" width=\"150\" height=\"150\" \/><\/p>\n<h4>Quelques avantages :<\/h4>\n<ul>\n<li>Ne laissez plus jamais votre chien sortir sous la pluie ou par mauvais temps.<\/li>\n<li>Prend peu de place et garantit que votre chien a sa dose quotidienne d&#039;exercice.<\/li>\n<li>Concentration accrue.<\/li>\n<li>Aide \u00e0 maintenir le poids de votre chien.<\/li>\n<li>Surface stable et mouvement contr\u00f4l\u00e9 pendant l&#039;entra\u00eenement.<\/li>\n<li>Entra\u00eenement au rythme id\u00e9al de votre animal pr\u00e9f\u00e9r\u00e9.<\/li>\n<li>Partenaire optimal en r\u00e9habilitation.<\/li>\n<li>L&#039;utilisation d&#039;un tapis roulant pour chien peut avoir un impact positif sur les probl\u00e8mes de comportement.<\/li>\n<li>Entra\u00eenement parfaitement \u00e9quilibr\u00e9 en pr\u00e9paration aux comp\u00e9titions et spectacles.<\/li>\n<\/ul>\n<p data-start=\"161\" data-end=\"548\">Le <strong data-start=\"164\" data-end=\"200\">Dog Runner Tracks Tapis de course pour chien<\/strong> is d\u00e9 professionele oplossing voor honden die dagelijks behoefte hebben aan gecontroleerde, veilige en effectieve beweging. Of het nu gaat om conditietraining, revalidatie, gewichtsbeheersing of mentale uitdaging: deze hondenloopband biedt een betrouwbare manier om jouw hond gezond en actief te houden, ongeacht weersomstandigheden of tijdgebrek.<\/p>\n<p data-start=\"550\" data-end=\"1072\">Le\u00a0<strong>Dog Runner Tracks Tapis de course pour chien<\/strong>\u00a0is speciaal ontworpen met het welzijn van de hond als hoogste prioriteit. Het robuuste frame zorgt voor maximale stabiliteit, terwijl het ruime antislip loopvlak jouw hond een veilig en comfortabel trainingsoppervlak biedt. Dankzij de stille motor en soepele loop ervaart de hond minimale stress, wat essentieel is voor zowel beginnende als ervaren gebruikers. De instelbare snelheid maakt het mogelijk om het trainingsniveau volledig af te stemmen op de leeftijd, conditie en het formaat van de hond.<\/p>\n<p data-start=\"1074\" data-end=\"1564\">Deze hondenloopband is uitermate geschikt voor verschillende trainingsdoelen. Bij honden met overgewicht helpt de <strong>Dog Runner Tracks Tapis de course pour chien<\/strong> om gecontroleerd calorie\u00ebn te verbranden zonder overbelasting van gewrichten. Voor sporthonden ondersteunt de loopband een gerichte conditie- en spieropbouw, terwijl senior honden profiteren van rustige, gelijkmatige beweging. Ook bij revalidatie na een blessure of operatie wordt de hondenloopband veel ingezet, omdat de training nauwkeurig te reguleren is.<\/p>\n<p data-start=\"1566\" data-end=\"2033\">Naast fysieke voordelen draagt de <strong>Dog Runner Tracks Tapis de course pour chien<\/strong> ook bij aan mentale balans. Regelmatige beweging vermindert stress, verveling en probleemgedrag. Zeker voor honden die weinig buiten kunnen trainen of snel overprikkeld raken, is een gecontroleerde training binnenshuis een waardevolle aanvulling. De loopband kan zowel thuis als in professionele omgevingen worden gebruikt, zoals hondenscholen, trimsalons, dierenklinieken en fysiotherapiepraktijken.<\/p>\n<p data-start=\"2035\" data-end=\"2418\">De Dog Runner Tracks onderscheidt zich door zijn duurzaamheid en gebruiksgemak. De eenvoudige bediening zorgt ervoor dat trainers en hondeneigenaren snel en veilig aan de slag kunnen. Bovendien is de loopband onderhoudsvriendelijk en ontworpen voor langdurig intensief gebruik. Dit maakt het een slimme investering voor iedereen die serieus bezig is met hondenconditie en gezondheid.<\/p>\n<p data-start=\"2420\" data-end=\"2745\">Kortom, met de <strong data-start=\"2435\" data-end=\"2471\">Dog Runner Tracks Tapis de course pour chien<\/strong> kies je voor kwaliteit, veiligheid en veelzijdigheid. Je geeft jouw hond de beweging die hij nodig heeft, op een manier die volledig aansluit bij zijn individuele behoeften. Een gezonde hond begint bij de juiste training \u2013 en die start met een professionele hondenloopband.<\/p>\n<p>&nbsp;<\/p>\n<p><a href=\"https:\/\/www.dogrunner.eu\/nl\/\" target=\"_blank\" rel=\"noopener\"><img loading=\"lazy\" decoding=\"async\" class=\"alignnone\" title=\"Dog Runner Tracks Tapis de course pour chien\" src=\"https:\/\/www.dogrunner.eu\/wp-content\/themes\/dogrunner\/public\/img\/logo.png\" alt=\"Dog Runner Tracks Hondenloopband\" width=\"194\" height=\"56\" \/><\/a><\/p>","protected":false},"excerpt":{"rendered":"<p><strong>Dog Runner Tracks Hondenloopband.<\/strong> Ce tout nouveau mod\u00e8le combine la plus haute qualit\u00e9 avec le respect du budget. Chez Dog Runner, nous recherchons le meilleur chaque jour. Pourquoi faire des compromis quand vous pouvez maintenant avoir un vrai tapis de course Dog Runner chez vous.<\/p>","protected":false},"featured_media":46372,"template":"","meta":[],"product_brand":[],"product_cat":[21058],"product_tag":[21075,9235,21070,21078,21073,21025,21074,10504,9238,21076,21077,21071,21072,13314],"class_list":{"0":"post-7460","1":"product","2":"type-product","3":"status-publish","4":"has-post-thumbnail","6":"product_cat-dog-runner-hondenloopbanden","7":"product_tag-conditietraining-hond","8":"product_tag-dog-runner","9":"product_tag-dog-runner-tracks-hondenloopband","10":"product_tag-honden-beweging-binnenshuis","11":"product_tag-honden-fitness","12":"product_tag-honden-gezondheid","13":"product_tag-honden-revalidatie","14":"product_tag-honden-training","15":"product_tag-hondenloopband","16":"product_tag-hondenloopband-webshop","17":"product_tag-hondenspieropbouw","18":"product_tag-loopband-voor-honden","19":"product_tag-professionele-hondenloopband","20":"product_tag-tracks","21":"product_shipping_class-levering-op-pallet","23":"first","24":"instock","25":"taxable","26":"shipping-taxable","27":"purchasable","28":"product-type-simple"},"mb":[],"mfb_rest_fields":["title"],"_links":{"self":[{"href":"https:\/\/dogpride.nl\/fr\/wp-json\/wp\/v2\/product\/7460","targetHints":{"allow":["GET"]}}],"collection":[{"href":"https:\/\/dogpride.nl\/fr\/wp-json\/wp\/v2\/product"}],"about":[{"href":"https:\/\/dogpride.nl\/fr\/wp-json\/wp\/v2\/types\/product"}],"wp:featuredmedia":[{"embeddable":true,"href":"https:\/\/dogpride.nl\/fr\/wp-json\/wp\/v2\/media\/46372"}],"wp:attachment":[{"href":"https:\/\/dogpride.nl\/fr\/wp-json\/wp\/v2\/media?parent=7460"}],"wp:term":[{"taxonomy":"product_brand","embeddable":true,"href":"https:\/\/dogpride.nl\/fr\/wp-json\/wp\/v2\/product_brand?post=7460"},{"taxonomy":"product_cat","embeddable":true,"href":"https:\/\/dogpride.nl\/fr\/wp-json\/wp\/v2\/product_cat?post=7460"},{"taxonomy":"product_tag","embeddable":true,"href":"https:\/\/dogpride.nl\/fr\/wp-json\/wp\/v2\/product_tag?post=7460"}],"curies":[{"name":"wp","href":"https:\/\/api.w.org\/{rel}","templated":true}]}}