{"id":74598,"date":"2021-09-23T15:27:06","date_gmt":"2021-09-23T13:27:06","guid":{"rendered":"https:\/\/dogpride1.wpengine.com\/?post_type=product&#038;p=74598"},"modified":"2021-12-23T14:19:56","modified_gmt":"2021-12-23T13:19:56","slug":"morin-pro-force-interventievest","status":"publish","type":"product","link":"https:\/\/dogpride.nl\/fr\/morin-pro-force-interventievest\/","title":{"rendered":"Gilet d&#039;intervention de force MORIN PRO"},"content":{"rendered":"<h4>Gilet d&#039;intervention de force MORIN PRO<\/h4>\n<p><span class=\"\">Le gilet d&#039;intervention MORIN PRO Force est un gilet d&#039;intervention en nylon hydrofuge 100%<\/span><\/p>\n<p>Nombreuses poches avant pour ranger 1 radio, 5 cartouches, 1 lampe, 8 cartouches flash-ball, 3 grenades, 1 tonfa. Fermeture Tonfa au dos.<br \/>\nEmplacements de bandeau amovibles (rep\u00e8res vendus s\u00e9par\u00e9ment).<br \/>\n<span class=\"goog-text-highlight\">Ajustement des \u00e9paules<\/span><br \/>\n<span class=\"goog-text-highlight\">Taille unique<\/span><br \/>\n<span class=\"goog-text-highlight\">Vendu sans badges ni personnalisation.\u00a0<\/span><\/p>","protected":false},"excerpt":{"rendered":"<p>Gilet d&#039;intervention MORIN PRO Force. <span class=\"\">Gilet d&#039;intervention en nylon hydrofuge 100%.<\/span><\/p>","protected":false},"featured_media":74599,"template":"","meta":[],"product_brand":[],"product_cat":[2930],"product_tag":[],"class_list":{"0":"post-74598","1":"product","2":"type-product","3":"status-publish","4":"has-post-thumbnail","6":"product_cat-persoonlijke-uitrusting","8":"first","9":"instock","10":"taxable","11":"shipping-taxable","12":"purchasable","13":"product-type-simple"},"mb":[],"mfb_rest_fields":["title"],"_links":{"self":[{"href":"https:\/\/dogpride.nl\/fr\/wp-json\/wp\/v2\/product\/74598","targetHints":{"allow":["GET"]}}],"collection":[{"href":"https:\/\/dogpride.nl\/fr\/wp-json\/wp\/v2\/product"}],"about":[{"href":"https:\/\/dogpride.nl\/fr\/wp-json\/wp\/v2\/types\/product"}],"wp:featuredmedia":[{"embeddable":true,"href":"https:\/\/dogpride.nl\/fr\/wp-json\/wp\/v2\/media\/74599"}],"wp:attachment":[{"href":"https:\/\/dogpride.nl\/fr\/wp-json\/wp\/v2\/media?parent=74598"}],"wp:term":[{"taxonomy":"product_brand","embeddable":true,"href":"https:\/\/dogpride.nl\/fr\/wp-json\/wp\/v2\/product_brand?post=74598"},{"taxonomy":"product_cat","embeddable":true,"href":"https:\/\/dogpride.nl\/fr\/wp-json\/wp\/v2\/product_cat?post=74598"},{"taxonomy":"product_tag","embeddable":true,"href":"https:\/\/dogpride.nl\/fr\/wp-json\/wp\/v2\/product_tag?post=74598"}],"curies":[{"name":"wp","href":"https:\/\/api.w.org\/{rel}","templated":true}]}}