{"id":74591,"date":"2021-09-23T15:23:42","date_gmt":"2021-09-23T13:23:42","guid":{"rendered":"https:\/\/dogpride1.wpengine.com\/?post_type=product&#038;p=74591"},"modified":"2021-12-23T14:21:33","modified_gmt":"2021-12-23T13:21:33","slug":"morin-pro-force-interventievest-met-holster-voor-pa-of-taser","status":"publish","type":"product","link":"https:\/\/dogpride.nl\/fr\/morin-pro-force-interventievest-met-holster-voor-pa-of-taser\/","title":{"rendered":"Gilet d&#039;intervention de force MORIN PRO avec \u00e9tui pour PA ou Taser"},"content":{"rendered":"<h4>Gilet d&#039;intervention de force MORIN PRO avec \u00e9tui pour PA ou Taser<\/h4>\n<p><span class=\"\">Le gilet d&#039;intervention MORIN PRO Force avec \u00e9tui pour PA ou Taser est un gilet d&#039;intervention en nylon hydrofuge 100%<\/span><\/p>\n<p><span class=\"goog-text-highlight\">Nombreuses poches avant pour ranger 1 Sig Sauer 2022 ou PA ou Taser, 5 balles, 2 chargeurs, 1 chargeur HK (22 cm), 1 paire de menottes, 1 radio, 1 poche pour objets divers : 3 cartouches flashball ou gants<\/span><br \/>\n<span class=\"goog-text-highlight\">Emplacements d\u00e9tachables du casque sur la poitrine et le dos (marqueurs vendus s\u00e9par\u00e9ment)<\/span><br \/>\n<span class=\"goog-text-highlight\">R\u00e9glable sur les \u00e9paules et des deux c\u00f4t\u00e9s<\/span><br \/>\n<span class=\"goog-text-highlight\">Fermeture Tonfa au dos<\/span><br \/>\n<span class=\"goog-text-highlight\">Disponible en droitier ou gaucher<br \/>\nUne <\/span><span class=\"goog-text-highlight\">copain<\/span><br \/>\n<span class=\"goog-text-highlight\">Vendu sans badge ni personnalisation.\u00a0<\/span><\/p>","protected":false},"excerpt":{"rendered":"<p>Gilet d&#039;intervention de force MORIN PRO avec \u00e9tui pour PA ou Taser.<\/p>","protected":false},"featured_media":74568,"template":"","meta":[],"product_brand":[],"product_cat":[2930],"product_tag":[],"class_list":{"0":"post-74591","1":"product","2":"type-product","3":"status-publish","4":"has-post-thumbnail","6":"product_cat-persoonlijke-uitrusting","8":"first","9":"instock","10":"taxable","11":"shipping-taxable","12":"purchasable","13":"product-type-variable"},"mb":[],"mfb_rest_fields":["title"],"_links":{"self":[{"href":"https:\/\/dogpride.nl\/fr\/wp-json\/wp\/v2\/product\/74591","targetHints":{"allow":["GET"]}}],"collection":[{"href":"https:\/\/dogpride.nl\/fr\/wp-json\/wp\/v2\/product"}],"about":[{"href":"https:\/\/dogpride.nl\/fr\/wp-json\/wp\/v2\/types\/product"}],"wp:featuredmedia":[{"embeddable":true,"href":"https:\/\/dogpride.nl\/fr\/wp-json\/wp\/v2\/media\/74568"}],"wp:attachment":[{"href":"https:\/\/dogpride.nl\/fr\/wp-json\/wp\/v2\/media?parent=74591"}],"wp:term":[{"taxonomy":"product_brand","embeddable":true,"href":"https:\/\/dogpride.nl\/fr\/wp-json\/wp\/v2\/product_brand?post=74591"},{"taxonomy":"product_cat","embeddable":true,"href":"https:\/\/dogpride.nl\/fr\/wp-json\/wp\/v2\/product_cat?post=74591"},{"taxonomy":"product_tag","embeddable":true,"href":"https:\/\/dogpride.nl\/fr\/wp-json\/wp\/v2\/product_tag?post=74591"}],"curies":[{"name":"wp","href":"https:\/\/api.w.org\/{rel}","templated":true}]}}