{"id":74580,"date":"2021-09-23T14:54:24","date_gmt":"2021-09-23T12:54:24","guid":{"rendered":"https:\/\/dogpride1.wpengine.com\/?post_type=product&#038;p=74580"},"modified":"2021-12-23T14:23:25","modified_gmt":"2021-12-23T13:23:25","slug":"toe-molle-chest-vest","status":"publish","type":"product","link":"https:\/\/dogpride.nl\/fr\/toe-molle-chest-vest\/","title":{"rendered":"gilet poitrine TOE MOLLE"},"content":{"rendered":"<h4>gilet poitrine TOE MOLLE<\/h4>\n<p>gilet poitrine TOE MOLLE<\/p>\n<p>Tissu RIPSTOP\u00ae.<br \/>\nSyst\u00e8me MOLLE sur tout le gilet.<br \/>\n3 poches int\u00e9rieures.<br \/>\n<span class=\"goog-text-highlight\">Bretelles r\u00e9glables avec clip.<\/span><br \/>\nSangle r\u00e9glable avec clip.<br \/>\n4 passants r\u00e9glables pour tout type de ceinture.<\/p>\n<p>Mat\u00e9riel Morin professionnel pour la s\u00e9curit\u00e9 et les forces de l&#039;ordre.<\/p>","protected":false},"excerpt":{"rendered":"<p>Gilet poitrine TOE MOLLE. Syst\u00e8me MOLLE sur tout le gilet. 3 poches int\u00e9rieures. <span class=\"goog-text-highlight\">Bretelles r\u00e9glables avec clip. <\/span>Sangle r\u00e9glable avec clip.<\/p>","protected":false},"featured_media":74581,"template":"","meta":[],"product_brand":[],"product_cat":[2930],"product_tag":[],"class_list":{"0":"post-74580","1":"product","2":"type-product","3":"status-publish","4":"has-post-thumbnail","6":"product_cat-persoonlijke-uitrusting","8":"first","9":"instock","10":"taxable","11":"shipping-taxable","12":"purchasable","13":"product-type-simple"},"mb":[],"mfb_rest_fields":["title"],"_links":{"self":[{"href":"https:\/\/dogpride.nl\/fr\/wp-json\/wp\/v2\/product\/74580","targetHints":{"allow":["GET"]}}],"collection":[{"href":"https:\/\/dogpride.nl\/fr\/wp-json\/wp\/v2\/product"}],"about":[{"href":"https:\/\/dogpride.nl\/fr\/wp-json\/wp\/v2\/types\/product"}],"wp:featuredmedia":[{"embeddable":true,"href":"https:\/\/dogpride.nl\/fr\/wp-json\/wp\/v2\/media\/74581"}],"wp:attachment":[{"href":"https:\/\/dogpride.nl\/fr\/wp-json\/wp\/v2\/media?parent=74580"}],"wp:term":[{"taxonomy":"product_brand","embeddable":true,"href":"https:\/\/dogpride.nl\/fr\/wp-json\/wp\/v2\/product_brand?post=74580"},{"taxonomy":"product_cat","embeddable":true,"href":"https:\/\/dogpride.nl\/fr\/wp-json\/wp\/v2\/product_cat?post=74580"},{"taxonomy":"product_tag","embeddable":true,"href":"https:\/\/dogpride.nl\/fr\/wp-json\/wp\/v2\/product_tag?post=74580"}],"curies":[{"name":"wp","href":"https:\/\/api.w.org\/{rel}","templated":true}]}}