{"id":74573,"date":"2021-09-23T14:50:54","date_gmt":"2021-09-23T12:50:54","guid":{"rendered":"https:\/\/dogpride1.wpengine.com\/?post_type=product&#038;p=74573"},"modified":"2021-12-23T14:24:04","modified_gmt":"2021-12-23T13:24:04","slug":"toe-3-punts-interventiegordel-cordura","status":"publish","type":"product","link":"https:\/\/dogpride.nl\/fr\/toe-3-punts-interventiegordel-cordura\/","title":{"rendered":"TOE Ceinture d&#039;intervention 3 points Cordura"},"content":{"rendered":"<h4>TOE Ceinture d&#039;intervention 3 points Cordura<\/h4>\n<p>TOE Ceinture d&#039;intervention 3 points Cordura<\/p>\n<p>Tissu CORDURA 1000\u00ae deniers.<br \/>\nBoucle de s\u00e9curit\u00e9 \u00e0 3 points.<br \/>\nInt\u00e9rieur auto-agrippant.<br \/>\n<span class=\"goog-text-highlight\">Largeur 50mm.<\/span><br \/>\nTaille ajustable.<\/p>\n<p>Tailles\u00a0:<\/p>\n<p>S &gt; 90cm<br \/>\nM &gt; 100cm<br \/>\nL &gt; 110 cm<br \/>\nXL &gt; 120cm<br \/>\nXXL &gt; 130cm<\/p>","protected":false},"excerpt":{"rendered":"<p>Harnais d&#039;intervention 3 points TOE \u2013 Cordura. Tissu CORDURA 1000\u00ae deniers. Boucle de s\u00e9curit\u00e9 \u00e0 3 points.<\/p>","protected":false},"featured_media":74574,"template":"","meta":[],"product_brand":[],"product_cat":[2930],"product_tag":[],"class_list":{"0":"post-74573","1":"product","2":"type-product","3":"status-publish","4":"has-post-thumbnail","6":"product_cat-persoonlijke-uitrusting","8":"first","9":"instock","10":"taxable","11":"shipping-taxable","12":"purchasable","13":"product-type-variable"},"mb":[],"mfb_rest_fields":["title"],"_links":{"self":[{"href":"https:\/\/dogpride.nl\/fr\/wp-json\/wp\/v2\/product\/74573","targetHints":{"allow":["GET"]}}],"collection":[{"href":"https:\/\/dogpride.nl\/fr\/wp-json\/wp\/v2\/product"}],"about":[{"href":"https:\/\/dogpride.nl\/fr\/wp-json\/wp\/v2\/types\/product"}],"wp:featuredmedia":[{"embeddable":true,"href":"https:\/\/dogpride.nl\/fr\/wp-json\/wp\/v2\/media\/74574"}],"wp:attachment":[{"href":"https:\/\/dogpride.nl\/fr\/wp-json\/wp\/v2\/media?parent=74573"}],"wp:term":[{"taxonomy":"product_brand","embeddable":true,"href":"https:\/\/dogpride.nl\/fr\/wp-json\/wp\/v2\/product_brand?post=74573"},{"taxonomy":"product_cat","embeddable":true,"href":"https:\/\/dogpride.nl\/fr\/wp-json\/wp\/v2\/product_cat?post=74573"},{"taxonomy":"product_tag","embeddable":true,"href":"https:\/\/dogpride.nl\/fr\/wp-json\/wp\/v2\/product_tag?post=74573"}],"curies":[{"name":"wp","href":"https:\/\/api.w.org\/{rel}","templated":true}]}}