{"id":74569,"date":"2021-09-23T14:43:13","date_gmt":"2021-09-23T12:43:13","guid":{"rendered":"https:\/\/dogpride1.wpengine.com\/?post_type=product&#038;p=74569"},"modified":"2021-12-23T14:24:30","modified_gmt":"2021-12-23T13:24:30","slug":"stb-elastische-discrete-riem","status":"publish","type":"product","link":"https:\/\/dogpride.nl\/fr\/stb-elastische-discrete-riem\/","title":{"rendered":"Ceinture discr\u00e8te \u00e9lastique STB"},"content":{"rendered":"<h4>Ceinture discr\u00e8te \u00e9lastique STB<\/h4>\n<p>Ceinture discr\u00e8te \u00e9lastique STB<\/p>\n<p>Ceinture discr\u00e8te \u00e0 porter sous un t-shirt ou une veste.<br \/>\nPermet le transport de la radio, de l&#039;arme et de la lampe de poche ou du b\u00e2ton t\u00e9lescopique et des menottes.<br \/>\n<span class=\"goog-text-highlight\">Un best-seller en raison de sa fonctionnalit\u00e9.<\/span><br \/>\nD\u00e9velopp\u00e9 par et pour un groupe de sp\u00e9cialistes.<\/p>","protected":false},"excerpt":{"rendered":"<p>STB Ceinture \u00e9lastique discr\u00e8te. Permet le transport de la radio, de l&#039;arme, du porte-revues et de la lampe de poche ou de la matraque t\u00e9lescopique et des menottes.<\/p>","protected":false},"featured_media":74570,"template":"","meta":[],"product_brand":[],"product_cat":[2930],"product_tag":[],"class_list":{"0":"post-74569","1":"product","2":"type-product","3":"status-publish","4":"has-post-thumbnail","6":"product_cat-persoonlijke-uitrusting","8":"first","9":"instock","10":"taxable","11":"shipping-taxable","12":"purchasable","13":"product-type-simple"},"mb":[],"mfb_rest_fields":["title"],"_links":{"self":[{"href":"https:\/\/dogpride.nl\/fr\/wp-json\/wp\/v2\/product\/74569","targetHints":{"allow":["GET"]}}],"collection":[{"href":"https:\/\/dogpride.nl\/fr\/wp-json\/wp\/v2\/product"}],"about":[{"href":"https:\/\/dogpride.nl\/fr\/wp-json\/wp\/v2\/types\/product"}],"wp:featuredmedia":[{"embeddable":true,"href":"https:\/\/dogpride.nl\/fr\/wp-json\/wp\/v2\/media\/74570"}],"wp:attachment":[{"href":"https:\/\/dogpride.nl\/fr\/wp-json\/wp\/v2\/media?parent=74569"}],"wp:term":[{"taxonomy":"product_brand","embeddable":true,"href":"https:\/\/dogpride.nl\/fr\/wp-json\/wp\/v2\/product_brand?post=74569"},{"taxonomy":"product_cat","embeddable":true,"href":"https:\/\/dogpride.nl\/fr\/wp-json\/wp\/v2\/product_cat?post=74569"},{"taxonomy":"product_tag","embeddable":true,"href":"https:\/\/dogpride.nl\/fr\/wp-json\/wp\/v2\/product_tag?post=74569"}],"curies":[{"name":"wp","href":"https:\/\/api.w.org\/{rel}","templated":true}]}}