{"id":74557,"date":"2021-09-23T14:15:54","date_gmt":"2021-09-23T12:15:54","guid":{"rendered":"https:\/\/dogpride1.wpengine.com\/?post_type=product&#038;p=74557"},"modified":"2023-10-26T12:08:16","modified_gmt":"2023-10-26T10:08:16","slug":"camelback-drinkrugzak","status":"publish","type":"product","link":"https:\/\/dogpride.nl\/fr\/camelback-drinkrugzak\/","title":{"rendered":"Sac d&#039;hydratation Camelback"},"content":{"rendered":"<h4 class=\"txt-title-fichier\"><span class=\"goog-text-highlight\">Sac d&#039;hydratation Camelback<\/span><\/h4>\n<div id=\"\" class=\"\">\n<div id=\"CatDescribe\">\n<p><span class=\"\">Sac d&#039;hydratation Camelback. Le Camelbak Stealth Bag est le syst\u00e8me d&#039;hydratation id\u00e9al pour les courtes missions urbaines.<\/span><\/p>\n<p>Le sac \u00e0 boire est un Antidote LP d&#039;une contenance de 2 litres. Facile \u00e0 remplir gr\u00e2ce \u00e0 la large ouverture dans laquelle vous pouvez \u00e9galement mettre des gla\u00e7ons.<br \/>\n<span class=\"\">Facile \u00e0 utiliser gr\u00e2ce \u00e0 la \u00ab Big Bite Valve \u00bb.<br \/>\nLe silicone de qualit\u00e9 m\u00e9dicale de la t\u00e9tine garantit un acc\u00e8s facile \u00e0 tout moment : il suffit de mordre et de boire une gorg\u00e9e.<\/span><br \/>\nSans go\u00fbt : gr\u00e2ce au tube \u00ab Pur Flow \u00bb compos\u00e9 de trois \u00e9paisseurs : \u2013 Partie ext\u00e9rieure isolante en PVC = eau fra\u00eeche d\u00e8s la premi\u00e8re gorg\u00e9e. \u2013 Partie centrale = interface. \u2013 Partie int\u00e9rieure en poly\u00e9thyl\u00e8ne = eau garantie sans go\u00fbt.<br \/>\n<span class=\"goog-text-highlight\">Facile \u00e0 nettoyer : la technologie antimicrobienne Hydrogaurd tue 99 991 TP3T de bact\u00e9ries et champignons courants.<\/span><br \/>\nLa grande ouverture permet d&#039;y glisser facilement la main pour nettoyer l&#039;int\u00e9rieur. R\u00e9sistant et \u00e9tanche : En polyur\u00e9thane renforc\u00e9, le r\u00e9servoir Antidote a une r\u00e9sistance incomparable \u00e0 la casse et \u00e0 l&#039;\u00e9clatement. Le sac Stealth est uniquement disponible en noir.<\/p>\n<p>Le sac Stealth contient : \u2013 Sangles \u00e0 d\u00e9gagement rapide \u2013 1 poche plate pour glisser dans le r\u00e9servoir Antidote \u2013 Velcro pour porte-noms \u2013 Composition : Cordura 500D \u2013 Capacit\u00e9 d&#039;hydratation : 2 L \u2013 Poids \u00e0 vide : 300 g \u2013 Dimensions : 36,5 x 25,1 x 6,1 cm<\/p>\n<p>&nbsp;<\/p>\n<\/div>\n<\/div>\n<div><\/div>","protected":false},"excerpt":{"rendered":"<p class=\"txt-title-fichier\"><span class=\"goog-text-highlight\">Sac d&#039;hydratation Camelback. <span class=\"\">Le Camelbak Stealth Bag est le syst\u00e8me d&#039;hydratation id\u00e9al pour les courtes missions urbaines.<\/span><\/span><\/p>","protected":false},"featured_media":74558,"template":"","meta":[],"product_brand":[],"product_cat":[2911],"product_tag":[],"class_list":{"0":"post-74557","1":"product","2":"type-product","3":"status-publish","4":"has-post-thumbnail","6":"product_cat-pbm","8":"first","9":"instock","10":"taxable","11":"shipping-taxable","12":"purchasable","13":"product-type-simple"},"mb":[],"mfb_rest_fields":["title"],"_links":{"self":[{"href":"https:\/\/dogpride.nl\/fr\/wp-json\/wp\/v2\/product\/74557","targetHints":{"allow":["GET"]}}],"collection":[{"href":"https:\/\/dogpride.nl\/fr\/wp-json\/wp\/v2\/product"}],"about":[{"href":"https:\/\/dogpride.nl\/fr\/wp-json\/wp\/v2\/types\/product"}],"wp:featuredmedia":[{"embeddable":true,"href":"https:\/\/dogpride.nl\/fr\/wp-json\/wp\/v2\/media\/74558"}],"wp:attachment":[{"href":"https:\/\/dogpride.nl\/fr\/wp-json\/wp\/v2\/media?parent=74557"}],"wp:term":[{"taxonomy":"product_brand","embeddable":true,"href":"https:\/\/dogpride.nl\/fr\/wp-json\/wp\/v2\/product_brand?post=74557"},{"taxonomy":"product_cat","embeddable":true,"href":"https:\/\/dogpride.nl\/fr\/wp-json\/wp\/v2\/product_cat?post=74557"},{"taxonomy":"product_tag","embeddable":true,"href":"https:\/\/dogpride.nl\/fr\/wp-json\/wp\/v2\/product_tag?post=74557"}],"curies":[{"name":"wp","href":"https:\/\/api.w.org\/{rel}","templated":true}]}}