{"id":74544,"date":"2021-09-23T13:57:49","date_gmt":"2021-09-23T11:57:49","guid":{"rendered":"https:\/\/dogpride1.wpengine.com\/?post_type=product&#038;p=74544"},"modified":"2023-10-13T14:07:16","modified_gmt":"2023-10-13T12:07:16","slug":"princeton-tec-oplaadlamp-charge","status":"publish","type":"product","link":"https:\/\/dogpride.nl\/fr\/princeton-tec-oplaadlamp-charge\/","title":{"rendered":"Lampe de charge Princeton Tec Charge"},"content":{"rendered":"<h4>Lampe de charge Princeton Tec <span class=\"\">charge<\/span><\/h4>\n<p><span class=\"\">Lampe de charge Princeton Tec Charge. Le Charge\u2122 est une lampe de casque ou peut \u00eatre mont\u00e9 sur un collier ou une laisse de chien.<\/span><\/p>\n<p>Il est puissant et fonctionnel avec une tige flexible tr\u00e8s efficace. Il se monte directement sur rail ARC\u00ae et est \u00e9quip\u00e9 d&#039;une LED Maxbright blanche et de 3 LED Ultrabright (Rouge \/ Vert \/ Infrarouge). Le 1er mode est toujours le plus discret et maintenez le bouton enfonc\u00e9 pour activer le mode le plus puissant.<\/p>\n<p><strong>Caract\u00e9ristiques de la lampe Princeton Tec Charge<\/strong><\/p>\n<ul>\n<li>LED Maxbright\u00a0: blanche<\/li>\n<li>LED ultra-lumineuse\u00a0: Rouge\/Blanc\/Vert et IR<\/li>\n<li>Puissance : 55 lumens<\/li>\n<li>Couleur : Marron \/ Noir \/ Vert OD (selon version)<\/li>\n<li>Autonomie continue : Faible \/ 46h et forte \/ 4.5h<\/li>\n<li>Batterie : 1 pile AA<\/li>\n<li>Poids : 47g<\/li>\n<li><span class=\"goog-text-highlight\">R\u00e9sistance aux intemp\u00e9ries : IPX7 (\u00e9tanche \u00e0 1m)<\/span><\/li>\n<li>Adaptateurs MOLLE, bandeau et casque (ACH, ECH et MICH) inclus (aux couleurs de la lampe)<\/li>\n<\/ul>\n<p>Lexique:<br \/>\nRouge = RD<br \/>\nVert = GR<br \/>\nInfrarouge = IR<br \/>\nBlanc = WH<\/p>","protected":false},"excerpt":{"rendered":"<p>Lampe de charge Princeton Tec <span class=\"\">ChargeMC<\/span>. <span class=\"\">Le Charge\u2122 est une lampe de casque ou peut \u00eatre mont\u00e9 sur un collier ou une laisse de chien.<\/span><\/p>","protected":false},"featured_media":74545,"template":"","meta":[],"product_brand":[],"product_cat":[2919],"product_tag":[],"class_list":{"0":"post-74544","1":"product","2":"type-product","3":"status-publish","4":"has-post-thumbnail","6":"product_cat-verlichting-voor-k9-handlers","8":"first","9":"instock","10":"taxable","11":"shipping-taxable","12":"purchasable","13":"product-type-variable"},"mb":[],"mfb_rest_fields":["title"],"_links":{"self":[{"href":"https:\/\/dogpride.nl\/fr\/wp-json\/wp\/v2\/product\/74544","targetHints":{"allow":["GET"]}}],"collection":[{"href":"https:\/\/dogpride.nl\/fr\/wp-json\/wp\/v2\/product"}],"about":[{"href":"https:\/\/dogpride.nl\/fr\/wp-json\/wp\/v2\/types\/product"}],"wp:featuredmedia":[{"embeddable":true,"href":"https:\/\/dogpride.nl\/fr\/wp-json\/wp\/v2\/media\/74545"}],"wp:attachment":[{"href":"https:\/\/dogpride.nl\/fr\/wp-json\/wp\/v2\/media?parent=74544"}],"wp:term":[{"taxonomy":"product_brand","embeddable":true,"href":"https:\/\/dogpride.nl\/fr\/wp-json\/wp\/v2\/product_brand?post=74544"},{"taxonomy":"product_cat","embeddable":true,"href":"https:\/\/dogpride.nl\/fr\/wp-json\/wp\/v2\/product_cat?post=74544"},{"taxonomy":"product_tag","embeddable":true,"href":"https:\/\/dogpride.nl\/fr\/wp-json\/wp\/v2\/product_tag?post=74544"}],"curies":[{"name":"wp","href":"https:\/\/api.w.org\/{rel}","templated":true}]}}