{"id":74534,"date":"2021-09-23T13:33:27","date_gmt":"2021-09-23T11:33:27","guid":{"rendered":"https:\/\/dogpride1.wpengine.com\/?post_type=product&#038;p=74534"},"modified":"2021-12-23T15:27:11","modified_gmt":"2021-12-23T14:27:11","slug":"streamlight-bandit-hoofdlamp-zwart","status":"publish","type":"product","link":"https:\/\/dogpride.nl\/fr\/streamlight-bandit-hoofdlamp-zwart\/","title":{"rendered":"STREAMLIGHT BANDIT Lampe frontale noire"},"content":{"rendered":"<h4>STREAMLIGHT BANDIT Lampe frontale noire<\/h4>\n<p><span class=\"\">La lampe frontale STREAMLIGHT BANDIT noire est une lampe frontale adapt\u00e9e aux forces de l&#039;ordre.<\/span><\/p>\n<p>Lampe Frontale Streamlight Bandit - Noire. La lampe frontale Bandit\u00ae ultra l\u00e9g\u00e8re et r\u00e9sistante aux intemp\u00e9ries est g\u00e9n\u00e9ralement utilis\u00e9e comme lampe d&#039;ambiance ou de travail.<br \/>\nIl dispose d&#039;un gros bouton pour un allumage facile et d&#039;une batterie lithium-polym\u00e8re rechargeable. Le capuchon en caoutchouc emp\u00eache la salet\u00e9 et les d\u00e9bris d&#039;entrer dans le port micro USB. Il dispose d&#039;un adaptateur de clip amovible pour fixer la lampe de poche \u00e0 la visi\u00e8re d&#039;une casquette ou pour fournir un ajustement suppl\u00e9mentaire vers le bas lorsqu&#039;il est utilis\u00e9 avec la sangle.<br \/>\nLa lampe noire a une LED blanche avec trois niveaux de luminosit\u00e9 : haut, bas et flash.<br \/>\nPendant la charge, une LED rouge sur le bouton marche\/arr\u00eat s&#039;allume pour indiquer que la batterie est en charge, puis une LED verte indique que la batterie est charg\u00e9e.<br \/>\nTemps de charge : environ 2h30min.<br \/>\nDimensions : 6,85 x 1,9 x 2,87 cm<br \/>\nPoids : 36,8 g (avec bandeau) ;\u00a0<span class=\"goog-text-highlight\">39.7g (avec clip amovible)<\/span><br \/>\n<span class=\"goog-text-highlight\">Antichoc test\u00e9 \u00e0 2 m\u00e8tres<\/span><br \/>\n<span class=\"goog-text-highlight\">IPX4 r\u00e9sistant aux intemp\u00e9ries<\/span><br \/>\n<span class=\"goog-text-highlight\">Technologie LED COB pour une luminosit\u00e9 extr\u00eame<\/span><br \/>\n<span class=\"goog-text-highlight\">Avec bandeau et c\u00e2ble USB Noir<\/span><\/p>","protected":false},"excerpt":{"rendered":"<p>Lampe frontale STREAMLIGHT BANDIT - noire. La lampe frontale Bandit\u00ae ultra l\u00e9g\u00e8re et r\u00e9sistante aux intemp\u00e9ries est g\u00e9n\u00e9ralement utilis\u00e9e comme lampe d&#039;ambiance ou de travail.<\/p>","protected":false},"featured_media":74535,"template":"","meta":[],"product_brand":[],"product_cat":[2919],"product_tag":[],"class_list":{"0":"post-74534","1":"product","2":"type-product","3":"status-publish","4":"has-post-thumbnail","6":"product_cat-verlichting-voor-k9-handlers","8":"first","9":"instock","10":"taxable","11":"shipping-taxable","12":"purchasable","13":"product-type-simple"},"mb":[],"mfb_rest_fields":["title"],"_links":{"self":[{"href":"https:\/\/dogpride.nl\/fr\/wp-json\/wp\/v2\/product\/74534","targetHints":{"allow":["GET"]}}],"collection":[{"href":"https:\/\/dogpride.nl\/fr\/wp-json\/wp\/v2\/product"}],"about":[{"href":"https:\/\/dogpride.nl\/fr\/wp-json\/wp\/v2\/types\/product"}],"wp:featuredmedia":[{"embeddable":true,"href":"https:\/\/dogpride.nl\/fr\/wp-json\/wp\/v2\/media\/74535"}],"wp:attachment":[{"href":"https:\/\/dogpride.nl\/fr\/wp-json\/wp\/v2\/media?parent=74534"}],"wp:term":[{"taxonomy":"product_brand","embeddable":true,"href":"https:\/\/dogpride.nl\/fr\/wp-json\/wp\/v2\/product_brand?post=74534"},{"taxonomy":"product_cat","embeddable":true,"href":"https:\/\/dogpride.nl\/fr\/wp-json\/wp\/v2\/product_cat?post=74534"},{"taxonomy":"product_tag","embeddable":true,"href":"https:\/\/dogpride.nl\/fr\/wp-json\/wp\/v2\/product_tag?post=74534"}],"curies":[{"name":"wp","href":"https:\/\/api.w.org\/{rel}","templated":true}]}}