{"id":74531,"date":"2021-09-23T13:26:54","date_gmt":"2021-09-23T11:26:54","guid":{"rendered":"https:\/\/dogpride1.wpengine.com\/?post_type=product&#038;p=74531"},"modified":"2021-12-23T15:28:33","modified_gmt":"2021-12-23T14:28:33","slug":"oplaadbare-streamlight-zaklamp-polystinger-led-c4","status":"publish","type":"product","link":"https:\/\/dogpride.nl\/fr\/oplaadbare-streamlight-zaklamp-polystinger-led-c4\/","title":{"rendered":"Lampe de poche rechargeable Streamlight Polystinger-LED-C4"},"content":{"rendered":"<h4>Lampe de poche rechargeable Streamlight Polystinger-LED-C4<\/h4>\n<p>Lampe de poche rechargeable Streamlight Polystinger-LED-C4<\/p>\n<p>Eclairage : 1 LED d&#039;une dur\u00e9e de vie de 50 000 heures 3 niveaux d&#039;intensit\u00e9 : maximum, moyen, faible + fonction stroboscopique<br \/>\nAlimentation : batteries NiMH neuves rechargeables 1000 fois<br \/>\nCorps : nylon polym\u00e8re haute r\u00e9sistance non conducteur et poign\u00e9e antid\u00e9rapante<br \/>\nR\u00e9flecteur parabolique profond pour un \u00e9clairage puissant avec un halo p\u00e9riph\u00e9rique r\u00e9gulier<br \/>\nLentille en polycarbonate incassable<br \/>\nPoids \/ Dimensions : 326g \/ 20.5cm<br \/>\nNOIR AVEC CHARGEUR 220V + 12V<\/p>","protected":false},"excerpt":{"rendered":"<p>Lampe de poche rechargeable Streamlight - Polystinger LED-C4. R\u00e9flecteur parabolique profond pour un \u00e9clairage puissant avec un halo p\u00e9riph\u00e9rique r\u00e9gulier.<\/p>","protected":false},"featured_media":74532,"template":"","meta":[],"product_brand":[],"product_cat":[2919],"product_tag":[],"class_list":{"0":"post-74531","1":"product","2":"type-product","3":"status-publish","4":"has-post-thumbnail","6":"product_cat-verlichting-voor-k9-handlers","8":"first","9":"instock","10":"taxable","11":"shipping-taxable","12":"purchasable","13":"product-type-simple"},"mb":[],"mfb_rest_fields":["title"],"_links":{"self":[{"href":"https:\/\/dogpride.nl\/fr\/wp-json\/wp\/v2\/product\/74531","targetHints":{"allow":["GET"]}}],"collection":[{"href":"https:\/\/dogpride.nl\/fr\/wp-json\/wp\/v2\/product"}],"about":[{"href":"https:\/\/dogpride.nl\/fr\/wp-json\/wp\/v2\/types\/product"}],"wp:featuredmedia":[{"embeddable":true,"href":"https:\/\/dogpride.nl\/fr\/wp-json\/wp\/v2\/media\/74532"}],"wp:attachment":[{"href":"https:\/\/dogpride.nl\/fr\/wp-json\/wp\/v2\/media?parent=74531"}],"wp:term":[{"taxonomy":"product_brand","embeddable":true,"href":"https:\/\/dogpride.nl\/fr\/wp-json\/wp\/v2\/product_brand?post=74531"},{"taxonomy":"product_cat","embeddable":true,"href":"https:\/\/dogpride.nl\/fr\/wp-json\/wp\/v2\/product_cat?post=74531"},{"taxonomy":"product_tag","embeddable":true,"href":"https:\/\/dogpride.nl\/fr\/wp-json\/wp\/v2\/product_tag?post=74531"}],"curies":[{"name":"wp","href":"https:\/\/api.w.org\/{rel}","templated":true}]}}