{"id":74529,"date":"2021-09-23T13:23:49","date_gmt":"2021-09-23T11:23:49","guid":{"rendered":"https:\/\/dogpride1.wpengine.com\/?post_type=product&#038;p=74529"},"modified":"2021-12-23T15:30:19","modified_gmt":"2021-12-23T14:30:19","slug":"streamlight-protac-2l-x-usb-lamp-met-oplaadbare-batterijen-in-blister","status":"publish","type":"product","link":"https:\/\/dogpride.nl\/fr\/streamlight-protac-2l-x-usb-lamp-met-oplaadbare-batterijen-in-blister\/","title":{"rendered":"Lampe USB STREAMLIGHT PROTAC 2L-X - avec piles rechargeables - sous blister"},"content":{"rendered":"<h4>Lampe USB STREAMLIGHT PROTAC 2L-X - avec piles rechargeables - sous blister<\/h4>\n<p>Lampe USB STREAMLIGHT PROTAC 2L-X - avec piles rechargeables - sous blister. Lampe de poche avec 500 lumens<\/p>\n<p>Lampe de poche USB Streamlight Protac 2L-X - Avec piles rechargeables - Sous blister La ProTac\u00ae 2L-X USB est une lampe de poche tactique de 500 lumens qui peut utiliser soit une batterie Li-Ion rechargeable Streamlight 18650, soit deux piles jetables CR123A.<br \/>\nLe ProTac\u00ae 2L-X USB est livr\u00e9 avec une batterie Streamlight 18650 avec un port de chargement micro USB int\u00e9gr\u00e9.<br \/>\nLa lumi\u00e8re a un interrupteur tactique \u00e0 l&#039;extr\u00e9mit\u00e9 de la lumi\u00e8re pour un allumage momentan\u00e9 ou constant, trois programmes diff\u00e9rents s\u00e9lectionnables par l&#039;utilisateur et un clip de poche pour plus de commodit\u00e9.<br \/>\nLe bo\u00eetier en aluminium avec anodisation Military Spec Type II rend les lampes extr\u00eamement solides et r\u00e9sistantes \u00e0 l&#039;usure.<\/p>\n<p><strong>Fonction de lampe Streamlight<\/strong><\/p>\n<p><span class=\"goog-text-highlight\">Lentille\u00a0: lentille en verre, joint d&#039;\u00e9tanch\u00e9it\u00e9<\/span><br \/>\n<span class=\"goog-text-highlight\">Conception certifi\u00e9e IPX7\u00a0: \u00c9tanche jusqu&#039;\u00e0 1\u00a0m\u00e8tre de profondeur pendant 30\u00a0minutes<\/span><br \/>\n<span class=\"goog-text-highlight\">Programme TEN-TAP\u00ae pour la s\u00e9lection de diff\u00e9rents modes<\/span><br \/>\n<span class=\"goog-text-highlight\">Lampe rechargeable avec piles USB rechargeables 18650<\/span><br \/>\n<span class=\"goog-text-highlight\">Bo\u00eetier en aluminium anodis\u00e9 aux sp\u00e9cifications militaires de type II<\/span><br \/>\n<span class=\"goog-text-highlight\">Longueur : 13cm<\/span><br \/>\n<span class=\"goog-text-highlight\">Diam\u00e8tre du corps : 2,4 cm<\/span><br \/>\n<span class=\"goog-text-highlight\">Diam\u00e8tre de la t\u00eate : 2,7 cm<\/span><br \/>\n<span class=\"goog-text-highlight\">Poids : 125 g avec batterie<\/span><br \/>\n<span class=\"goog-text-highlight\">Antichoc 2 m\u00e8tres<\/span><\/p>","protected":false},"excerpt":{"rendered":"<p>La lampe USB STREAMLIGHT PROTAC 2L-X - avec piles rechargeables - sous blister est une lampe de poche tactique de 500 lumens.<\/p>","protected":false},"featured_media":74530,"template":"","meta":[],"product_brand":[],"product_cat":[2919],"product_tag":[],"class_list":{"0":"post-74529","1":"product","2":"type-product","3":"status-publish","4":"has-post-thumbnail","6":"product_cat-verlichting-voor-k9-handlers","8":"first","9":"instock","10":"taxable","11":"shipping-taxable","12":"purchasable","13":"product-type-simple"},"mb":[],"mfb_rest_fields":["title"],"_links":{"self":[{"href":"https:\/\/dogpride.nl\/fr\/wp-json\/wp\/v2\/product\/74529","targetHints":{"allow":["GET"]}}],"collection":[{"href":"https:\/\/dogpride.nl\/fr\/wp-json\/wp\/v2\/product"}],"about":[{"href":"https:\/\/dogpride.nl\/fr\/wp-json\/wp\/v2\/types\/product"}],"wp:featuredmedia":[{"embeddable":true,"href":"https:\/\/dogpride.nl\/fr\/wp-json\/wp\/v2\/media\/74530"}],"wp:attachment":[{"href":"https:\/\/dogpride.nl\/fr\/wp-json\/wp\/v2\/media?parent=74529"}],"wp:term":[{"taxonomy":"product_brand","embeddable":true,"href":"https:\/\/dogpride.nl\/fr\/wp-json\/wp\/v2\/product_brand?post=74529"},{"taxonomy":"product_cat","embeddable":true,"href":"https:\/\/dogpride.nl\/fr\/wp-json\/wp\/v2\/product_cat?post=74529"},{"taxonomy":"product_tag","embeddable":true,"href":"https:\/\/dogpride.nl\/fr\/wp-json\/wp\/v2\/product_tag?post=74529"}],"curies":[{"name":"wp","href":"https:\/\/api.w.org\/{rel}","templated":true}]}}