{"id":74527,"date":"2021-09-23T13:19:08","date_gmt":"2021-09-23T11:19:08","guid":{"rendered":"https:\/\/dogpride1.wpengine.com\/?post_type=product&#038;p=74527"},"modified":"2021-12-23T15:31:26","modified_gmt":"2021-12-23T14:31:26","slug":"streamlight-sl-20l-oplaadbare-zaklamp","status":"publish","type":"product","link":"https:\/\/dogpride.nl\/fr\/streamlight-sl-20l-oplaadbare-zaklamp\/","title":{"rendered":"STREAMLIGHT SL-20L Lampe de poche rechargeable"},"content":{"rendered":"<h4>STREAMLIGHT SL-20L Lampe de poche rechargeable<\/h4>\n<p><span class=\"\">La lampe de poche rechargeable STREAMLIGHT SL-20L est une lampe de poche de s\u00e9curit\u00e9 et d&#039;application de la loi<\/span><\/p>\n<p>Lampe de poche LED-C4R multifonctionnelle en aluminium grand format avec un faisceau lumineux de 490 m\u00e8tres.<br \/>\nLe r\u00e9flecteur parabolique profond produit un faisceau \u00e9troit avec un \u00e9clairage p\u00e9riph\u00e9rique optimal.<br \/>\nTechnologie LED C4R, avec une dur\u00e9e de vie de 50 000 heures. S\u00e9lection des modes haut, moyen, bas ou stroboscopique au moyen du commutateur multifonction. Indicateur de niveau de charge sur l&#039;interrupteur, uniquement pendant la charge.<br \/>\n<span class=\"goog-text-highlight\">L&#039;\u00e9lectronique optimis\u00e9e assure une r\u00e9gulation<\/span><br \/>\n<span class=\"goog-text-highlight\">Batterie NiMH rechargeable jusqu&#039;\u00e0 1000 fois ;\u00a0<\/span>compl\u00e8tement charg\u00e9 en 7 heures<br \/>\nCompatible avec les supports de chargeur de la s\u00e9rie SL<br \/>\nFabriqu\u00e9 en aluminium d&#039;usine avec finition anodis\u00e9e, avec tige molet\u00e9e pour une prise en main s\u00fbre.<br \/>\nR\u00e9sistance \u00e0 l&#039;eau : IPX4.<br \/>\nLentille en polycarbonate incassable avec traitement anti-rayures<br \/>\nR\u00e9sistance aux chocs test\u00e9e \u00e0 2 m\u00e8tres.<br \/>\nDimensions : 33,3 cm \u2013<br \/>\nPoids : 770g<br \/>\nRECHARGEABLE AVEC TRANSFO 220V + 12V (avec deux supports)<\/p>","protected":false},"excerpt":{"rendered":"<p>STREAMLIGHT SL-20L Lampe de poche rechargeable. Lampe de poche LED-C4R multifonctionnelle en aluminium grand format avec un faisceau lumineux de 490 m\u00e8tres.<\/p>","protected":false},"featured_media":74528,"template":"","meta":[],"product_brand":[],"product_cat":[2919],"product_tag":[],"class_list":{"0":"post-74527","1":"product","2":"type-product","3":"status-publish","4":"has-post-thumbnail","6":"product_cat-verlichting-voor-k9-handlers","8":"first","9":"instock","10":"taxable","11":"shipping-taxable","12":"purchasable","13":"product-type-simple"},"mb":[],"mfb_rest_fields":["title"],"_links":{"self":[{"href":"https:\/\/dogpride.nl\/fr\/wp-json\/wp\/v2\/product\/74527","targetHints":{"allow":["GET"]}}],"collection":[{"href":"https:\/\/dogpride.nl\/fr\/wp-json\/wp\/v2\/product"}],"about":[{"href":"https:\/\/dogpride.nl\/fr\/wp-json\/wp\/v2\/types\/product"}],"wp:featuredmedia":[{"embeddable":true,"href":"https:\/\/dogpride.nl\/fr\/wp-json\/wp\/v2\/media\/74528"}],"wp:attachment":[{"href":"https:\/\/dogpride.nl\/fr\/wp-json\/wp\/v2\/media?parent=74527"}],"wp:term":[{"taxonomy":"product_brand","embeddable":true,"href":"https:\/\/dogpride.nl\/fr\/wp-json\/wp\/v2\/product_brand?post=74527"},{"taxonomy":"product_cat","embeddable":true,"href":"https:\/\/dogpride.nl\/fr\/wp-json\/wp\/v2\/product_cat?post=74527"},{"taxonomy":"product_tag","embeddable":true,"href":"https:\/\/dogpride.nl\/fr\/wp-json\/wp\/v2\/product_tag?post=74527"}],"curies":[{"name":"wp","href":"https:\/\/api.w.org\/{rel}","templated":true}]}}