{"id":74525,"date":"2021-09-23T13:10:23","date_gmt":"2021-09-23T11:10:23","guid":{"rendered":"https:\/\/dogpride1.wpengine.com\/?post_type=product&#038;p=74525"},"modified":"2022-10-24T14:34:10","modified_gmt":"2022-10-24T12:34:10","slug":"quiqlite-pro-wit-witte-led-handsfree-lamp-20-lumen","status":"publish","type":"product","link":"https:\/\/dogpride.nl\/fr\/quiqlite-pro-wit-witte-led-handsfree-lamp-20-lumen\/","title":{"rendered":"Lampe mains-libres LED blanche\/blanche QuiqLite Pro - 20 Lumens"},"content":{"rendered":"<h4>Lampe mains-libres LED blanche\/blanche QuiqLite Pro - 20 Lumens<\/h4>\n<p><span class=\"\">Lampe mains libres LED QuiqLite Pro blanc\/blanc - 20 Lumens. Lampe mains libres double LED \u00e0 faisceau large r\u00e9glable sur 160\u00b0<\/span><\/p>\n<p><span class=\"goog-text-highlight\">Une lampe qui offre un confort d&#039;\u00e9clairage sans \u00e9blouissement pour toute activit\u00e9 d&#039;intervention sur le terrain<\/span><br \/>\n<span class=\"goog-text-highlight\">Intensit\u00e9 lumineuse maximale : 20 lumens<br \/>\nLe plus bas <\/span><span class=\"goog-text-highlight\">autonomie : 40 heures<\/span><br \/>\n<span class=\"goog-text-highlight\">Deux intensit\u00e9s lumineuses (10 et 20 lm)<\/span><br \/>\n<span class=\"goog-text-highlight\">Mode clignotant (10 lm) Eclairage blanc pour lire et \u00e9crire<\/span><br \/>\n<span class=\"goog-text-highlight\">Arr\u00eat automatique apr\u00e8s 10 minutes<br \/>\n\u00c9tanch\u00e9it\u00e9 : norme IPX-4 (r\u00e9sistance aux intemp\u00e9ries)<\/span><br \/>\n<span class=\"goog-text-highlight\">Livr\u00e9 avec deux <\/span><span class=\"goog-text-highlight\">piles Lithium CR2032 3V non rechargeables r\u00e9f 26595<\/span><br \/>\n<span class=\"goog-text-highlight\">Corps rotatif \u00e0 360\u00b0 sur clip ceinture magn\u00e9tique et amovible<\/span><br \/>\n<span class=\"goog-text-highlight\">Attache pour laisse\/ceinture (50mm) et boucle MOLLE<\/span><br \/>\n<span class=\"goog-text-highlight\">Poids net : 30g (sans piles)<\/span><br \/>\n<span class=\"goog-text-highlight\">Poids brut\u00a0: 45\u00a0g (avec piles)<\/span><br \/>\n<span class=\"goog-text-highlight\">1 ann\u00e9e de garantie<\/span><\/p>","protected":false},"excerpt":{"rendered":"<p>Lampe mains libres LED QuiqLite Pro blanc\/blanc - 20 Lumen. <span class=\"\">Lampe mains libres double LED \u00e0 faisceau large r\u00e9glable \u00e0 160\u00b0.<\/span><\/p>","protected":false},"featured_media":74526,"template":"","meta":[],"product_brand":[],"product_cat":[2919],"product_tag":[],"class_list":{"0":"post-74525","1":"product","2":"type-product","3":"status-publish","4":"has-post-thumbnail","6":"product_cat-verlichting-voor-k9-handlers","8":"first","9":"instock","10":"taxable","11":"shipping-taxable","12":"purchasable","13":"product-type-simple"},"mb":[],"mfb_rest_fields":["title"],"_links":{"self":[{"href":"https:\/\/dogpride.nl\/fr\/wp-json\/wp\/v2\/product\/74525","targetHints":{"allow":["GET"]}}],"collection":[{"href":"https:\/\/dogpride.nl\/fr\/wp-json\/wp\/v2\/product"}],"about":[{"href":"https:\/\/dogpride.nl\/fr\/wp-json\/wp\/v2\/types\/product"}],"wp:featuredmedia":[{"embeddable":true,"href":"https:\/\/dogpride.nl\/fr\/wp-json\/wp\/v2\/media\/74526"}],"wp:attachment":[{"href":"https:\/\/dogpride.nl\/fr\/wp-json\/wp\/v2\/media?parent=74525"}],"wp:term":[{"taxonomy":"product_brand","embeddable":true,"href":"https:\/\/dogpride.nl\/fr\/wp-json\/wp\/v2\/product_brand?post=74525"},{"taxonomy":"product_cat","embeddable":true,"href":"https:\/\/dogpride.nl\/fr\/wp-json\/wp\/v2\/product_cat?post=74525"},{"taxonomy":"product_tag","embeddable":true,"href":"https:\/\/dogpride.nl\/fr\/wp-json\/wp\/v2\/product_tag?post=74525"}],"curies":[{"name":"wp","href":"https:\/\/api.w.org\/{rel}","templated":true}]}}