{"id":74519,"date":"2021-09-23T13:05:08","date_gmt":"2021-09-23T11:05:08","guid":{"rendered":"https:\/\/dogpride1.wpengine.com\/?post_type=product&#038;p=74519"},"modified":"2021-12-23T15:34:37","modified_gmt":"2021-12-23T14:34:37","slug":"visipad-rechthoekige-marker-10-uur-rood","status":"publish","type":"product","link":"https:\/\/dogpride.nl\/fr\/visipad-rechthoekige-marker-10-uur-rood\/","title":{"rendered":"Marqueur rectangulaire Visipad-10h-rouge"},"content":{"rendered":"<h4>Marqueur rectangulaire Visipad-10h-rouge<\/h4>\n<p>Marqueur rectangulaire Visipad-10 heures-rouge. Marqueur lumineux autocollant jetable<\/p>\n<p><span class=\"goog-text-highlight\">Activation d&#039;un simple geste en pliant et p\u00e9trissant le feutre<\/span><br \/>\n<span class=\"goog-text-highlight\">Compact, tr\u00e8s l\u00e9ger, non toxique (sans phtalates) et ininflammable<\/span><br \/>\n<span class=\"goog-text-highlight\">Ne provoque aucun\u00a0<\/span><span class=\"goog-text-highlight\">des \u00e9tincelles\u00a0<\/span><br \/>\n<span class=\"goog-text-highlight\">Ne g\u00e9n\u00e8re pas de chaleur<\/span><br \/>\n<span class=\"goog-text-highlight\">Forme rectangulaire avec une surface transparente et une surface autocollante de haute qualit\u00e9 con\u00e7ue pour les surfaces lisses et fermes<\/span><br \/>\n<span class=\"goog-text-highlight\">Surface plane pour \u00e9crire avec un marqueur permanent<\/span><br \/>\n<span class=\"goog-text-highlight\">Encoches et \u0153illets aux extr\u00e9mit\u00e9s pour fixation \u00e0 un c\u00e2ble ou une corde<\/span><br \/>\n<span class=\"goog-text-highlight\">Autonomie de la batterie : 10 heures<\/span><br \/>\n<span class=\"goog-text-highlight\">La couleur rouge<\/span><br \/>\n<span class=\"goog-text-highlight\">NNO 6260-01-564-0196<\/span><br \/>\n<span class=\"goog-text-highlight\">Dimensions : 11,2 x 6,5 cm<\/span><br \/>\n<span class=\"goog-text-highlight\">Poids : 10 grammes<\/span><\/p>","protected":false},"excerpt":{"rendered":"<p>Marqueur rectangulaire Visipad\u00ae - 10 heures rouge. <span class=\"goog-text-highlight\">Activation d&#039;un simple geste en pliant et p\u00e9trissant le feutre.<\/span><\/p>","protected":false},"featured_media":74520,"template":"","meta":[],"product_brand":[],"product_cat":[2919],"product_tag":[],"class_list":{"0":"post-74519","1":"product","2":"type-product","3":"status-publish","4":"has-post-thumbnail","6":"product_cat-verlichting-voor-k9-handlers","8":"first","9":"instock","10":"taxable","11":"shipping-taxable","12":"purchasable","13":"product-type-simple"},"mb":[],"mfb_rest_fields":["title"],"_links":{"self":[{"href":"https:\/\/dogpride.nl\/fr\/wp-json\/wp\/v2\/product\/74519","targetHints":{"allow":["GET"]}}],"collection":[{"href":"https:\/\/dogpride.nl\/fr\/wp-json\/wp\/v2\/product"}],"about":[{"href":"https:\/\/dogpride.nl\/fr\/wp-json\/wp\/v2\/types\/product"}],"wp:featuredmedia":[{"embeddable":true,"href":"https:\/\/dogpride.nl\/fr\/wp-json\/wp\/v2\/media\/74520"}],"wp:attachment":[{"href":"https:\/\/dogpride.nl\/fr\/wp-json\/wp\/v2\/media?parent=74519"}],"wp:term":[{"taxonomy":"product_brand","embeddable":true,"href":"https:\/\/dogpride.nl\/fr\/wp-json\/wp\/v2\/product_brand?post=74519"},{"taxonomy":"product_cat","embeddable":true,"href":"https:\/\/dogpride.nl\/fr\/wp-json\/wp\/v2\/product_cat?post=74519"},{"taxonomy":"product_tag","embeddable":true,"href":"https:\/\/dogpride.nl\/fr\/wp-json\/wp\/v2\/product_tag?post=74519"}],"curies":[{"name":"wp","href":"https:\/\/api.w.org\/{rel}","templated":true}]}}