{"id":74517,"date":"2021-09-23T13:02:09","date_gmt":"2021-09-23T11:02:09","guid":{"rendered":"https:\/\/dogpride1.wpengine.com\/?post_type=product&#038;p=74517"},"modified":"2021-12-23T15:35:44","modified_gmt":"2021-12-23T14:35:44","slug":"chemlight-lightstick-15-cm-12-uur-geel","status":"publish","type":"product","link":"https:\/\/dogpride.nl\/fr\/chemlight-lightstick-15-cm-12-uur-geel\/","title":{"rendered":"ChemLight Lightstick 15cm - 12h jaune"},"content":{"rendered":"<h4>ChemLight Lightstick 15cm - 12h jaune<\/h4>\n<p>B\u00e2ton lumineux ChemLight 15cm - 12h jaune. B\u00e2ton lumineux \u00e0 usage unique. Fournit un \u00e9clairage brillant \u00e0 360\u00b0 visible jusqu&#039;\u00e0 1,6 km<\/p>\n<p><span class=\"goog-text-highlight\">Activation d&#039;un simple geste en pliant et en secouant le stick<\/span><br \/>\n<span class=\"goog-text-highlight\">L&#039;intensit\u00e9 lumineuse est inversement proportionnelle \u00e0 la dur\u00e9e<\/span><br \/>\n<span class=\"goog-text-highlight\">L\u00e9ger, \u00e9tanche, non toxique (sans phtalates) et ininflammable<\/span><br \/>\n<span class=\"goog-text-highlight\">Ne provoque pas d&#039;\u00e9tincelles<\/span><br \/>\n<span class=\"goog-text-highlight\">Ne g\u00e9n\u00e8re pas de chaleur<\/span><br \/>\n<span class=\"goog-text-highlight\">\u00c9tanche et utile pour la plong\u00e9e - marine<\/span><br \/>\n<span class=\"goog-text-highlight\">Forme hexagonale pour emp\u00eacher le b\u00e2ton de rouler\u00a0<\/span><span class=\"goog-text-highlight\">passe-fil<\/span><br \/>\n<span class=\"goog-text-highlight\">crochet et \u0153illet pour fixation \u00e0 un c\u00e2ble ou \u00e0 une corde<\/span><br \/>\n<span class=\"goog-text-highlight\">Autonomie de la batterie : 12 heures<\/span><br \/>\n<span class=\"goog-text-highlight\">Couleur : Jaune NNO 6260-01-196-0136<\/span><br \/>\n<span class=\"goog-text-highlight\">Longueur : 15,5 cm<\/span><br \/>\n<span class=\"goog-text-highlight\">Poids : 20g<\/span><\/p>","protected":false},"excerpt":{"rendered":"<p>ChemLight\u00ae Lightstick 15 cm \u2013 12 heures jaune. B\u00e2ton lumineux \u00e0 usage unique. Fournit un \u00e9clairage brillant \u00e0 360\u00b0 visible jusqu&#039;\u00e0 1,6 km<\/p>","protected":false},"featured_media":74518,"template":"","meta":[],"product_brand":[],"product_cat":[2919],"product_tag":[],"class_list":{"0":"post-74517","1":"product","2":"type-product","3":"status-publish","4":"has-post-thumbnail","6":"product_cat-verlichting-voor-k9-handlers","8":"first","9":"instock","10":"taxable","11":"shipping-taxable","12":"purchasable","13":"product-type-simple"},"mb":[],"mfb_rest_fields":["title"],"_links":{"self":[{"href":"https:\/\/dogpride.nl\/fr\/wp-json\/wp\/v2\/product\/74517","targetHints":{"allow":["GET"]}}],"collection":[{"href":"https:\/\/dogpride.nl\/fr\/wp-json\/wp\/v2\/product"}],"about":[{"href":"https:\/\/dogpride.nl\/fr\/wp-json\/wp\/v2\/types\/product"}],"wp:featuredmedia":[{"embeddable":true,"href":"https:\/\/dogpride.nl\/fr\/wp-json\/wp\/v2\/media\/74518"}],"wp:attachment":[{"href":"https:\/\/dogpride.nl\/fr\/wp-json\/wp\/v2\/media?parent=74517"}],"wp:term":[{"taxonomy":"product_brand","embeddable":true,"href":"https:\/\/dogpride.nl\/fr\/wp-json\/wp\/v2\/product_brand?post=74517"},{"taxonomy":"product_cat","embeddable":true,"href":"https:\/\/dogpride.nl\/fr\/wp-json\/wp\/v2\/product_cat?post=74517"},{"taxonomy":"product_tag","embeddable":true,"href":"https:\/\/dogpride.nl\/fr\/wp-json\/wp\/v2\/product_tag?post=74517"}],"curies":[{"name":"wp","href":"https:\/\/api.w.org\/{rel}","templated":true}]}}