{"id":74515,"date":"2021-09-23T12:59:25","date_gmt":"2021-09-23T10:59:25","guid":{"rendered":"https:\/\/dogpride1.wpengine.com\/?post_type=product&#038;p=74515"},"modified":"2026-03-19T10:11:37","modified_gmt":"2026-03-19T09:11:37","slug":"chemlight-lightstick-15cm-8uur-wit","status":"publish","type":"product","link":"https:\/\/dogpride.nl\/fr\/chemlight-lightstick-15cm-8uur-wit\/","title":{"rendered":"ChemLight Lightstick 15cm 8uur wit"},"content":{"rendered":"<h4>ChemLight Lightstick 15cm 8uur wit<\/h4>\n<p>ChemLight Lightstick 15cm 8uur wit. Gloeistick voor eenmalig gebruik. Zorgt voor een schitterende 360\u00b0-verlichting die tot 1,6 km zichtbaar is<\/p>\n<p><a href=\"https:\/\/dogpride.nl\/fr\/\"><img loading=\"lazy\" decoding=\"async\" class=\"alignnone\" title=\"ChemLight Lightstick 15cm 8uur wit\" src=\"https:\/\/dogpride.nl\/wp-content\/uploads\/verybig-4501-1.jpg\" alt=\"ChemLight Lightstick 15cm 8uur wit\" width=\"117\" height=\"117\" \/><\/a><\/p>\n<p><span class=\"goog-text-highlight\">Activation d&#039;un simple geste en pliant et en secouant le stick<\/span><br \/>\n<span class=\"goog-text-highlight\">L&#039;intensit\u00e9 lumineuse est inversement proportionnelle \u00e0 la dur\u00e9e<\/span><br \/>\n<span class=\"goog-text-highlight\">L\u00e9ger, \u00e9tanche, non toxique (sans phtalates) et ininflammable<\/span><br \/>\n<span class=\"goog-text-highlight\">Ne provoque pas d&#039;\u00e9tincelles<\/span><br \/>\n<span class=\"goog-text-highlight\">Ne g\u00e9n\u00e8re pas de chaleur<\/span><br \/>\n<span class=\"goog-text-highlight\">\u00c9tanche et utile pour la plong\u00e9e - marine<\/span><br \/>\n<span class=\"goog-text-highlight\">Forme hexagonale pour emp\u00eacher le b\u00e2ton de rouler\u00a0<\/span><span class=\"goog-text-highlight\">Anneau \u00e0 \u0153illet<\/span><br \/>\n<span class=\"goog-text-highlight\">crochet et \u0153illet pour fixation \u00e0 un c\u00e2ble ou \u00e0 une corde<\/span><br \/>\n<span class=\"goog-text-highlight\">Autonomie de la batterie : 8 heures<\/span><br \/>\n<span class=\"goog-text-highlight\">Couleurs : Blanc NNO 6260-01-218-5146<\/span><br \/>\n<span class=\"goog-text-highlight\">Longueur : 15,5 cm<\/span><br \/>\n<span class=\"goog-text-highlight\">Poids : 20g<\/span><\/p>\n<p><a href=\"https:\/\/nl.wikipedia.org\/wiki\/Hoofdpagina\" target=\"_blank\" rel=\"noopener\"><img loading=\"lazy\" decoding=\"async\" class=\"alignnone\" title=\"ChemLight Lightstick 15cm 8uur wit\" src=\"https:\/\/dogpride.nl\/wp-content\/uploads\/verybig-4501-1.jpg\" alt=\"ChemLight Lightstick 15cm 8uur wit\" width=\"117\" height=\"117\" \/><\/a><\/p>","protected":false},"excerpt":{"rendered":"<p>ChemLight\u00ae Lightstick 15 cm \u2013 8 heures blanc. Le b\u00e2ton lumineux \u00e0 usage unique fournit un \u00e9clairage brillant \u00e0 360\u00b0 visible jusqu&#039;\u00e0 1,6 km<\/p>","protected":false},"featured_media":74516,"template":"","meta":[],"product_brand":[],"product_cat":[2919],"product_tag":[8878,8879,8877,7706,2989],"class_list":{"0":"post-74515","1":"product","2":"type-product","3":"status-publish","4":"has-post-thumbnail","6":"product_cat-verlichting-voor-k9-handlers","7":"product_tag-15cm","8":"product_tag-8-uur","9":"product_tag-chemlight","10":"product_tag-lightstick","11":"product_tag-wit","13":"first","14":"instock","15":"taxable","16":"shipping-taxable","17":"purchasable","18":"product-type-simple"},"mb":[],"mfb_rest_fields":["title"],"_links":{"self":[{"href":"https:\/\/dogpride.nl\/fr\/wp-json\/wp\/v2\/product\/74515","targetHints":{"allow":["GET"]}}],"collection":[{"href":"https:\/\/dogpride.nl\/fr\/wp-json\/wp\/v2\/product"}],"about":[{"href":"https:\/\/dogpride.nl\/fr\/wp-json\/wp\/v2\/types\/product"}],"wp:featuredmedia":[{"embeddable":true,"href":"https:\/\/dogpride.nl\/fr\/wp-json\/wp\/v2\/media\/74516"}],"wp:attachment":[{"href":"https:\/\/dogpride.nl\/fr\/wp-json\/wp\/v2\/media?parent=74515"}],"wp:term":[{"taxonomy":"product_brand","embeddable":true,"href":"https:\/\/dogpride.nl\/fr\/wp-json\/wp\/v2\/product_brand?post=74515"},{"taxonomy":"product_cat","embeddable":true,"href":"https:\/\/dogpride.nl\/fr\/wp-json\/wp\/v2\/product_cat?post=74515"},{"taxonomy":"product_tag","embeddable":true,"href":"https:\/\/dogpride.nl\/fr\/wp-json\/wp\/v2\/product_tag?post=74515"}],"curies":[{"name":"wp","href":"https:\/\/api.w.org\/{rel}","templated":true}]}}