{"id":74513,"date":"2021-09-23T12:56:30","date_gmt":"2021-09-23T10:56:30","guid":{"rendered":"https:\/\/dogpride1.wpengine.com\/?post_type=product&#038;p=74513"},"modified":"2021-12-23T15:41:44","modified_gmt":"2021-12-23T14:41:44","slug":"quiqlite-pro-handsfree-lamp-wit-uv-led-10-lumen","status":"publish","type":"product","link":"https:\/\/dogpride.nl\/fr\/quiqlite-pro-handsfree-lamp-wit-uv-led-10-lumen\/","title":{"rendered":"Lampe mains libres QuiqLite-Pro blanche \/ LED UV - 10 Lumen"},"content":{"rendered":"<h4>Lampe mains libres QuiqLite-Pro blanche \/ LED UV - 10 Lumen<\/h4>\n<p>Lampe mains libres QuiqLite-Pro blanche \/ LED UV - 10 Lumen. Lampe mains libres double LED \u00e0 faisceau large r\u00e9glable sur 160\u00b0<\/p>\n<p><span class=\"goog-text-highlight\">La lampe offre un confort d&#039;\u00e9clairage sans \u00e9blouissement pour toute activit\u00e9 d&#039;intervention sur le terrain<\/span><br \/>\n<span class=\"goog-text-highlight\">Intensit\u00e9 lumineuse maximale : 10 lumens<br \/>\nLe plus bas <\/span><span class=\"goog-text-highlight\">autonomie : 40 heures<\/span><br \/>\n<span class=\"goog-text-highlight\">Une intensit\u00e9 lumineuse (10 lm)<\/span><br \/>\n<span class=\"goog-text-highlight\">Mode lumi\u00e8re blanche clignotante (10 lm)<\/span><br \/>\n<span class=\"goog-text-highlight\">Eclairage blanc pour lire et \u00e9crire<\/span><br \/>\n<span class=\"goog-text-highlight\">Eclairage UV pour le contr\u00f4le des billets, des cartes d&#039;identit\u00e9 et la recherche d&#039;empreintes digitales, de traces de sang, de fluides corporels...<\/span><br \/>\n<span class=\"goog-text-highlight\">Arr\u00eat automatique apr\u00e8s 10 minutes<\/span><br \/>\n<span class=\"goog-text-highlight\">\u00c9tanch\u00e9it\u00e9 : norme IPX -4 (r\u00e9sistance aux intemp\u00e9ries)<\/span><br \/>\n<span class=\"goog-text-highlight\">Livr\u00e9 avec deux piles Lithium CR2032 3V non rechargeables r\u00e9f 26595<\/span><br \/>\n<span class=\"goog-text-highlight\">Corps rotatif \u00e0 360\u00b0 sur clip de ceinture magn\u00e9tique et amovible<\/span><br \/>\nFixation ceinture\/sangle (50 mm) et boucle MOLLE<br \/>\nPoids net : 30g (sans piles)<br \/>\nPoids brut\u00a0: 45\u00a0g (avec piles)<br \/>\n1 ann\u00e9e de garantie<\/p>","protected":false},"excerpt":{"rendered":"<p>Lampe mains libres QuiqLite Pro blanche \/ LED UV - 10 Lumen. <span class=\"goog-text-highlight\">\u00c9clairage UV pour le contr\u00f4le des billets, etc.<\/span><\/p>","protected":false},"featured_media":74514,"template":"","meta":[],"product_brand":[],"product_cat":[2919],"product_tag":[],"class_list":{"0":"post-74513","1":"product","2":"type-product","3":"status-publish","4":"has-post-thumbnail","6":"product_cat-verlichting-voor-k9-handlers","8":"first","9":"instock","10":"taxable","11":"shipping-taxable","12":"purchasable","13":"product-type-simple"},"mb":[],"mfb_rest_fields":["title"],"_links":{"self":[{"href":"https:\/\/dogpride.nl\/fr\/wp-json\/wp\/v2\/product\/74513","targetHints":{"allow":["GET"]}}],"collection":[{"href":"https:\/\/dogpride.nl\/fr\/wp-json\/wp\/v2\/product"}],"about":[{"href":"https:\/\/dogpride.nl\/fr\/wp-json\/wp\/v2\/types\/product"}],"wp:featuredmedia":[{"embeddable":true,"href":"https:\/\/dogpride.nl\/fr\/wp-json\/wp\/v2\/media\/74514"}],"wp:attachment":[{"href":"https:\/\/dogpride.nl\/fr\/wp-json\/wp\/v2\/media?parent=74513"}],"wp:term":[{"taxonomy":"product_brand","embeddable":true,"href":"https:\/\/dogpride.nl\/fr\/wp-json\/wp\/v2\/product_brand?post=74513"},{"taxonomy":"product_cat","embeddable":true,"href":"https:\/\/dogpride.nl\/fr\/wp-json\/wp\/v2\/product_cat?post=74513"},{"taxonomy":"product_tag","embeddable":true,"href":"https:\/\/dogpride.nl\/fr\/wp-json\/wp\/v2\/product_tag?post=74513"}],"curies":[{"name":"wp","href":"https:\/\/api.w.org\/{rel}","templated":true}]}}