{"id":74511,"date":"2021-09-23T12:42:54","date_gmt":"2021-09-23T10:42:54","guid":{"rendered":"https:\/\/dogpride1.wpengine.com\/?post_type=product&#038;p=74511"},"modified":"2021-12-23T15:43:03","modified_gmt":"2021-12-23T14:43:03","slug":"quiqlitepro-handsfreelamp-wit-rood-led-10-lumen","status":"publish","type":"product","link":"https:\/\/dogpride.nl\/fr\/quiqlitepro-handsfreelamp-wit-rood-led-10-lumen\/","title":{"rendered":"Lampe mains libres QuiqLitePro LED blanc\/rouge - 10 Lumen"},"content":{"rendered":"<h4>Lampe mains libres QuiqLitePro LED blanc\/rouge - 10 Lumen<\/h4>\n<p>Lampe mains libres QuiqLitePro LED blanche\/rouge - 10 Lumen. Lumi\u00e8re mains libres \u00e0 double DEL<\/p>\n<p><span class=\"goog-text-highlight\">Lampe \u00e0 faisceau large orientable \u00e0 160\u00b0 et offrant un confort d&#039;\u00e9clairage non \u00e9blouissant pour toute activit\u00e9 d&#039;intervention sur le terrain<br \/>\nIntensit\u00e9 lumineuse maximale : 20 lumens<br \/>\nLe plus bas\u00a0<\/span><span class=\"goog-text-highlight\">autonomie : 40 heures<\/span><br \/>\n<span class=\"goog-text-highlight\">Deux intensit\u00e9s lumineuses (10 et 20 lm)<\/span><br \/>\n<span class=\"goog-text-highlight\">Mode clignotant (10 lm)<\/span><br \/>\n<span class=\"goog-text-highlight\">Eclairage blanc pour lire et \u00e9crire<br \/>\nArr\u00eat automatique apr\u00e8s 10 minutes<\/span><br \/>\n<span class=\"goog-text-highlight\">R\u00e9sistance \u00e0 l&#039;eau : norme IPX-4 (r\u00e9sistance aux intemp\u00e9ries)<\/span><br \/>\n<span class=\"goog-text-highlight\">Livr\u00e9 avec deux piles Lithium CR2032 3V non rechargeables r\u00e9f 26595<\/span><br \/>\n<span class=\"goog-text-highlight\">Corps rotatif \u00e0 360\u00b0 sur clip ceinture magn\u00e9tique et amovible<\/span><br \/>\n<span class=\"goog-text-highlight\">Attache pour sangle\/ceinture (50 mm) et MOLLE<\/span><span class=\"goog-text-highlight\">boucle<br \/>\nPoids net : 30g (sans piles)<\/span><br \/>\n<span class=\"goog-text-highlight\">Poids brut\u00a0: 45\u00a0g (avec piles)<br \/>\n<\/span><br \/>\n<span class=\"goog-text-highlight\">1 ann\u00e9e de garantie<\/span><\/p>","protected":false},"excerpt":{"rendered":"<p>Lampe mains libres QuiqLitePro LED blanche\/rouge - 10 Lumen. Lampe \u00e0 faisceau large orientable \u00e0 160\u00b0 et offrant un confort d&#039;\u00e9clairage non \u00e9blouissant.<\/p>","protected":false},"featured_media":74512,"template":"","meta":[],"product_brand":[],"product_cat":[2919],"product_tag":[],"class_list":{"0":"post-74511","1":"product","2":"type-product","3":"status-publish","4":"has-post-thumbnail","6":"product_cat-verlichting-voor-k9-handlers","8":"first","9":"instock","10":"taxable","11":"shipping-taxable","12":"purchasable","13":"product-type-simple"},"mb":[],"mfb_rest_fields":["title"],"_links":{"self":[{"href":"https:\/\/dogpride.nl\/fr\/wp-json\/wp\/v2\/product\/74511","targetHints":{"allow":["GET"]}}],"collection":[{"href":"https:\/\/dogpride.nl\/fr\/wp-json\/wp\/v2\/product"}],"about":[{"href":"https:\/\/dogpride.nl\/fr\/wp-json\/wp\/v2\/types\/product"}],"wp:featuredmedia":[{"embeddable":true,"href":"https:\/\/dogpride.nl\/fr\/wp-json\/wp\/v2\/media\/74512"}],"wp:attachment":[{"href":"https:\/\/dogpride.nl\/fr\/wp-json\/wp\/v2\/media?parent=74511"}],"wp:term":[{"taxonomy":"product_brand","embeddable":true,"href":"https:\/\/dogpride.nl\/fr\/wp-json\/wp\/v2\/product_brand?post=74511"},{"taxonomy":"product_cat","embeddable":true,"href":"https:\/\/dogpride.nl\/fr\/wp-json\/wp\/v2\/product_cat?post=74511"},{"taxonomy":"product_tag","embeddable":true,"href":"https:\/\/dogpride.nl\/fr\/wp-json\/wp\/v2\/product_tag?post=74511"}],"curies":[{"name":"wp","href":"https:\/\/api.w.org\/{rel}","templated":true}]}}