{"id":74506,"date":"2021-09-23T12:06:28","date_gmt":"2021-09-23T10:06:28","guid":{"rendered":"https:\/\/dogpride1.wpengine.com\/?post_type=product&#038;p=74506"},"modified":"2021-12-23T15:46:32","modified_gmt":"2021-12-23T14:46:32","slug":"cyalume-magnetische-militaire-houder-voor-chemlight-en-snaplight-15-cm-lightsticks","status":"publish","type":"product","link":"https:\/\/dogpride.nl\/fr\/cyalume-magnetische-militaire-houder-voor-chemlight-en-snaplight-15-cm-lightsticks\/","title":{"rendered":"Support magn\u00e9tique Cyalume ChemLight et b\u00e2tons lumineux SnapLight 15 cm"},"content":{"rendered":"<h4>Support magn\u00e9tique Cyalume ChemLight et b\u00e2tons lumineux SnapLight 15 cm<\/h4>\n<p>Support magn\u00e9tique Cyalume ChemLight et b\u00e2tons lumineux SnapLight 15 cm<\/p>\n<p><span class=\"goog-text-highlight\">Support magn\u00e9tique pour b\u00e2ton lumineux SnapLight\u00ae<\/span><br \/>\n<span class=\"goog-text-highlight\">Fixation \u00e0 toute surface m\u00e9tallique<\/span><br \/>\n<span class=\"goog-text-highlight\">R\u00e9partition de la lumi\u00e8re \u00e0 360\u00b0<\/span><\/p>","protected":false},"excerpt":{"rendered":"<p>Cyalume Support militaire magn\u00e9tique pour b\u00e2tons lumineux ChemLight\u00ae et SnapLight\u00ae 15 cm. <span class=\"goog-text-highlight\">Fixation \u00e0 toute surface m\u00e9tallique<\/span><\/p>","protected":false},"featured_media":74507,"template":"","meta":[],"product_brand":[],"product_cat":[2919],"product_tag":[],"class_list":{"0":"post-74506","1":"product","2":"type-product","3":"status-publish","4":"has-post-thumbnail","6":"product_cat-verlichting-voor-k9-handlers","8":"first","9":"instock","10":"taxable","11":"shipping-taxable","12":"purchasable","13":"product-type-simple"},"mb":[],"mfb_rest_fields":["title"],"_links":{"self":[{"href":"https:\/\/dogpride.nl\/fr\/wp-json\/wp\/v2\/product\/74506","targetHints":{"allow":["GET"]}}],"collection":[{"href":"https:\/\/dogpride.nl\/fr\/wp-json\/wp\/v2\/product"}],"about":[{"href":"https:\/\/dogpride.nl\/fr\/wp-json\/wp\/v2\/types\/product"}],"wp:featuredmedia":[{"embeddable":true,"href":"https:\/\/dogpride.nl\/fr\/wp-json\/wp\/v2\/media\/74507"}],"wp:attachment":[{"href":"https:\/\/dogpride.nl\/fr\/wp-json\/wp\/v2\/media?parent=74506"}],"wp:term":[{"taxonomy":"product_brand","embeddable":true,"href":"https:\/\/dogpride.nl\/fr\/wp-json\/wp\/v2\/product_brand?post=74506"},{"taxonomy":"product_cat","embeddable":true,"href":"https:\/\/dogpride.nl\/fr\/wp-json\/wp\/v2\/product_cat?post=74506"},{"taxonomy":"product_tag","embeddable":true,"href":"https:\/\/dogpride.nl\/fr\/wp-json\/wp\/v2\/product_tag?post=74506"}],"curies":[{"name":"wp","href":"https:\/\/api.w.org\/{rel}","templated":true}]}}