{"id":74499,"date":"2021-09-23T12:00:42","date_gmt":"2021-09-23T10:00:42","guid":{"rendered":"https:\/\/dogpride1.wpengine.com\/?post_type=product&#038;p=74499"},"modified":"2021-12-23T15:48:29","modified_gmt":"2021-12-23T14:48:29","slug":"oplaadbare-batterij-met-micro-usb-aansluiting-voor-g35-xt12gt-xt12s-xt2cr-lamp","status":"publish","type":"product","link":"https:\/\/dogpride.nl\/fr\/oplaadbare-batterij-met-micro-usb-aansluiting-voor-g35-xt12gt-xt12s-xt2cr-lamp\/","title":{"rendered":"Batterie rechargeable avec connexion micro USB pour lampe G35 \/ XT12GT \/ XT12S \/ XT2CR"},"content":{"rendered":"<h4>Batterie rechargeable avec connexion micro USB pour lampe G35 \/ XT12GT \/ XT12S \/ XT2CR<\/h4>\n<p>Batterie rechargeable avec connexion micro USB pour lampe G35 \/ XT12GT \/ XT12S \/ XT2CR<\/p>\n<p><span class=\"\">Batterie lithium-ion 18650 3.6V 3600mAh<\/span><\/p>\n<p><span class=\"goog-text-highlight\">Une batterie rechargeable pouvant \u00eatre recharg\u00e9e via la connexion micro USB \u00e0 l&#039;aide d&#039;un c\u00e2ble USB amagn\u00e9tique r\u00e9f 99299 (vendu s\u00e9par\u00e9ment)\u00a0<\/span><br \/>\n<span class=\"goog-text-highlight\">Voyant de charge sur le dessus de la batterie (rouge = charge \/ bleu = compl\u00e8tement charg\u00e9)<\/span><\/p>","protected":false},"excerpt":{"rendered":"<p>Batterie rechargeable avec connexion micro USB pour lampe G35 \/ XT12GT \/ XT12S \/ XT2CR. K<span class=\"goog-text-highlight\">peut \u00eatre charg\u00e9 via la connexion micro-USB.<\/span><\/p>","protected":false},"featured_media":74500,"template":"","meta":[],"product_brand":[],"product_cat":[2919],"product_tag":[],"class_list":{"0":"post-74499","1":"product","2":"type-product","3":"status-publish","4":"has-post-thumbnail","6":"product_cat-verlichting-voor-k9-handlers","8":"first","9":"instock","10":"taxable","11":"shipping-taxable","12":"purchasable","13":"product-type-simple"},"mb":[],"mfb_rest_fields":["title"],"_links":{"self":[{"href":"https:\/\/dogpride.nl\/fr\/wp-json\/wp\/v2\/product\/74499","targetHints":{"allow":["GET"]}}],"collection":[{"href":"https:\/\/dogpride.nl\/fr\/wp-json\/wp\/v2\/product"}],"about":[{"href":"https:\/\/dogpride.nl\/fr\/wp-json\/wp\/v2\/types\/product"}],"wp:featuredmedia":[{"embeddable":true,"href":"https:\/\/dogpride.nl\/fr\/wp-json\/wp\/v2\/media\/74500"}],"wp:attachment":[{"href":"https:\/\/dogpride.nl\/fr\/wp-json\/wp\/v2\/media?parent=74499"}],"wp:term":[{"taxonomy":"product_brand","embeddable":true,"href":"https:\/\/dogpride.nl\/fr\/wp-json\/wp\/v2\/product_brand?post=74499"},{"taxonomy":"product_cat","embeddable":true,"href":"https:\/\/dogpride.nl\/fr\/wp-json\/wp\/v2\/product_cat?post=74499"},{"taxonomy":"product_tag","embeddable":true,"href":"https:\/\/dogpride.nl\/fr\/wp-json\/wp\/v2\/product_tag?post=74499"}],"curies":[{"name":"wp","href":"https:\/\/api.w.org\/{rel}","templated":true}]}}