{"id":74495,"date":"2021-09-23T11:57:46","date_gmt":"2021-09-23T09:57:46","guid":{"rendered":"https:\/\/dogpride1.wpengine.com\/?post_type=product&#038;p=74495"},"modified":"2021-12-23T15:58:23","modified_gmt":"2021-12-23T14:58:23","slug":"klarus-mini-tactical-mi7-led-zaklamp-700-lumen","status":"publish","type":"product","link":"https:\/\/dogpride.nl\/fr\/klarus-mini-tactical-mi7-led-zaklamp-700-lumen\/","title":{"rendered":"KLARUS Mini lampe de poche LED tactique Mi7 - 700 lumens"},"content":{"rendered":"<h4>KLARUS Mini lampe de poche LED tactique Mi7 - 700 lumens<\/h4>\n<p>KLARUS Mini lampe de poche LED tactique Mi7 - 700 lumens. Mini lampe torche LED tactique Cree XP-L HI V3 avec clip ceinture<\/p>\n<p><span class=\"goog-text-highlight\">Distance maximale d&#039;\u00e9clairage : 110 m<\/span><br \/>\n<span class=\"goog-text-highlight\">Intensit\u00e9 lumineuse maximale : 700 lumens<\/span><br \/>\n<span class=\"goog-text-highlight\">Autonomie maximale : 67 heures<\/span><br \/>\n<span class=\"goog-text-highlight\">Trois intensit\u00e9s lumineuses (700, 90 et 5 lm)<\/span><br \/>\n<span class=\"goog-text-highlight\">Mode clignotant (700 lm) et mode SOS (90 lm)<\/span><br \/>\n<span class=\"goog-text-highlight\">Fabriqu\u00e9 en alliage d&#039;aluminium de qualit\u00e9 a\u00e9ronautique<\/span><br \/>\n<span class=\"goog-text-highlight\">R\u00e9sistance aux chutes : 1 m de haut<\/p>\n<p>\u00c9tanch\u00e9it\u00e9 : norme IPX-8 (\u00e9tanche \u00e0 l&#039;immersion \u00e0 2 m\u00e8tres de profondeur pendant 30 minutes)<\/span><br \/>\n<span class=\"goog-text-highlight\">Livr\u00e9 avec une pile alcaline non rechargeable LR06\/AA 1,5V r\u00e9f 26582<\/span><br \/>\n<span class=\"goog-text-highlight\">Fourni avec une dragonne, un joint de rechange et un porte-cl\u00e9s<br \/>\n<\/span><span class=\"goog-text-highlight\">Diam\u00e8tre <\/span><span class=\"goog-text-highlight\">t\u00eate : 1,9cm<\/span><br \/>\n<span class=\"goog-text-highlight\">Diam\u00e8tre du bo\u00eetier : 1,8 cm<\/span><br \/>\n<span class=\"goog-text-highlight\">Longueur de la lampe : 8,7 cm<br \/>\n<\/span><br \/>\nPoids net : 30g (sans batterie) Poids brut : 50g (avec batterie)<br \/>\nCouleur noir<br \/>\nGarantie : 5 ans<\/p>","protected":false},"excerpt":{"rendered":"<p>KLARUS Mini lampe de poche LED tactique Mi7 - 700 lumens. <span class=\"goog-text-highlight\">Livr\u00e9 avec une dragonne, un joint de rechange et un porte-cl\u00e9s.<\/span><\/p>","protected":false},"featured_media":74496,"template":"","meta":[],"product_brand":[],"product_cat":[2919],"product_tag":[],"class_list":{"0":"post-74495","1":"product","2":"type-product","3":"status-publish","4":"has-post-thumbnail","6":"product_cat-verlichting-voor-k9-handlers","8":"first","9":"instock","10":"taxable","11":"shipping-taxable","12":"purchasable","13":"product-type-simple"},"exclude_global_add_ons":[],"addons":[],"mb":[],"mfb_rest_fields":["title","exclude_global_add_ons","addons"],"_links":{"self":[{"href":"https:\/\/dogpride.nl\/fr\/wp-json\/wp\/v2\/product\/74495","targetHints":{"allow":["GET"]}}],"collection":[{"href":"https:\/\/dogpride.nl\/fr\/wp-json\/wp\/v2\/product"}],"about":[{"href":"https:\/\/dogpride.nl\/fr\/wp-json\/wp\/v2\/types\/product"}],"wp:featuredmedia":[{"embeddable":true,"href":"https:\/\/dogpride.nl\/fr\/wp-json\/wp\/v2\/media\/74496"}],"wp:attachment":[{"href":"https:\/\/dogpride.nl\/fr\/wp-json\/wp\/v2\/media?parent=74495"}],"wp:term":[{"taxonomy":"product_brand","embeddable":true,"href":"https:\/\/dogpride.nl\/fr\/wp-json\/wp\/v2\/product_brand?post=74495"},{"taxonomy":"product_cat","embeddable":true,"href":"https:\/\/dogpride.nl\/fr\/wp-json\/wp\/v2\/product_cat?post=74495"},{"taxonomy":"product_tag","embeddable":true,"href":"https:\/\/dogpride.nl\/fr\/wp-json\/wp\/v2\/product_tag?post=74495"}],"curies":[{"name":"wp","href":"https:\/\/api.w.org\/{rel}","templated":true}]}}