{"id":74488,"date":"2021-09-23T11:32:58","date_gmt":"2021-09-23T09:32:58","guid":{"rendered":"https:\/\/dogpride1.wpengine.com\/?post_type=product&#038;p=74488"},"modified":"2024-01-17T08:23:03","modified_gmt":"2024-01-17T07:23:03","slug":"klarus-oplaadbare-batterij-micro-usb-aansluiting-voor-ar10-e1-fx10-st15-xt11-xt2c-lamp","status":"publish","type":"product","link":"https:\/\/dogpride.nl\/fr\/klarus-oplaadbare-batterij-micro-usb-aansluiting-voor-ar10-e1-fx10-st15-xt11-xt2c-lamp\/","title":{"rendered":"KLARUS Batterie Rechargeable Prise Micro USB pour Lampe AR10 \/ E1 \/ FX10 \/ ST15 \/ XT11 \/ XT2C"},"content":{"rendered":"<h4>KLARUS Batterie Rechargeable Prise Micro USB pour Lampe AR10 \/ E1 \/ FX10 \/ ST15 \/ XT11 \/ XT2C<\/h4>\n<p><span class=\"\">Prise micro USB batterie rechargeable KLARUS pour lampe AR10 \/ E1 \/ FX10 \/ ST15 \/ XT11 \/ XT2C. Batterie Lithium-Ion 18650 3.6V 2600 mAh rechargeable via la connexion micro-USB avec c\u00e2ble USB amagn\u00e9tique r\u00e9f 99299 (vendu s\u00e9par\u00e9ment)<\/span><br \/>\n<span class=\"\">Adaptateur secteur r\u00e9f 99322 et adaptateur allume-cigare r\u00e9f 99324 vendus s\u00e9par\u00e9ment<\/span><br \/>\n<span class=\"\">Indicateur de charge lumineux sur le dessus de la batterie (rouge = charge \/ bleu = compl\u00e8tement charg\u00e9)<\/span><\/p>","protected":false},"excerpt":{"rendered":"<p>Prise micro USB batterie rechargeable KLARUS pour lampe AR10 \/ E1 \/ FX10 \/ ST15 \/ XT11 \/ XT2C.<\/p>","protected":false},"featured_media":74489,"template":"","meta":[],"product_brand":[],"product_cat":[2919],"product_tag":[],"class_list":{"0":"post-74488","1":"product","2":"type-product","3":"status-publish","4":"has-post-thumbnail","6":"product_cat-verlichting-voor-k9-handlers","8":"first","9":"instock","10":"taxable","11":"shipping-taxable","12":"purchasable","13":"product-type-simple"},"mb":[],"mfb_rest_fields":["title"],"_links":{"self":[{"href":"https:\/\/dogpride.nl\/fr\/wp-json\/wp\/v2\/product\/74488","targetHints":{"allow":["GET"]}}],"collection":[{"href":"https:\/\/dogpride.nl\/fr\/wp-json\/wp\/v2\/product"}],"about":[{"href":"https:\/\/dogpride.nl\/fr\/wp-json\/wp\/v2\/types\/product"}],"wp:featuredmedia":[{"embeddable":true,"href":"https:\/\/dogpride.nl\/fr\/wp-json\/wp\/v2\/media\/74489"}],"wp:attachment":[{"href":"https:\/\/dogpride.nl\/fr\/wp-json\/wp\/v2\/media?parent=74488"}],"wp:term":[{"taxonomy":"product_brand","embeddable":true,"href":"https:\/\/dogpride.nl\/fr\/wp-json\/wp\/v2\/product_brand?post=74488"},{"taxonomy":"product_cat","embeddable":true,"href":"https:\/\/dogpride.nl\/fr\/wp-json\/wp\/v2\/product_cat?post=74488"},{"taxonomy":"product_tag","embeddable":true,"href":"https:\/\/dogpride.nl\/fr\/wp-json\/wp\/v2\/product_tag?post=74488"}],"curies":[{"name":"wp","href":"https:\/\/api.w.org\/{rel}","templated":true}]}}