{"id":74478,"date":"2021-09-23T11:26:44","date_gmt":"2021-09-23T09:26:44","guid":{"rendered":"https:\/\/dogpride1.wpengine.com\/?post_type=product&#038;p=74478"},"modified":"2021-12-23T16:03:32","modified_gmt":"2021-12-23T15:03:32","slug":"klarus-oplaadbare-tactische-zaklamp-xt2cr-led-1600-lumen","status":"publish","type":"product","link":"https:\/\/dogpride.nl\/fr\/klarus-oplaadbare-tactische-zaklamp-xt2cr-led-1600-lumen\/","title":{"rendered":"Lampe de poche tactique rechargeable KLARUS-XT2CR-LED - 1600 Lumens"},"content":{"rendered":"<h4>Lampe de poche tactique rechargeable KLARUS-XT2CR-LED - 1600 Lumens<\/h4>\n<p>Lampe de poche tactique rechargeable KLARUS-XT2CR-LED - 1600 lumens. Lampe de poche LED tactique rechargeable Cree XHP35 HD E4 avec clip de ceinture<\/p>\n<p><span class=\"goog-text-highlight\">Distance maximale d&#039;\u00e9clairage : 240 m<\/span><br \/>\n<span class=\"goog-text-highlight\">Intensit\u00e9 lumineuse maximale : 1600 lumens<\/span><br \/>\n<span class=\"goog-text-highlight\">Autonomie maximale : 200 heures Quatre intensit\u00e9s lumineuses (10, 100, 400 et 1600 lm)<\/span><br \/>\n<span class=\"goog-text-highlight\">Mode clignotant (1600 lm) et mode SOS (100 lm)<\/span><br \/>\n<span class=\"goog-text-highlight\">Fabriqu\u00e9 en alliage d&#039;aluminium Aluminium de qualit\u00e9 a\u00e9ronautique<\/span><br \/>\n<span class=\"goog-text-highlight\">R\u00e9sistance aux chutes : 1 m de haut<\/span><br \/>\n<span class=\"goog-text-highlight\">\u00c9tanch\u00e9it\u00e9 : norme IPX-8 (\u00e9tanche \u00e0 l&#039;immersion \u00e0 2 m\u00e8tres de profondeur pendant 30 minutes)<\/span><br \/>\n<span class=\"goog-text-highlight\">Fourni avec une batterie Lithium-Ion 18650 3.7V 3600 mAh r\u00e9f 99344 Recharge de la batterie lumineuse via c\u00e2ble USB amagn\u00e9tique r\u00e9f 99299 (inclus) Fourni avec une dragonne, un tampon de rechange et un sac en nylon noir avec mousqueton Attache pour ceinture \/ dragonne (50mm) et boucle MOLLE<\/span><br \/>\nDiam\u00e8tre de la t\u00eate : 2,6 cm<br \/>\nDiam\u00e8tre du corps : 2,5 cm<br \/>\nLongueur de la lampe : 14 cm Poids net : 85 g (sans batterie)<br \/>\nPoids brut\u00a0: 135\u00a0g (avec batterie)<br \/>\nCouleur noir<br \/>\nGarantie : 5 ans<\/p>","protected":false},"excerpt":{"rendered":"<p>Lampe torche tactique rechargeable KLARUS XT2CR LED \u2013 1600 Lumen. <span class=\"goog-text-highlight\">Distance maximale d&#039;\u00e9clairage : 240 m<\/span><\/p>","protected":false},"featured_media":74479,"template":"","meta":[],"product_brand":[],"product_cat":[2919],"product_tag":[],"class_list":{"0":"post-74478","1":"product","2":"type-product","3":"status-publish","4":"has-post-thumbnail","6":"product_cat-verlichting-voor-k9-handlers","8":"first","9":"instock","10":"taxable","11":"shipping-taxable","12":"purchasable","13":"product-type-simple"},"mb":[],"mfb_rest_fields":["title"],"_links":{"self":[{"href":"https:\/\/dogpride.nl\/fr\/wp-json\/wp\/v2\/product\/74478","targetHints":{"allow":["GET"]}}],"collection":[{"href":"https:\/\/dogpride.nl\/fr\/wp-json\/wp\/v2\/product"}],"about":[{"href":"https:\/\/dogpride.nl\/fr\/wp-json\/wp\/v2\/types\/product"}],"wp:featuredmedia":[{"embeddable":true,"href":"https:\/\/dogpride.nl\/fr\/wp-json\/wp\/v2\/media\/74479"}],"wp:attachment":[{"href":"https:\/\/dogpride.nl\/fr\/wp-json\/wp\/v2\/media?parent=74478"}],"wp:term":[{"taxonomy":"product_brand","embeddable":true,"href":"https:\/\/dogpride.nl\/fr\/wp-json\/wp\/v2\/product_brand?post=74478"},{"taxonomy":"product_cat","embeddable":true,"href":"https:\/\/dogpride.nl\/fr\/wp-json\/wp\/v2\/product_cat?post=74478"},{"taxonomy":"product_tag","embeddable":true,"href":"https:\/\/dogpride.nl\/fr\/wp-json\/wp\/v2\/product_tag?post=74478"}],"curies":[{"name":"wp","href":"https:\/\/api.w.org\/{rel}","templated":true}]}}