{"id":74469,"date":"2021-09-23T11:14:01","date_gmt":"2021-09-23T09:14:01","guid":{"rendered":"https:\/\/dogpride1.wpengine.com\/?post_type=product&#038;p=74469"},"modified":"2021-12-24T10:16:11","modified_gmt":"2021-12-24T09:16:11","slug":"klarus-niet-magnetisch-usb-oplaadsnoer","status":"publish","type":"product","link":"https:\/\/dogpride.nl\/fr\/klarus-niet-magnetisch-usb-oplaadsnoer\/","title":{"rendered":"C\u00e2ble de charge USB non magn\u00e9tique KLARUS"},"content":{"rendered":"<h4>C\u00e2ble de charge USB non magn\u00e9tique KLARUS<\/h4>\n<p>C\u00e2ble de charge USB non magn\u00e9tique KLARUS.<\/p>\n<p>C\u00e2ble de charge USB non magn\u00e9tique pour lampes et batteries rechargeables avec connexion micro USB<\/p>","protected":false},"excerpt":{"rendered":"<p>C\u00e2ble de charge USB non magn\u00e9tique KLARUS. C\u00e2ble de charge USB non magn\u00e9tique pour lampes et batteries rechargeables avec connexion micro USB<\/p>","protected":false},"featured_media":74470,"template":"","meta":[],"product_brand":[],"product_cat":[2919],"product_tag":[],"class_list":{"0":"post-74469","1":"product","2":"type-product","3":"status-publish","4":"has-post-thumbnail","6":"product_cat-verlichting-voor-k9-handlers","8":"first","9":"instock","10":"taxable","11":"shipping-taxable","12":"purchasable","13":"product-type-simple"},"mb":[],"mfb_rest_fields":["title"],"_links":{"self":[{"href":"https:\/\/dogpride.nl\/fr\/wp-json\/wp\/v2\/product\/74469","targetHints":{"allow":["GET"]}}],"collection":[{"href":"https:\/\/dogpride.nl\/fr\/wp-json\/wp\/v2\/product"}],"about":[{"href":"https:\/\/dogpride.nl\/fr\/wp-json\/wp\/v2\/types\/product"}],"wp:featuredmedia":[{"embeddable":true,"href":"https:\/\/dogpride.nl\/fr\/wp-json\/wp\/v2\/media\/74470"}],"wp:attachment":[{"href":"https:\/\/dogpride.nl\/fr\/wp-json\/wp\/v2\/media?parent=74469"}],"wp:term":[{"taxonomy":"product_brand","embeddable":true,"href":"https:\/\/dogpride.nl\/fr\/wp-json\/wp\/v2\/product_brand?post=74469"},{"taxonomy":"product_cat","embeddable":true,"href":"https:\/\/dogpride.nl\/fr\/wp-json\/wp\/v2\/product_cat?post=74469"},{"taxonomy":"product_tag","embeddable":true,"href":"https:\/\/dogpride.nl\/fr\/wp-json\/wp\/v2\/product_tag?post=74469"}],"curies":[{"name":"wp","href":"https:\/\/api.w.org\/{rel}","templated":true}]}}