{"id":74465,"date":"2021-09-23T11:11:57","date_gmt":"2021-09-23T09:11:57","guid":{"rendered":"https:\/\/dogpride1.wpengine.com\/?post_type=product&#038;p=74465"},"modified":"2021-12-24T10:18:20","modified_gmt":"2021-12-24T09:18:20","slug":"klarus-oplaadbare-zaklamp-xt11s-led-1100-lumen","status":"publish","type":"product","link":"https:\/\/dogpride.nl\/fr\/klarus-oplaadbare-zaklamp-xt11s-led-1100-lumen\/","title":{"rendered":"Lampe de poche rechargeable KLARUS-XT11S-LED - 1100 lumens"},"content":{"rendered":"<h4>Lampe de poche rechargeable KLARUS-XT11S-LED - 1100 lumens<\/h4>\n<p>Lampe de poche rechargeable KLARUS-XT11S-LED - 1100 lumens<\/p>\n<p><span class=\"\">Lampe torche tactique LED rechargeable Cree XP-L HI V3 avec clip ceinture<\/span><\/p>\n<p><span class=\"goog-text-highlight\">Distance maximale d&#039;\u00e9clairage : 330 m<\/span><br \/>\n<span class=\"goog-text-highlight\">max. intensit\u00e9 lumineuse : 1100 lumens<\/span><br \/>\n<span class=\"goog-text-highlight\">Autonomie maximale : 260 heures<\/span><br \/>\n<span class=\"goog-text-highlight\">Quatre intensit\u00e9s lumineuses (10, 100, 400 et 1100 lm)<\/span><br \/>\n<span class=\"goog-text-highlight\">Mode clignotant (1100 lm) et mode SOS (100 lm)<\/span><br \/>\n<span class=\"goog-text-highlight\">Fabriqu\u00e9 en alliage d&#039;aluminium Aluminium de qualit\u00e9 a\u00e9ronautique<\/span><br \/>\n<span class=\"goog-text-highlight\">R\u00e9sistance aux chutes : 1 m de haut<\/span><br \/>\n<span class=\"goog-text-highlight\">\u00c9tanch\u00e9it\u00e9 : norme IPX-8 (\u00e9tanche \u00e0 l&#039;immersion \u00e0 2 m\u00e8tres de profondeur pendant 30 minutes)<\/span><br \/>\n<span class=\"goog-text-highlight\">Livr\u00e9 avec une batterie Lithium-Ion 18650 3.7V 2600 mAh r\u00e9f 99320<\/span><\/p>\n<h4><span class=\"goog-text-highlight\">Charger le <\/span><span class=\"goog-text-highlight\">lampe \u00e0 piles\u00a0<\/span><span class=\"goog-text-highlight\">par c\u00e2ble USB amagn\u00e9tique r\u00e9f 99299 (inclus)<\/span><\/h4>\n<p><span class=\"goog-text-highlight\">Fourni avec une sangle, un joint de rechange et un sac en nylon noir avec mousqueton<\/span><br \/>\nAttache pour laisse \/ laisse (50mm) et boucle MOLLE<br \/>\nAnneau de stabilisation pour emp\u00eacher la lampe de rouler ref 99489 en option<br \/>\nDiam\u00e8tre de la t\u00eate : 3,5 cm<br \/>\nDiam\u00e8tre du corps : 2,5 cm<br \/>\nLongueur de la lampe : 13,9 cm<br \/>\nPoids net : 130g (sans batterie)<br \/>\nPoids brut\u00a0: 175\u00a0g (avec batterie)<br \/>\nCouleur : noir Garantie : 5 ans<\/p>","protected":false},"excerpt":{"rendered":"<p>Lampe de poche tactique rechargeable KLARUS XT11S LED - 1100 lumens. <span class=\"goog-text-highlight\">Distance maximale d&#039;\u00e9clairage : 330 m<\/span><\/p>","protected":false},"featured_media":74466,"template":"","meta":[],"product_brand":[],"product_cat":[2919],"product_tag":[],"class_list":{"0":"post-74465","1":"product","2":"type-product","3":"status-publish","4":"has-post-thumbnail","6":"product_cat-verlichting-voor-k9-handlers","8":"first","9":"instock","10":"taxable","11":"shipping-taxable","12":"purchasable","13":"product-type-simple"},"mb":[],"mfb_rest_fields":["title"],"_links":{"self":[{"href":"https:\/\/dogpride.nl\/fr\/wp-json\/wp\/v2\/product\/74465","targetHints":{"allow":["GET"]}}],"collection":[{"href":"https:\/\/dogpride.nl\/fr\/wp-json\/wp\/v2\/product"}],"about":[{"href":"https:\/\/dogpride.nl\/fr\/wp-json\/wp\/v2\/types\/product"}],"wp:featuredmedia":[{"embeddable":true,"href":"https:\/\/dogpride.nl\/fr\/wp-json\/wp\/v2\/media\/74466"}],"wp:attachment":[{"href":"https:\/\/dogpride.nl\/fr\/wp-json\/wp\/v2\/media?parent=74465"}],"wp:term":[{"taxonomy":"product_brand","embeddable":true,"href":"https:\/\/dogpride.nl\/fr\/wp-json\/wp\/v2\/product_brand?post=74465"},{"taxonomy":"product_cat","embeddable":true,"href":"https:\/\/dogpride.nl\/fr\/wp-json\/wp\/v2\/product_cat?post=74465"},{"taxonomy":"product_tag","embeddable":true,"href":"https:\/\/dogpride.nl\/fr\/wp-json\/wp\/v2\/product_tag?post=74465"}],"curies":[{"name":"wp","href":"https:\/\/api.w.org\/{rel}","templated":true}]}}