{"id":74459,"date":"2021-09-23T11:08:04","date_gmt":"2021-09-23T09:08:04","guid":{"rendered":"https:\/\/dogpride1.wpengine.com\/?post_type=product&#038;p=74459"},"modified":"2021-12-24T10:20:02","modified_gmt":"2021-12-24T09:20:02","slug":"klarus-oplaadbare-zaklamp-xt11gt-led-2000-lumen","status":"publish","type":"product","link":"https:\/\/dogpride.nl\/fr\/klarus-oplaadbare-zaklamp-xt11gt-led-2000-lumen\/","title":{"rendered":"Pince de lampe de poche rechargeable KLARUS-XT11GT-LED - 2000 lumens"},"content":{"rendered":"<h4>Pince de lampe de poche rechargeable KLARUS-XT11GT-LED - 2000 lumens<\/h4>\n<p>Pince de lampe de poche rechargeable KLARUS-XT11GT-LED - 2000 lumens<\/p>\n<p><span class=\"\">Lampe de poche LED tactique rechargeable Cree XHP35 HD E4 avec clip de ceinture<\/span><\/p>\n<p><span class=\"goog-text-highlight\">Distance maximale d&#039;\u00e9clairage : 316 m<\/span><br \/>\n<span class=\"goog-text-highlight\">max. intensit\u00e9 lumineuse : 2000 lumens<\/span><br \/>\n<span class=\"goog-text-highlight\">Autonomie maximale : 170 heures<\/span><br \/>\n<span class=\"goog-text-highlight\">Quatre intensit\u00e9s lumineuses (10, 100, 400 et 2000 lm)<\/span><br \/>\n<span class=\"goog-text-highlight\">Mode clignotant (2000 lm) et mode SOS (100 lm)<\/span><br \/>\n<span class=\"goog-text-highlight\">Fabriqu\u00e9 en alliage d&#039;aluminium Aluminium de qualit\u00e9 a\u00e9ronautique<\/span><br \/>\n<span class=\"goog-text-highlight\">R\u00e9sistance aux chutes : 1 m de haut<\/span><br \/>\n<span class=\"goog-text-highlight\">\u00c9tanch\u00e9it\u00e9 : norme IPX-8 (\u00e9tanche \u00e0 l&#039;immersion \u00e0 2 m\u00e8tres de profondeur pendant 30 minutes)<\/span><br \/>\n<span class=\"goog-text-highlight\">Livr\u00e9 avec une batterie Lithium-Ion 18650 3.6V 3100 mAh r\u00e9f 99371<\/span><br \/>\n<span class=\"goog-text-highlight\">Charger le\u00a0<\/span><span class=\"goog-text-highlight\">lampe \u00e0 piles\u00a0<\/span><span class=\"goog-text-highlight\">par c\u00e2ble USB amagn\u00e9tique r\u00e9f 99299 (inclus)<\/span><br \/>\n<span class=\"goog-text-highlight\">Fourni avec une sangle, un joint de rechange et un sac en nylon noir avec mousqueton<\/span><br \/>\nAttache pour laisse \/ laisse (50mm) et boucle MOLLE<br \/>\nAnneau de stabilisation pour emp\u00eacher la lampe de rouler ref 99489 en option<br \/>\nDiam\u00e8tre de la t\u00eate : 3,5 cm<br \/>\nDiam\u00e8tre du corps : 2,5 cm<br \/>\nLongueur de la lampe : 14,2 cm<br \/>\nPoids net\u00a0: 135\u00a0g (sans batterie)<br \/>\nPoids brut\u00a0: 180\u00a0g (avec batterie)<br \/>\nCouleur noir<br \/>\nGarantie : 5 ans<\/p>","protected":false},"excerpt":{"rendered":"<p>Lampe de poche tactique rechargeable KLARUS XT11GT LED - 2000 lumens. <span class=\"goog-text-highlight\">Quatre intensit\u00e9s lumineuses (10, 100, 400 et 2000 lm)<\/span><\/p>","protected":false},"featured_media":74460,"template":"","meta":[],"product_brand":[],"product_cat":[2919],"product_tag":[],"class_list":{"0":"post-74459","1":"product","2":"type-product","3":"status-publish","4":"has-post-thumbnail","6":"product_cat-verlichting-voor-k9-handlers","8":"first","9":"instock","10":"taxable","11":"shipping-taxable","12":"purchasable","13":"product-type-simple"},"mb":[],"mfb_rest_fields":["title"],"_links":{"self":[{"href":"https:\/\/dogpride.nl\/fr\/wp-json\/wp\/v2\/product\/74459","targetHints":{"allow":["GET"]}}],"collection":[{"href":"https:\/\/dogpride.nl\/fr\/wp-json\/wp\/v2\/product"}],"about":[{"href":"https:\/\/dogpride.nl\/fr\/wp-json\/wp\/v2\/types\/product"}],"wp:featuredmedia":[{"embeddable":true,"href":"https:\/\/dogpride.nl\/fr\/wp-json\/wp\/v2\/media\/74460"}],"wp:attachment":[{"href":"https:\/\/dogpride.nl\/fr\/wp-json\/wp\/v2\/media?parent=74459"}],"wp:term":[{"taxonomy":"product_brand","embeddable":true,"href":"https:\/\/dogpride.nl\/fr\/wp-json\/wp\/v2\/product_brand?post=74459"},{"taxonomy":"product_cat","embeddable":true,"href":"https:\/\/dogpride.nl\/fr\/wp-json\/wp\/v2\/product_cat?post=74459"},{"taxonomy":"product_tag","embeddable":true,"href":"https:\/\/dogpride.nl\/fr\/wp-json\/wp\/v2\/product_tag?post=74459"}],"curies":[{"name":"wp","href":"https:\/\/api.w.org\/{rel}","templated":true}]}}