{"id":74457,"date":"2021-09-23T11:03:37","date_gmt":"2021-09-23T09:03:37","guid":{"rendered":"https:\/\/dogpride1.wpengine.com\/?post_type=product&#038;p=74457"},"modified":"2021-12-24T10:20:52","modified_gmt":"2021-12-24T09:20:52","slug":"klarus-trs1-externe-adapter-voor-360x1-360x3-fx10-xt2cr-xt11-serie-xt12-serie","status":"publish","type":"product","link":"https:\/\/dogpride.nl\/fr\/klarus-trs1-externe-adapter-voor-360x1-360x3-fx10-xt2cr-xt11-serie-xt12-serie\/","title":{"rendered":"Adaptateur externe KLARUS TRS1 pour s\u00e9ries 360X1 \/ 360X3 \/ FX10 \/ XT2CR \/ XT11 \/ XT12"},"content":{"rendered":"<h4>Adaptateur externe KLARUS TRS1 pour s\u00e9ries 360X1 \/ 360X3 \/ FX10 \/ XT2CR \/ XT11 \/ XT12<\/h4>\n<p>Adaptateur externe KLARUS TRS1 pour s\u00e9ries 360X1 \/ 360X3 \/ FX10 \/ XT2CR \/ XT11 \/ XT12<\/p>\n<p><span class=\"\">La soci\u00e9t\u00e9 Klarus est sp\u00e9cialis\u00e9e dans la production de lampes tactiques fonctionnelles \u00e0 usages multiples, ainsi que leurs accessoires pour accompagner les arm\u00e9es et forces arm\u00e9es de l&#039;Ordre dans leurs missions quotidiennes.<\/span><\/p>\n<p><span class=\"\">L&#039;adaptateur d\u00e9port\u00e9 TRS1 est sp\u00e9cialement con\u00e7u pour monter une lampe d&#039;intervention Klarus XT11S r\u00e9f 99298, XT11GT r\u00e9f 99297 ou XT12GT r\u00e9f 99342 sur le rail picatinny de votre arme. <\/span>Il rend votre lampe indispensable lors des op\u00e9rations sur le terrain car elle est \u00e9quip\u00e9e de plusieurs interrupteurs qui activent tous les modes disponibles.<br \/>\nL\u00e9ger et compact, le c\u00e2ble a une forme en spirale et peut \u00eatre \u00e9tir\u00e9 jusqu&#039;\u00e0 55 cm pour la plus large gamme d&#039;armes. Allumage externe TRS1 pour lampe torche tactique 360X1 \/ 360X3 \/ FX10 \/ XT2CR \/ XT11GT \/ XT11S \/ XT11UV \/ XT11X \/ XT12GT \/ XT12S C\u00e2ble spiral\u00e9<br \/>\npour un d\u00e9calage d&#039;allumage jusqu&#039;\u00e0 55 cm<br \/>\nInterrupteur rectangulaire pour un acc\u00e8s direct et rapide au mode clignotant<br \/>\nInterrupteur rond pour un acc\u00e8s direct et rapide \u00e0 l&#039;intensit\u00e9 maximale puis acc\u00e8s aux autres intensit\u00e9s lumineuses gr\u00e2ce au bouton rectangulaire.<\/p>","protected":false},"excerpt":{"rendered":"<p>Adaptateur externe KLARUS TRS1 pour les s\u00e9ries 360X1 \/ 360X3 \/ FX10 \/ XT2CR \/ XT11 \/ XT12. <span class=\"\">Klarus est sp\u00e9cialis\u00e9 dans la production de lampes tactiques fonctionnelles<\/span><\/p>","protected":false},"featured_media":74458,"template":"","meta":[],"product_brand":[],"product_cat":[2919],"product_tag":[],"class_list":{"0":"post-74457","1":"product","2":"type-product","3":"status-publish","4":"has-post-thumbnail","6":"product_cat-verlichting-voor-k9-handlers","8":"first","9":"instock","10":"taxable","11":"shipping-taxable","12":"purchasable","13":"product-type-simple"},"mb":[],"mfb_rest_fields":["title"],"_links":{"self":[{"href":"https:\/\/dogpride.nl\/fr\/wp-json\/wp\/v2\/product\/74457","targetHints":{"allow":["GET"]}}],"collection":[{"href":"https:\/\/dogpride.nl\/fr\/wp-json\/wp\/v2\/product"}],"about":[{"href":"https:\/\/dogpride.nl\/fr\/wp-json\/wp\/v2\/types\/product"}],"wp:featuredmedia":[{"embeddable":true,"href":"https:\/\/dogpride.nl\/fr\/wp-json\/wp\/v2\/media\/74458"}],"wp:attachment":[{"href":"https:\/\/dogpride.nl\/fr\/wp-json\/wp\/v2\/media?parent=74457"}],"wp:term":[{"taxonomy":"product_brand","embeddable":true,"href":"https:\/\/dogpride.nl\/fr\/wp-json\/wp\/v2\/product_brand?post=74457"},{"taxonomy":"product_cat","embeddable":true,"href":"https:\/\/dogpride.nl\/fr\/wp-json\/wp\/v2\/product_cat?post=74457"},{"taxonomy":"product_tag","embeddable":true,"href":"https:\/\/dogpride.nl\/fr\/wp-json\/wp\/v2\/product_tag?post=74457"}],"curies":[{"name":"wp","href":"https:\/\/api.w.org\/{rel}","templated":true}]}}