{"id":74453,"date":"2021-09-23T10:58:26","date_gmt":"2021-09-23T08:58:26","guid":{"rendered":"https:\/\/dogpride1.wpengine.com\/?post_type=product&#038;p=74453"},"modified":"2021-12-24T10:24:56","modified_gmt":"2021-12-24T09:24:56","slug":"klarus-oplaadbare-ar10-led-zaklamp-1080-lumen","status":"publish","type":"product","link":"https:\/\/dogpride.nl\/fr\/klarus-oplaadbare-ar10-led-zaklamp-1080-lumen\/","title":{"rendered":"Lampe de poche LED AR10 rechargeable KLARUS - 1080 lumens"},"content":{"rendered":"<h4>Lampe de poche LED AR10 rechargeable KLARUS - 1080 lumens<\/h4>\n<p>Lampe de poche LED AR10 rechargeable KLARUS - 1080 lumens<\/p>\n<p>Lampe LED rechargeable Cree XM-L2 U2 avec t\u00eate orientable jusqu&#039;\u00e0 90\u00b0 avec clip ceinture<br \/>\nBase magn\u00e9tique pour stabiliser la lampe lors d&#039;une utilisation mains libres<br \/>\nDistance maximale d&#039;\u00e9clairage : 153 m<br \/>\nmax. intensit\u00e9 lumineuse : 1080 lumens<br \/>\nAutonomie maximale : 220 heures<br \/>\nQuatre intensit\u00e9s lumineuses (10, 150, 450 et 1080 lm)<br \/>\nMode clignotant (1080 lm) et mode SOS (150 lm)<br \/>\nFabriqu\u00e9 en alliage d&#039;aluminium de qualit\u00e9 a\u00e9ronautique<br \/>\nR\u00e9sistance aux chutes : 1 m de haut<br \/>\n\u00c9tanch\u00e9it\u00e9 : norme IPX 8 (\u00e9tanche \u00e0 l&#039;immersion \u00e0 2 m\u00e8tres de profondeur pendant 30 minutes)<br \/>\nLivr\u00e9 avec une batterie Lithium-Ion 18650 3.7V 2600 mAh r\u00e9f 99320<br \/>\n<span class=\"goog-text-highlight\">Chargement de la lampe avec un c\u00e2ble USB amagn\u00e9tique r\u00e9f 99299 (inclus)<\/span><br \/>\n<span class=\"goog-text-highlight\">Fourni avec une roue de secours et un joint<br \/>\n<\/span><span class=\"goog-text-highlight\">Diam\u00e8tre de la t\u00eate<\/span><span class=\"goog-text-highlight\">: 2.5cm<\/span><br \/>\n<span class=\"goog-text-highlight\">Diam\u00e8tre du corps : 2,4 cm<\/span><br \/>\n<span class=\"goog-text-highlight\">Longueur du bulbe : 14,4 cm<\/span><br \/>\n<span class=\"goog-text-highlight\">Poids net\u00a0: 100\u00a0g (sans batterie)<\/span><br \/>\n<span class=\"goog-text-highlight\">Poids brut\u00a0: 145\u00a0g (avec batterie)<\/span><br \/>\n<span class=\"goog-text-highlight\">Couleur noir<\/span><br \/>\n<span class=\"goog-text-highlight\">Garantie : 5 ans<\/span><\/p>\n<p>Besoin de plus de lumi\u00e8re ? Alors jetez un oeil \u00e0 la <a href=\"https:\/\/dogpride.nl\/fr\/produit\/klarus-oplaadbare-zaklamp-xt11gt-led-2000-lumen\/\">Lampe de poche tactique rechargeable KLARUS XT11GT LED - 2000 lumens<\/a><\/p>\n<p>&nbsp;<\/p>\n<p><a href=\"https:\/\/devrolijkekwispel.nl\/\" target=\"_blank\" rel=\"noopener\">Dogpride NL parraine Kelly Albers<\/a><\/p>\n<p><em>Je (Kelly Albers) suis active dans le secteur animal depuis 2015. Apr\u00e8s avoir suivi plusieurs formations, avoir acquis de nombreuses ann\u00e9es d&#039;exp\u00e9rience dans les sports canins et avoir travaill\u00e9 pour plusieurs entreprises animali\u00e8res pendant plusieurs ann\u00e9es.<\/em><br \/>\n<em>En mai 2018, j&#039;ai atteint un sommet dans ma carri\u00e8re de sport canin. Je suis devenu champion du monde WDSF dans la classe ipo2 et j&#039;ai ensuite particip\u00e9 au championnat n\u00e9erlandais toutes races.<\/em><\/p>","protected":false},"excerpt":{"rendered":"<p>Lampe de poche tactique LED AR10 rechargeable KLARUS - 1080 lumens. Lampe LED rechargeable Cree XM-L2 U2 avec t\u00eate orientable jusqu&#039;\u00e0 90\u00b0 avec clip ceinture<\/p>","protected":false},"featured_media":74454,"template":"","meta":[],"product_brand":[],"product_cat":[2919],"product_tag":[],"class_list":{"0":"post-74453","1":"product","2":"type-product","3":"status-publish","4":"has-post-thumbnail","6":"product_cat-verlichting-voor-k9-handlers","8":"first","9":"instock","10":"taxable","11":"shipping-taxable","12":"purchasable","13":"product-type-simple"},"mb":[],"mfb_rest_fields":["title"],"_links":{"self":[{"href":"https:\/\/dogpride.nl\/fr\/wp-json\/wp\/v2\/product\/74453","targetHints":{"allow":["GET"]}}],"collection":[{"href":"https:\/\/dogpride.nl\/fr\/wp-json\/wp\/v2\/product"}],"about":[{"href":"https:\/\/dogpride.nl\/fr\/wp-json\/wp\/v2\/types\/product"}],"wp:featuredmedia":[{"embeddable":true,"href":"https:\/\/dogpride.nl\/fr\/wp-json\/wp\/v2\/media\/74454"}],"wp:attachment":[{"href":"https:\/\/dogpride.nl\/fr\/wp-json\/wp\/v2\/media?parent=74453"}],"wp:term":[{"taxonomy":"product_brand","embeddable":true,"href":"https:\/\/dogpride.nl\/fr\/wp-json\/wp\/v2\/product_brand?post=74453"},{"taxonomy":"product_cat","embeddable":true,"href":"https:\/\/dogpride.nl\/fr\/wp-json\/wp\/v2\/product_cat?post=74453"},{"taxonomy":"product_tag","embeddable":true,"href":"https:\/\/dogpride.nl\/fr\/wp-json\/wp\/v2\/product_tag?post=74453"}],"curies":[{"name":"wp","href":"https:\/\/api.w.org\/{rel}","templated":true}]}}