{"id":74451,"date":"2021-09-23T10:39:44","date_gmt":"2021-09-23T08:39:44","guid":{"rendered":"https:\/\/dogpride1.wpengine.com\/?post_type=product&#038;p=74451"},"modified":"2023-10-26T12:08:17","modified_gmt":"2023-10-26T10:08:17","slug":"klarus-oplaadbare-tactische-zaklamp-xt11x-led-3200-lumen","status":"publish","type":"product","link":"https:\/\/dogpride.nl\/fr\/klarus-oplaadbare-tactische-zaklamp-xt11x-led-3200-lumen\/","title":{"rendered":"Lampe de poche rechargeable KLARUS-XT11X LED-3200 Lumens"},"content":{"rendered":"<h4>Lampe de poche rechargeable KLARUS-XT11X LED-3200 Lumens<\/h4>\n<p>Lampe de poche rechargeable KLARUS-XT11X LED-3200 Lumens<\/p>\n<p>Lampe de poche tactique LED rechargeable Cree XHP70.2 P2 avec clip de ceinture<br \/>\nDistance maximale d&#039;\u00e9clairage : 283 m<br \/>\nmax. intensit\u00e9 lumineuse : 3200 lumens<br \/>\nAutonomie maximale : 82 heures<br \/>\nQuatre intensit\u00e9s lumineuses (15, 100, 400 et 3200 lm)<br \/>\nMode clignotant (3200 lm) et mode SOS (100 lm)<br \/>\nFabriqu\u00e9 en alliage d&#039;aluminium de qualit\u00e9 a\u00e9ronautique<br \/>\nR\u00e9sistance aux chutes : 1 m de haut<br \/>\n\u00c9tanch\u00e9it\u00e9 : norme IPX-8 (\u00e9tanche \u00e0 l&#039;immersion \u00e0 2 m\u00e8tres de profondeur pendant 30 minutes)<br \/>\nLivr\u00e9 avec une batterie lithium -Ion 18650 3.6V 3100 mAh ref 99371<br \/>\nChargement de la lampe avec c\u00e2ble USB amagn\u00e9tique r\u00e9f 99299 (inclus)<br \/>\n<span class=\"goog-text-highlight\">Livr\u00e9 avec une dragonne, un joint de rechange et un \u00e9tui de transport en nylon noir avec mousqueton<\/span><br \/>\n<span class=\"goog-text-highlight\">Attache pour ceinture \/ ceinture (50 mm) et MOLLE-<\/span><br \/>\n<span class=\"goog-text-highlight\">boucle\u00a0<\/span><span class=\"goog-text-highlight\">Diam\u00e8tre de la t\u00eate\u00a0<\/span><span class=\"goog-text-highlight\">: 4.1cm<\/span><br \/>\n<span class=\"goog-text-highlight\">Diam\u00e8tre du corps : 2,5 cm<\/span><br \/>\n<span class=\"goog-text-highlight\">Longueur du bulbe : 15,1 cm<\/span><br \/>\n<span class=\"goog-text-highlight\">Poids net\u00a0: 135\u00a0g (sans batterie)<\/span><br \/>\n<span class=\"goog-text-highlight\">Poids brut\u00a0: 180\u00a0g (avec batterie)<\/span><br \/>\n<span class=\"goog-text-highlight\">Couleur noir<\/span><br \/>\n<span class=\"goog-text-highlight\">Garantie : 5 ans<\/span><\/p>\n<p><a href=\"https:\/\/dogpride.nl\/fr\/produit\/klarus-oplaadbare-batterij-micro-usb-aansluiting-voor-ar10-e1-fx10-st15-xt11-xt2c-lamp\/\">Regardez ici pour les piles rechargeables assorties. Connexion micro USB de la batterie rechargeable KLARUS<\/a><\/p>\n<p>&nbsp;<\/p>\n<p><a href=\"https:\/\/devrolijkekwispel.nl\/\" target=\"_blank\" rel=\"noopener\">Dogpride NL parraine Kelly Albers<\/a><\/p>\n<p><em>Je (Kelly Albers) suis active dans le secteur animal depuis 2015. Apr\u00e8s avoir suivi plusieurs formations, avoir acquis de nombreuses ann\u00e9es d&#039;exp\u00e9rience dans les sports canins et avoir travaill\u00e9 pour plusieurs entreprises animali\u00e8res pendant plusieurs ann\u00e9es.<\/em><br \/>\n<em>En mai 2018, j&#039;ai atteint un sommet dans ma carri\u00e8re de sport canin. Je suis devenu champion du monde WDSF dans la classe ipo2 et j&#039;ai ensuite particip\u00e9 au championnat n\u00e9erlandais toutes races.<\/em><\/p>","protected":false},"excerpt":{"rendered":"<p>Lampe de poche tactique rechargeable KLARUS XT11X LED - 3200 lumens. Distance maximale d&#039;\u00e9clairage : 283 m<\/p>","protected":false},"featured_media":74452,"template":"","meta":[],"product_brand":[],"product_cat":[2919],"product_tag":[],"class_list":{"0":"post-74451","1":"product","2":"type-product","3":"status-publish","4":"has-post-thumbnail","6":"product_cat-verlichting-voor-k9-handlers","8":"first","9":"instock","10":"taxable","11":"shipping-taxable","12":"purchasable","13":"product-type-simple"},"mb":[],"mfb_rest_fields":["title"],"_links":{"self":[{"href":"https:\/\/dogpride.nl\/fr\/wp-json\/wp\/v2\/product\/74451","targetHints":{"allow":["GET"]}}],"collection":[{"href":"https:\/\/dogpride.nl\/fr\/wp-json\/wp\/v2\/product"}],"about":[{"href":"https:\/\/dogpride.nl\/fr\/wp-json\/wp\/v2\/types\/product"}],"wp:featuredmedia":[{"embeddable":true,"href":"https:\/\/dogpride.nl\/fr\/wp-json\/wp\/v2\/media\/74452"}],"wp:attachment":[{"href":"https:\/\/dogpride.nl\/fr\/wp-json\/wp\/v2\/media?parent=74451"}],"wp:term":[{"taxonomy":"product_brand","embeddable":true,"href":"https:\/\/dogpride.nl\/fr\/wp-json\/wp\/v2\/product_brand?post=74451"},{"taxonomy":"product_cat","embeddable":true,"href":"https:\/\/dogpride.nl\/fr\/wp-json\/wp\/v2\/product_cat?post=74451"},{"taxonomy":"product_tag","embeddable":true,"href":"https:\/\/dogpride.nl\/fr\/wp-json\/wp\/v2\/product_tag?post=74451"}],"curies":[{"name":"wp","href":"https:\/\/api.w.org\/{rel}","templated":true}]}}