{"id":74450,"date":"2021-09-23T10:35:15","date_gmt":"2021-09-23T08:35:15","guid":{"rendered":"https:\/\/dogpride1.wpengine.com\/?post_type=product&#038;p=74450"},"modified":"2021-12-27T09:52:16","modified_gmt":"2021-12-27T08:52:16","slug":"oplaadbare-batterij-voor-tactikka-lamp","status":"publish","type":"product","link":"https:\/\/dogpride.nl\/fr\/oplaadbare-batterij-voor-tactikka-lamp\/","title":{"rendered":"Batterie rechargeable pour lampe Tactikka"},"content":{"rendered":"<h4>Batterie rechargeable pour lampe Tactikka<\/h4>\n<p>Batterie rechargeable pour lampe Tactikka<\/p>\n<p><span class=\"goog-text-highlight\">Une batterie rechargeable Lithium-Ion 3.6V 1250 mAh pour lampe frontale Tactikka ou Tactikka + RGB. Rechargeable via c\u00e2ble USB (inclus)<\/span><br \/>\n<span class=\"goog-text-highlight\">Adaptateur secteur r\u00e9f 99322 et adaptateur allume-cigare r\u00e9f 99324 vendus s\u00e9par\u00e9ment<\/span><\/p>","protected":false},"excerpt":{"rendered":"<p>Batterie rechargeable pour lampe Tactikka. <span class=\"goog-text-highlight\">Batterie rechargeable Lithium-Ion 3.6V 1250 mAh pour lampe frontale Tactikka ou Tactikka + RGB rechargeable via c\u00e2ble USB (inclus)<\/span><\/p>","protected":false},"featured_media":74444,"template":"","meta":[],"product_brand":[],"product_cat":[2919],"product_tag":[],"class_list":{"0":"post-74450","1":"product","2":"type-product","3":"status-publish","4":"has-post-thumbnail","6":"product_cat-verlichting-voor-k9-handlers","8":"first","9":"instock","10":"taxable","11":"shipping-taxable","12":"purchasable","13":"product-type-simple"},"mb":[],"mfb_rest_fields":["title"],"_links":{"self":[{"href":"https:\/\/dogpride.nl\/fr\/wp-json\/wp\/v2\/product\/74450","targetHints":{"allow":["GET"]}}],"collection":[{"href":"https:\/\/dogpride.nl\/fr\/wp-json\/wp\/v2\/product"}],"about":[{"href":"https:\/\/dogpride.nl\/fr\/wp-json\/wp\/v2\/types\/product"}],"wp:featuredmedia":[{"embeddable":true,"href":"https:\/\/dogpride.nl\/fr\/wp-json\/wp\/v2\/media\/74444"}],"wp:attachment":[{"href":"https:\/\/dogpride.nl\/fr\/wp-json\/wp\/v2\/media?parent=74450"}],"wp:term":[{"taxonomy":"product_brand","embeddable":true,"href":"https:\/\/dogpride.nl\/fr\/wp-json\/wp\/v2\/product_brand?post=74450"},{"taxonomy":"product_cat","embeddable":true,"href":"https:\/\/dogpride.nl\/fr\/wp-json\/wp\/v2\/product_cat?post=74450"},{"taxonomy":"product_tag","embeddable":true,"href":"https:\/\/dogpride.nl\/fr\/wp-json\/wp\/v2\/product_tag?post=74450"}],"curies":[{"name":"wp","href":"https:\/\/api.w.org\/{rel}","templated":true}]}}