{"id":74438,"date":"2021-09-23T10:16:12","date_gmt":"2021-09-23T08:16:12","guid":{"rendered":"https:\/\/dogpride1.wpengine.com\/?post_type=product&#038;p=74438"},"modified":"2021-12-27T10:07:22","modified_gmt":"2021-12-27T09:07:22","slug":"hoofdlamp-hybride-verlichting-2-kleuren-tactikka-tan","status":"publish","type":"product","link":"https:\/\/dogpride.nl\/fr\/hoofdlamp-hybride-verlichting-2-kleuren-tactikka-tan\/","title":{"rendered":"Lampe frontale Eclairage hybride - 2 couleurs Tactikka+tan"},"content":{"rendered":"<h4>Lampe frontale Eclairage hybride - 2 couleurs Tactikka+tan<\/h4>\n<p>Lampe frontale Eclairage hybride - 2 couleurs Tactikka+tan<\/p>\n<p>Lampe frontale compacte avec \u00e9clairage bicolore \u00e0 faisceau large<\/p>\n<p>Lampe frontale avec une grande polyvalence d&#039;\u00e9clairage pour voir loin ou assurer une visibilit\u00e9 dans l&#039;obscurit\u00e9 tout en gardant la discr\u00e9tion<br \/>\nDistance maximale d&#039;\u00e9clairage : 70 m<br \/>\nIntensit\u00e9 lumineuse maximale : 250 lumens<br \/>\nAutonomie minimale : 260 heures<br \/>\nQuatre intensit\u00e9s lumineuses (5, 100 et 250 lm en \u00e9clairage blanc et 2 lm en lumi\u00e8re rouge)<br \/>\nMode clignotant au feu rouge (400 heures visible \u00e0 700 m)<br \/>\nR\u00e9sistance \u00e0 l&#039;eau : norme IPX-4 (r\u00e9sistance aux intemp\u00e9ries)<\/p>\n<p><span class=\"goog-text-highlight\">Livr\u00e9 avec trois piles alcalines non rechargeables LR03 \/ AAA 1,5V r\u00e9f 26581<\/span><br \/>\n<span class=\"goog-text-highlight\">La lampe peut \u00e9galement \u00eatre aliment\u00e9e par une batterie Lithium-Ion Core 3.6V 1250 mAh r\u00e9f 27345 (vendue s\u00e9par\u00e9ment) qui<\/span><br \/>\n<span class=\"goog-text-highlight\">est directement rechargeable via la connexion USB int\u00e9gr\u00e9e (c\u00e2ble fourni avec la batterie)<\/span><\/p>\n<p><span class=\"goog-text-highlight\">Fourni avec un bandeau \u00e9lastique r\u00e9glable avec boucle \u00e0 d\u00e9gagement rapide pour faciliter<\/span><br \/>\n<span class=\"goog-text-highlight\">montage Peut \u00eatre mont\u00e9 sur un casque \u00e0 l&#039;aide de l&#039;adaptateur r\u00e9f 27331 (vendu s\u00e9par\u00e9ment)<\/span><br \/>\n<span class=\"goog-text-highlight\">Poids net : 50g (sans piles)<\/span><br \/>\n<span class=\"goog-text-highlight\">Poids brut\u00a0: 85\u00a0g (avec piles)<\/span><br \/>\n<span class=\"goog-text-highlight\">Couleur marron<\/span><br \/>\n<span class=\"goog-text-highlight\">Garantie : 5 ans<\/span><\/p>\n<p><a href=\"https:\/\/dogpride.nl\/fr\/produit\/oplaadbare-batterij-voor-tactikka-lamp\/\">Regardez ici pour une batterie rechargeable assortie.<\/a><\/p>\n<p>&nbsp;<\/p>\n<p><a href=\"https:\/\/devrolijkekwispel.nl\/\" target=\"_blank\" rel=\"noopener\">Dogpride NL parraine Kelly Albers<\/a><\/p>\n<p><em>Je (Kelly Albers) suis active dans le secteur animal depuis 2015. Apr\u00e8s avoir suivi plusieurs formations, avoir acquis de nombreuses ann\u00e9es d&#039;exp\u00e9rience dans les sports canins et avoir travaill\u00e9 pour plusieurs entreprises animali\u00e8res pendant plusieurs ann\u00e9es.<\/em><br \/>\n<em>En mai 2018, j&#039;ai atteint un sommet dans ma carri\u00e8re de sport canin. Je suis devenu champion du monde WDSF dans la classe ipo2 et j&#039;ai ensuite particip\u00e9 au championnat n\u00e9erlandais toutes races.<\/em><\/p>","protected":false},"excerpt":{"rendered":"<p>Lampe frontale Eclairage hybride 2 couleurs Tactikka + tan. Quatre intensit\u00e9s lumineuses (5, 100 et 250 lm en \u00e9clairage blanc et 2 lm en lumi\u00e8re rouge)<\/p>","protected":false},"featured_media":74439,"template":"","meta":[],"product_brand":[],"product_cat":[2919],"product_tag":[],"class_list":{"0":"post-74438","1":"product","2":"type-product","3":"status-publish","4":"has-post-thumbnail","6":"product_cat-verlichting-voor-k9-handlers","8":"first","9":"instock","10":"taxable","11":"shipping-taxable","12":"purchasable","13":"product-type-simple"},"mb":[],"mfb_rest_fields":["title"],"_links":{"self":[{"href":"https:\/\/dogpride.nl\/fr\/wp-json\/wp\/v2\/product\/74438","targetHints":{"allow":["GET"]}}],"collection":[{"href":"https:\/\/dogpride.nl\/fr\/wp-json\/wp\/v2\/product"}],"about":[{"href":"https:\/\/dogpride.nl\/fr\/wp-json\/wp\/v2\/types\/product"}],"wp:featuredmedia":[{"embeddable":true,"href":"https:\/\/dogpride.nl\/fr\/wp-json\/wp\/v2\/media\/74439"}],"wp:attachment":[{"href":"https:\/\/dogpride.nl\/fr\/wp-json\/wp\/v2\/media?parent=74438"}],"wp:term":[{"taxonomy":"product_brand","embeddable":true,"href":"https:\/\/dogpride.nl\/fr\/wp-json\/wp\/v2\/product_brand?post=74438"},{"taxonomy":"product_cat","embeddable":true,"href":"https:\/\/dogpride.nl\/fr\/wp-json\/wp\/v2\/product_cat?post=74438"},{"taxonomy":"product_tag","embeddable":true,"href":"https:\/\/dogpride.nl\/fr\/wp-json\/wp\/v2\/product_tag?post=74438"}],"curies":[{"name":"wp","href":"https:\/\/api.w.org\/{rel}","templated":true}]}}