{"id":74418,"date":"2021-09-23T09:48:00","date_gmt":"2021-09-23T07:48:00","guid":{"rendered":"https:\/\/dogpride1.wpengine.com\/?post_type=product&#038;p=74418"},"modified":"2023-03-27T08:30:51","modified_gmt":"2023-03-27T06:30:51","slug":"maglite-lamp-in-diverse-uitvoeringen","status":"publish","type":"product","link":"https:\/\/dogpride.nl\/fr\/maglite-lamp-in-diverse-uitvoeringen\/","title":{"rendered":"Lampe Maglite en diff\u00e9rentes versions"},"content":{"rendered":"<h4 class=\"txt-title-fichier\">Lampe Maglite en diff\u00e9rentes versions<\/h4>\n<p><span class=\"\">Lampe Maglite en diff\u00e9rentes versions.<\/span><br \/>\nLa gamme Mag Lite : l&#039;originale con\u00e7ue pour un usage professionnel.<br \/>\nMag Lite, des produits qui ont rapidement atteint l&#039;excellence et sont devenus uniques gr\u00e2ce \u00e0 des techniques de production avanc\u00e9es, efficaces et innovantes. La sup\u00e9riorit\u00e9 des lampes MagLite est reconnue dans le monde entier par les professionnels et les particuliers.<br \/>\nAnodisation interne et externe pour une r\u00e9sistance accrue.<br \/>\nNormes anti-corrosion et anti-d\u00e9flagrantes am\u00e9ricaines.<br \/>\nJoints toriques sur tous les filetages pour une \u00e9tanch\u00e9it\u00e9 parfaite.<br \/>\nFaisceau lumineux modulaire.<\/p>\n<p>Disponible dans les mod\u00e8les :<\/p>\n<p><span class=\"goog-text-highlight\">ML2 &gt; <b>Longueur:<\/b>\u00a025cm<br \/>\nML3 &gt; <b>Longueur:<\/b>\u00a031cm<br \/>\nML4 &gt; <b>Longueur:<\/b>\u00a037cm<br \/>\nML5 &gt; <b>Longueur:<\/b>\u00a043cm<br \/>\nML6 &gt; <b><span class=\"\">Longueur:<\/span><\/b><span class=\"\">\u00a049cm<\/span><br \/>\n<\/span><\/p>\n<p>Ampoules de rechange Krypton disponibles pour tous les mod\u00e8les<\/p>\n<p><a href=\"https:\/\/dogpride.nl\/fr\/produit\/verkeerskegel-voor-maglite\/\">Regardez ici pour un c\u00f4ne de signalisation assorti en rouge et blanc<\/a><\/p>\n<p>&nbsp;<\/p>\n<p><a href=\"https:\/\/devrolijkekwispel.nl\/\" target=\"_blank\" rel=\"noopener\">Dogpride NL parraine Kelly Albers<\/a><\/p>\n<p><em>Je (Kelly Albers) suis active dans le secteur animal depuis 2015. Apr\u00e8s avoir suivi plusieurs formations, avoir acquis de nombreuses ann\u00e9es d&#039;exp\u00e9rience dans les sports canins et avoir travaill\u00e9 pour plusieurs entreprises animali\u00e8res pendant plusieurs ann\u00e9es.<\/em><br \/>\n<em>En mai 2018, j&#039;ai atteint un sommet dans ma carri\u00e8re de sport canin. Je suis devenu champion du monde WDSF dans la classe ipo2 et j&#039;ai ensuite particip\u00e9 au championnat n\u00e9erlandais toutes races.<\/em><\/p>","protected":false},"excerpt":{"rendered":"<p class=\"txt-title-fichier\"><span class=\"goog-text-highlight\">Lampe Maglite. La sup\u00e9riorit\u00e9 des lampes MagLite est reconnue dans le monde entier par les professionnels et les particuliers.<\/span><\/p>","protected":false},"featured_media":74419,"template":"","meta":[],"product_brand":[],"product_cat":[2919],"product_tag":[],"class_list":{"0":"post-74418","1":"product","2":"type-product","3":"status-publish","4":"has-post-thumbnail","6":"product_cat-verlichting-voor-k9-handlers","8":"first","9":"instock","10":"taxable","11":"shipping-taxable","12":"purchasable","13":"product-type-variable"},"mb":[],"mfb_rest_fields":["title"],"_links":{"self":[{"href":"https:\/\/dogpride.nl\/fr\/wp-json\/wp\/v2\/product\/74418","targetHints":{"allow":["GET"]}}],"collection":[{"href":"https:\/\/dogpride.nl\/fr\/wp-json\/wp\/v2\/product"}],"about":[{"href":"https:\/\/dogpride.nl\/fr\/wp-json\/wp\/v2\/types\/product"}],"wp:featuredmedia":[{"embeddable":true,"href":"https:\/\/dogpride.nl\/fr\/wp-json\/wp\/v2\/media\/74419"}],"wp:attachment":[{"href":"https:\/\/dogpride.nl\/fr\/wp-json\/wp\/v2\/media?parent=74418"}],"wp:term":[{"taxonomy":"product_brand","embeddable":true,"href":"https:\/\/dogpride.nl\/fr\/wp-json\/wp\/v2\/product_brand?post=74418"},{"taxonomy":"product_cat","embeddable":true,"href":"https:\/\/dogpride.nl\/fr\/wp-json\/wp\/v2\/product_cat?post=74418"},{"taxonomy":"product_tag","embeddable":true,"href":"https:\/\/dogpride.nl\/fr\/wp-json\/wp\/v2\/product_tag?post=74418"}],"curies":[{"name":"wp","href":"https:\/\/api.w.org\/{rel}","templated":true}]}}